{"id":106363,"date":"2022-09-07T16:51:53","date_gmt":"2022-09-07T14:51:53","guid":{"rendered":"https:\/\/ww3.onetoonecf.com\/?page_id=106363"},"modified":"2026-02-27T13:02:44","modified_gmt":"2026-02-27T12:02:44","slug":"mas-que-numeros","status":"publish","type":"page","link":"https:\/\/www.onetoonecf.com\/es\/mas-que-numeros\/","title":{"rendered":"M\u00e1s que n\u00fameros"},"content":{"rendered":"\t\t<div data-elementor-type=\"wp-page\" data-elementor-id=\"106363\" class=\"elementor elementor-106363 elementor-133609\" data-elementor-post-type=\"page\">\n\t\t\t\t<div class=\"elementor-element elementor-element-19bf438 e-flex e-con-boxed e-con e-parent\" data-id=\"19bf438\" data-element_type=\"container\" data-e-type=\"container\">\n\t\t\t\t\t<div class=\"e-con-inner\">\n\t\t<div class=\"elementor-element elementor-element-fab4015 e-con-full e-flex e-con e-child\" data-id=\"fab4015\" data-element_type=\"container\" data-e-type=\"container\" data-settings=\"{&quot;background_background&quot;:&quot;classic&quot;}\">\n\t\t<div class=\"elementor-element elementor-element-a6245e4 e-con-full e-flex e-con e-child\" data-id=\"a6245e4\" data-element_type=\"container\" data-e-type=\"container\">\n\t\t\t\t<div class=\"elementor-element elementor-element-51768b5 elementor-widget elementor-widget-heading\" data-id=\"51768b5\" data-element_type=\"widget\" data-e-type=\"widget\" data-widget_type=\"heading.default\">\n\t\t\t\t\t<span class=\"elementor-heading-title elementor-size-default\">Una empresa no es solo n\u00fameros, es historias<\/span>\t\t\t\t<\/div>\n\t\t\t\t<\/div>\n\t\t\t\t<\/div>\n\t\t\t\t\t<\/div>\n\t\t\t\t<\/div>\n\t\t<div class=\"elementor-element elementor-element-d63b6f5 e-flex e-con-boxed e-con e-parent\" data-id=\"d63b6f5\" data-element_type=\"container\" data-e-type=\"container\">\n\t\t\t\t\t<div class=\"e-con-inner\">\n\t\t<div class=\"elementor-element elementor-element-fec233e e-con-full e-flex e-con e-child\" data-id=\"fec233e\" data-element_type=\"container\" data-e-type=\"container\" data-settings=\"{&quot;background_background&quot;:&quot;classic&quot;}\">\n\t\t\t\t<div class=\"elementor-element elementor-element-9041d72 elementor-widget elementor-widget-heading\" data-id=\"9041d72\" data-element_type=\"widget\" data-e-type=\"widget\" data-widget_type=\"heading.default\">\n\t\t\t\t\t<h2 class=\"elementor-heading-title elementor-size-default\">Una empresa es mucho m\u00e1s que n\u00fameros<\/h2>\t\t\t\t<\/div>\n\t\t\t\t<\/div>\n\t\t\t\t\t<\/div>\n\t\t\t\t<\/div>\n\t\t<div class=\"elementor-element elementor-element-bd090ba e-flex e-con-boxed e-con e-parent\" data-id=\"bd090ba\" data-element_type=\"container\" data-e-type=\"container\">\n\t\t\t\t\t<div class=\"e-con-inner\">\n\t\t<div class=\"elementor-element elementor-element-c3cc2b9 e-con-full e-flex e-con e-child\" data-id=\"c3cc2b9\" data-element_type=\"container\" data-e-type=\"container\">\n\t\t\t\t<div class=\"elementor-element elementor-element-6d77123 elementor-widget elementor-widget-text-editor\" data-id=\"6d77123\" data-element_type=\"widget\" data-e-type=\"widget\" data-widget_type=\"text-editor.default\">\n\t\t\t\t\t\t\t\t\t<p>Tu compa\u00f1\u00eda no son solo sus productos, sus servicios y sus balances. T\u00fa, que la construiste y la has visto crecer, lo sabes mejor que nadie. Una empresa es mucho m\u00e1s que n\u00fameros, son\u00a0<strong>las historias de toda una vida<\/strong>. Gracias a tu esfuerzo, creaste tu empresa, pero tambi\u00e9n mucho m\u00e1s. Pudiste crear una familia. No solo levantaste una empresa.\u00a0<strong>Levantaste una vida<\/strong>.<\/p>\t\t\t\t\t\t\t\t<\/div>\n\t\t\t\t<\/div>\n\t\t\t\t\t<\/div>\n\t\t\t\t<\/div>\n\t\t<div class=\"elementor-element elementor-element-e17000e e-flex e-con-boxed e-con e-parent\" data-id=\"e17000e\" data-element_type=\"container\" data-e-type=\"container\">\n\t\t\t\t\t<div class=\"e-con-inner\">\n\t\t<div class=\"elementor-element elementor-element-fc08c6e e-grid e-con-full e-con e-child\" data-id=\"fc08c6e\" data-element_type=\"container\" data-e-type=\"container\">\n\t\t<div class=\"elementor-element elementor-element-0f72522 e-con-full e-flex e-con e-child\" data-id=\"0f72522\" data-element_type=\"container\" data-e-type=\"container\">\n\t\t\t\t<div class=\"elementor-element elementor-element-f78953b elementor-widget elementor-widget-heading\" data-id=\"f78953b\" data-element_type=\"widget\" data-e-type=\"widget\" data-widget_type=\"heading.default\">\n\t\t\t\t\t<h2 class=\"elementor-heading-title elementor-size-default\">Ayer, hoy...\n<p>\u00bfy ma\u00f1ana?<\/h2>\t\t\t\t<\/div>\n\t\t\t\t<div class=\"elementor-element elementor-element-10d0274 elementor-widget elementor-widget-image\" data-id=\"10d0274\" data-element_type=\"widget\" data-e-type=\"widget\" data-widget_type=\"image.default\">\n\t\t\t\t\t\t\t\t\t\t\t\t\t\t\t<img fetchpriority=\"high\" decoding=\"async\" width=\"601\" height=\"400\" src=\"https:\/\/www.onetoonecf.com\/wp-content\/uploads\/sites\/16\/2026\/02\/family-walking-together-in-sunny-park-601x400.jpg\" class=\"attachment-large size-large wp-image-133613\" alt=\"\" srcset=\"https:\/\/www.onetoonecf.com\/wp-content\/uploads\/sites\/16\/2026\/02\/family-walking-together-in-sunny-park-601x400.jpg 601w, https:\/\/www.onetoonecf.com\/wp-content\/uploads\/sites\/16\/2026\/02\/family-walking-together-in-sunny-park-300x200.jpg 300w, https:\/\/www.onetoonecf.com\/wp-content\/uploads\/sites\/16\/2026\/02\/family-walking-together-in-sunny-park-768x511.jpg 768w, https:\/\/www.onetoonecf.com\/wp-content\/uploads\/sites\/16\/2026\/02\/family-walking-together-in-sunny-park.jpg 970w\" sizes=\"(max-width: 601px) 100vw, 601px\" \/>\t\t\t\t\t\t\t\t\t\t\t\t\t\t\t<\/div>\n\t\t\t\t<div class=\"elementor-element elementor-element-a8d8bc1 elementor-widget elementor-widget-text-editor\" data-id=\"a8d8bc1\" data-element_type=\"widget\" data-e-type=\"widget\" data-widget_type=\"text-editor.default\">\n\t\t\t\t\t\t\t\t\t<p>Gracias a tu visi\u00f3n,<strong>\u00a0muchas vidas han prosperado<\/strong>. \u00bfCu\u00e1ntos puestos de trabajo has creado? \u00bfCu\u00e1nto ha beneficiado tu esfuerzo a tu comunidad? \u00bfCu\u00e1ntas familias tienen miembros que han crecido gracias a tu empresa? Es el momento de retirarte, \u00bfc\u00f3mo puedes\u00a0<strong>dar continuidad<\/strong>\u00a0a tantas historias?<\/p>\t\t\t\t\t\t\t\t<\/div>\n\t\t\t\t<\/div>\n\t\t<div class=\"elementor-element elementor-element-174a78f e-con-full e-flex e-con e-child\" data-id=\"174a78f\" data-element_type=\"container\" data-e-type=\"container\">\n\t\t\t\t<div class=\"elementor-element elementor-element-9f82d49 elementor-widget elementor-widget-heading\" data-id=\"9f82d49\" data-element_type=\"widget\" data-e-type=\"widget\" data-widget_type=\"heading.default\">\n\t\t\t\t\t<h2 class=\"elementor-heading-title elementor-size-default\">Ap\u00f3yate en otros\npara continuar la historia\n<\/h2>\t\t\t\t<\/div>\n\t\t\t\t<div class=\"elementor-element elementor-element-9c191c5 elementor-widget elementor-widget-image\" data-id=\"9c191c5\" data-element_type=\"widget\" data-e-type=\"widget\" data-widget_type=\"image.default\">\n\t\t\t\t\t\t\t\t\t\t\t\t\t\t\t<img decoding=\"async\" width=\"599\" height=\"400\" src=\"https:\/\/www.onetoonecf.com\/wp-content\/uploads\/sites\/16\/2026\/02\/pexels-fauxels-3182781-599x400.jpg\" class=\"attachment-large size-large wp-image-133612\" alt=\"\" srcset=\"https:\/\/www.onetoonecf.com\/wp-content\/uploads\/sites\/16\/2026\/02\/pexels-fauxels-3182781-599x400.jpg 599w, https:\/\/www.onetoonecf.com\/wp-content\/uploads\/sites\/16\/2026\/02\/pexels-fauxels-3182781-300x200.jpg 300w, https:\/\/www.onetoonecf.com\/wp-content\/uploads\/sites\/16\/2026\/02\/pexels-fauxels-3182781-768x513.jpg 768w, https:\/\/www.onetoonecf.com\/wp-content\/uploads\/sites\/16\/2026\/02\/pexels-fauxels-3182781-1536x1025.jpg 1536w, https:\/\/www.onetoonecf.com\/wp-content\/uploads\/sites\/16\/2026\/02\/pexels-fauxels-3182781-2048x1367.jpg 2048w\" sizes=\"(max-width: 599px) 100vw, 599px\" \/>\t\t\t\t\t\t\t\t\t\t\t\t\t\t\t<\/div>\n\t\t\t\t<div class=\"elementor-element elementor-element-f757e9f elementor-widget elementor-widget-text-editor\" data-id=\"f757e9f\" data-element_type=\"widget\" data-e-type=\"widget\" data-widget_type=\"text-editor.default\">\n\t\t\t\t\t\t\t\t\t<p>Una empresa es todo lo que ha costado levantarla. T\u00fa lo sabes mejor que nadie. Para\u00a0<strong>asegurar tu legado<\/strong>\u00a0y la\u00a0<strong>recompensa a todo ese esfuerzo<\/strong>, debes encontrar al comprador adecuado. Rode\u00e1ndote del mejor equipo de asesores podr\u00e1s materializar el fruto de toda una vida de trabajo y garantizar la continuidad de tu visi\u00f3n.<\/p>\t\t\t\t\t\t\t\t<\/div>\n\t\t\t\t<\/div>\n\t\t<div class=\"elementor-element elementor-element-84dc0bc e-con-full e-flex e-con e-child\" data-id=\"84dc0bc\" data-element_type=\"container\" data-e-type=\"container\">\n\t\t\t\t<div class=\"elementor-element elementor-element-b9612dc elementor-widget elementor-widget-heading\" data-id=\"b9612dc\" data-element_type=\"widget\" data-e-type=\"widget\" data-widget_type=\"heading.default\">\n\t\t\t\t\t<h2 class=\"elementor-heading-title elementor-size-default\">Descansa consolidando el\nmejor futuro para tu empresa<\/h2>\t\t\t\t<\/div>\n\t\t\t\t<div class=\"elementor-element elementor-element-028ffb9 elementor-widget elementor-widget-image\" data-id=\"028ffb9\" data-element_type=\"widget\" data-e-type=\"widget\" data-widget_type=\"image.default\">\n\t\t\t\t\t\t\t\t\t\t\t\t\t\t\t<img decoding=\"async\" width=\"600\" height=\"400\" src=\"https:\/\/www.onetoonecf.com\/wp-content\/uploads\/sites\/16\/2026\/02\/pexels-mikhail-nilov-8307520-600x400.jpg\" class=\"attachment-large size-large wp-image-133611\" alt=\"\" srcset=\"https:\/\/www.onetoonecf.com\/wp-content\/uploads\/sites\/16\/2026\/02\/pexels-mikhail-nilov-8307520-600x400.jpg 600w, https:\/\/www.onetoonecf.com\/wp-content\/uploads\/sites\/16\/2026\/02\/pexels-mikhail-nilov-8307520-300x200.jpg 300w, https:\/\/www.onetoonecf.com\/wp-content\/uploads\/sites\/16\/2026\/02\/pexels-mikhail-nilov-8307520-768x512.jpg 768w, https:\/\/www.onetoonecf.com\/wp-content\/uploads\/sites\/16\/2026\/02\/pexels-mikhail-nilov-8307520-1536x1024.jpg 1536w, https:\/\/www.onetoonecf.com\/wp-content\/uploads\/sites\/16\/2026\/02\/pexels-mikhail-nilov-8307520-2048x1365.jpg 2048w\" sizes=\"(max-width: 600px) 100vw, 600px\" \/>\t\t\t\t\t\t\t\t\t\t\t\t\t\t\t<\/div>\n\t\t\t\t<div class=\"elementor-element elementor-element-f473e0b elementor-widget elementor-widget-text-editor\" data-id=\"f473e0b\" data-element_type=\"widget\" data-e-type=\"widget\" data-widget_type=\"text-editor.default\">\n\t\t\t\t\t\t\t\t\t<p>Emprendiste un camino que nadie antes hab\u00eda recorrido. Ahora llegas a la meta, pero a\u00fan puede haber\u00a0<strong>nuevos horizontes para tu empresa<\/strong>. El comprador adecuado puede aportar sinergias que mejoren sus servicios, diversifiquen la producci\u00f3n y abran nuevos mercados.\u00a0<strong>La historia de tu empresa puede continuar y crecer<\/strong>.<\/p>\t\t\t\t\t\t\t\t<\/div>\n\t\t\t\t<\/div>\n\t\t\t\t<\/div>\n\t\t\t\t\t<\/div>\n\t\t\t\t<\/div>\n\t\t<div class=\"elementor-element elementor-element-b588696 e-flex e-con-boxed e-con e-parent\" data-id=\"b588696\" data-element_type=\"container\" data-e-type=\"container\">\n\t\t\t\t\t<div class=\"e-con-inner\">\n\t\t\t\t<div class=\"elementor-element elementor-element-8aa788a elementor-widget-divider--view-line elementor-widget elementor-widget-divider\" data-id=\"8aa788a\" data-element_type=\"widget\" data-e-type=\"widget\" data-widget_type=\"divider.default\">\n\t\t\t\t\t\t\t<div class=\"elementor-divider\">\n\t\t\t<span class=\"elementor-divider-separator\">\n\t\t\t\t\t\t<\/span>\n\t\t<\/div>\n\t\t\t\t\t\t<\/div>\n\t\t\t\t\t<\/div>\n\t\t\t\t<\/div>\n\t\t<div class=\"elementor-element elementor-element-2ccfb66 e-flex e-con-boxed e-con e-parent\" data-id=\"2ccfb66\" data-element_type=\"container\" data-e-type=\"container\">\n\t\t\t\t\t<div class=\"e-con-inner\">\n\t\t<div class=\"elementor-element elementor-element-fd0c77a e-con-full e-flex e-con e-child\" data-id=\"fd0c77a\" data-element_type=\"container\" data-e-type=\"container\">\n\t\t\t\t<div class=\"elementor-element elementor-element-3887dcc elementor-widget elementor-widget-text-editor\" data-id=\"3887dcc\" data-element_type=\"widget\" data-e-type=\"widget\" data-widget_type=\"text-editor.default\">\n\t\t\t\t\t\t\t\t\t<p>La vida se ve marcada por esas primeras veces, tambi\u00e9n vender\u00e1s tu empresa por primera vez. Ese momento puede ser el primer cap\u00edtulo de una nueva historia para ti\u00a0 y el comienzo de una nueva vida para tu empresa.<\/p>\t\t\t\t\t\t\t\t<\/div>\n\t\t\t\t<\/div>\n\t\t\t\t\t<\/div>\n\t\t\t\t<\/div>\n\t\t<div class=\"elementor-element elementor-element-f970b5a e-flex e-con-boxed e-con e-parent\" data-id=\"f970b5a\" data-element_type=\"container\" data-e-type=\"container\">\n\t\t\t\t\t<div class=\"e-con-inner\">\n\t\t<div class=\"elementor-element elementor-element-6ebcdb5 e-grid e-con-full e-con e-child\" data-id=\"6ebcdb5\" data-element_type=\"container\" data-e-type=\"container\">\n\t\t<div class=\"elementor-element elementor-element-1ffb1ee e-con-full e-flex e-con e-child\" data-id=\"1ffb1ee\" data-element_type=\"container\" data-e-type=\"container\">\n\t\t\t\t<div class=\"elementor-element elementor-element-e27af29 elementor-widget elementor-widget-heading\" data-id=\"e27af29\" data-element_type=\"widget\" data-e-type=\"widget\" data-widget_type=\"heading.default\">\n\t\t\t\t\t<h2 class=\"elementor-heading-title elementor-size-default\">ONEtoONE te ayuda a crear tu mejor recuerdo. \u00a1Descubre c\u00f3mo en un solo clic!<\/h2>\t\t\t\t<\/div>\n\t\t<div class=\"elementor-element elementor-element-92cfa5e e-con-full e-flex e-con e-child\" data-id=\"92cfa5e\" data-element_type=\"container\" data-e-type=\"container\">\n\t\t\t\t<div class=\"elementor-element elementor-element-5ce8536 elementor-widget elementor-widget-shortcode\" data-id=\"5ce8536\" data-element_type=\"widget\" data-e-type=\"widget\" data-widget_type=\"shortcode.default\">\n\t\t\t\t\t\t\t<div class=\"elementor-shortcode\">\r\n\t\t<form id=\"d20093a8-d62a-4331-af62-0461c0116dbd\" class=\"signupAndDownloadForm\">\r\n\t\t\t<input type=\"hidden\" name=\"MauticSegment\" value=\"371\" \/>\r\n\t\t\t<input type=\"hidden\" name=\"fileURL\" value=\"\/wp-content\/uploads\/sites\/10\/2022\/09\/ONEtoONE-Una-empresa-es-mucho-mas-que-numeros.pdf\" \/>\r\n\t\t\t<div class=\"sep\"><\/div>\r\n\t\t\t<div class=\"inputsNewsletter\">\r\n\t\t\t\t<input type=\"text\" data-type=\"name\" placeholder=\"Nombre\" name=\"SubscriptionFormName\" Required=\"required\" \/><br\/><br\/>\r\n\t\t\t\t<input type=\"email\" data-type=\"email\" placeholder=\"Correo electr\u00f3nico\" name=\"SubscriptionFormEmail\" Required=\"required\" \/><br\/><br\/>\r\n\t\t\t\t<div class=\"checkboxy\">\r\n\t\t\t\t\t<label class=\"terms\"><input name=\"cecky\" value=\"1\" type=\"checkbox\" required=\"required\" \/>&nbsp;<a href=\"\/merger-and-acquisitions-privacy-policy\/\" target=\"_blank\">He le\u00eddo y aceptado la pol\u00edtica de privacidad y cookies de ONEtoONE<\/a><\/label>\r\n\t\t\t\t<\/div>\r\n\t\t\t\t<div style=\"text-align: right;\">\r\n\t\t\t\t\t<input type=\"submit\" name=\"Submit\" value=\"SUSCRIBIRSE Y DESCARGAR\">\r\n\t\t\t\t<\/div>\r\n\t\t\t<\/div>\r\n\t\t<\/form>\r\n<script>jQuery(\"#d20093a8-d62a-4331-af62-0461c0116dbd\").on(\"submit\", function(event){signupAndDownloadForm(event);});<\/script><\/div>\n\t\t\t\t\t\t<\/div>\n\t\t\t\t<\/div>\n\t\t\t\t<\/div>\n\t\t\t\t<div class=\"elementor-element elementor-element-02a8819 elementor-widget__width-inherit elementor-widget elementor-widget-image\" data-id=\"02a8819\" data-element_type=\"widget\" data-e-type=\"widget\" data-widget_type=\"image.default\">\n\t\t\t\t\t\t\t\t\t\t\t\t\t\t\t<img decoding=\"async\" src=\"https:\/\/www.onetoonecf.com\/wp-content\/uploads\/sites\/10\/2022\/09\/iMAGEN-DESCARGABLE-500x400.jpg\" title=\"\" alt=\"\" loading=\"lazy\" \/>\t\t\t\t\t\t\t\t\t\t\t\t\t\t\t<\/div>\n\t\t\t\t<\/div>\n\t\t\t\t\t<\/div>\n\t\t\t\t<\/div>\n\t\t\t\t<\/div>\n\t\t","protected":false},"excerpt":{"rendered":"<p>Una empresa no es solo n\u00fameros, es historias Una empresa es mucho m\u00e1s que n\u00fameros Tu compa\u00f1\u00eda no son solo sus productos, sus servicios y sus balances. T\u00fa, que la construiste y la has visto crecer, lo sabes mejor que nadie. Una empresa es mucho m\u00e1s que n\u00fameros, son\u00a0las historias de toda una vida. Gracias [&hellip;]<\/p>\n","protected":false},"author":4,"featured_media":0,"parent":0,"menu_order":0,"comment_status":"closed","ping_status":"closed","template":"","meta":{"_joinchat":[],"footnotes":""},"class_list":["post-106363","page","type-page","status-publish","hentry"],"yoast_head":"<!-- This site is optimized with the Yoast SEO plugin v27.6 - https:\/\/yoast.com\/product\/yoast-seo-wordpress\/ -->\n<title>M\u00e1s que n\u00fameros - ONEtoONE Corporate Finance<\/title>\n<meta name=\"robots\" content=\"index, follow, max-snippet:-1, max-image-preview:large, max-video-preview:-1\" \/>\n<link rel=\"canonical\" href=\"https:\/\/www.onetoonecf.com\/es\/mas-que-numeros\/\" \/>\n<meta property=\"og:locale\" content=\"es_ES\" \/>\n<meta property=\"og:type\" content=\"article\" \/>\n<meta property=\"og:title\" content=\"M\u00e1s que n\u00fameros - ONEtoONE Corporate Finance\" \/>\n<meta property=\"og:description\" content=\"Una empresa no es solo n\u00fameros, es historias Una empresa es mucho m\u00e1s que n\u00fameros Tu compa\u00f1\u00eda no son solo sus productos, sus servicios y sus balances. T\u00fa, que la construiste y la has visto crecer, lo sabes mejor que nadie. Una empresa es mucho m\u00e1s que n\u00fameros, son\u00a0las historias de toda una vida. Gracias [&hellip;]\" \/>\n<meta property=\"og:url\" content=\"https:\/\/www.onetoonecf.com\/es\/mas-que-numeros\/\" \/>\n<meta property=\"og:site_name\" content=\"ONEtoONE Corporate Finance\" \/>\n<meta property=\"article:modified_time\" content=\"2026-02-27T12:02:44+00:00\" \/>\n<meta property=\"og:image\" content=\"https:\/\/www.onetoonecf.com\/wp-content\/uploads\/sites\/16\/2026\/02\/family-walking-together-in-sunny-park.jpg\" \/>\n\t<meta property=\"og:image:width\" content=\"970\" \/>\n\t<meta property=\"og:image:height\" content=\"646\" \/>\n\t<meta property=\"og:image:type\" content=\"image\/jpeg\" \/>\n<meta name=\"twitter:card\" content=\"summary_large_image\" \/>\n<meta name=\"twitter:label1\" content=\"Tiempo de lectura\" \/>\n\t<meta name=\"twitter:data1\" content=\"2 minutos\" \/>\n<script type=\"application\/ld+json\" class=\"yoast-schema-graph\">{\"@context\":\"https:\\\/\\\/schema.org\",\"@graph\":[{\"@type\":\"WebPage\",\"@id\":\"https:\\\/\\\/www.onetoonecf.com\\\/es\\\/mas-que-numeros\\\/\",\"url\":\"https:\\\/\\\/www.onetoonecf.com\\\/es\\\/mas-que-numeros\\\/\",\"name\":\"M\u00e1s que n\u00fameros - ONEtoONE Corporate Finance\",\"isPartOf\":{\"@id\":\"https:\\\/\\\/www.onetoonecf.com\\\/es\\\/#website\"},\"primaryImageOfPage\":{\"@id\":\"https:\\\/\\\/www.onetoonecf.com\\\/es\\\/mas-que-numeros\\\/#primaryimage\"},\"image\":{\"@id\":\"https:\\\/\\\/www.onetoonecf.com\\\/es\\\/mas-que-numeros\\\/#primaryimage\"},\"thumbnailUrl\":\"https:\\\/\\\/www.onetoonecf.com\\\/wp-content\\\/uploads\\\/sites\\\/16\\\/2026\\\/02\\\/family-walking-together-in-sunny-park-601x400.jpg\",\"datePublished\":\"2022-09-07T14:51:53+00:00\",\"dateModified\":\"2026-02-27T12:02:44+00:00\",\"breadcrumb\":{\"@id\":\"https:\\\/\\\/www.onetoonecf.com\\\/es\\\/mas-que-numeros\\\/#breadcrumb\"},\"inLanguage\":\"es\",\"potentialAction\":[{\"@type\":\"ReadAction\",\"target\":[\"https:\\\/\\\/www.onetoonecf.com\\\/es\\\/mas-que-numeros\\\/\"]}]},{\"@type\":\"ImageObject\",\"inLanguage\":\"es\",\"@id\":\"https:\\\/\\\/www.onetoonecf.com\\\/es\\\/mas-que-numeros\\\/#primaryimage\",\"url\":\"https:\\\/\\\/www.onetoonecf.com\\\/wp-content\\\/uploads\\\/sites\\\/16\\\/2026\\\/02\\\/family-walking-together-in-sunny-park-601x400.jpg\",\"contentUrl\":\"https:\\\/\\\/www.onetoonecf.com\\\/wp-content\\\/uploads\\\/sites\\\/16\\\/2026\\\/02\\\/family-walking-together-in-sunny-park-601x400.jpg\"},{\"@type\":\"BreadcrumbList\",\"@id\":\"https:\\\/\\\/www.onetoonecf.com\\\/es\\\/mas-que-numeros\\\/#breadcrumb\",\"itemListElement\":[{\"@type\":\"ListItem\",\"position\":1,\"name\":\"Home\",\"item\":\"https:\\\/\\\/www.onetoonecf.com\\\/es\\\/new-home-2025\\\/\"},{\"@type\":\"ListItem\",\"position\":2,\"name\":\"M\u00e1s que n\u00fameros\"}]},{\"@type\":\"WebSite\",\"@id\":\"https:\\\/\\\/www.onetoonecf.com\\\/es\\\/#website\",\"url\":\"https:\\\/\\\/www.onetoonecf.com\\\/es\\\/\",\"name\":\"ONEtoONE Corporate Finance\",\"description\":\"\",\"potentialAction\":[{\"@type\":\"SearchAction\",\"target\":{\"@type\":\"EntryPoint\",\"urlTemplate\":\"https:\\\/\\\/www.onetoonecf.com\\\/es\\\/?s={search_term_string}\"},\"query-input\":{\"@type\":\"PropertyValueSpecification\",\"valueRequired\":true,\"valueName\":\"search_term_string\"}}],\"inLanguage\":\"es\"}]}<\/script>\n<!-- \/ Yoast SEO plugin. -->","yoast_head_json":{"title":"M\u00e1s que n\u00fameros - ONEtoONE Corporate Finance","robots":{"index":"index","follow":"follow","max-snippet":"max-snippet:-1","max-image-preview":"max-image-preview:large","max-video-preview":"max-video-preview:-1"},"canonical":"https:\/\/www.onetoonecf.com\/es\/mas-que-numeros\/","og_locale":"es_ES","og_type":"article","og_title":"M\u00e1s que n\u00fameros - ONEtoONE Corporate Finance","og_description":"Una empresa no es solo n\u00fameros, es historias Una empresa es mucho m\u00e1s que n\u00fameros Tu compa\u00f1\u00eda no son solo sus productos, sus servicios y sus balances. T\u00fa, que la construiste y la has visto crecer, lo sabes mejor que nadie. Una empresa es mucho m\u00e1s que n\u00fameros, son\u00a0las historias de toda una vida. Gracias [&hellip;]","og_url":"https:\/\/www.onetoonecf.com\/es\/mas-que-numeros\/","og_site_name":"ONEtoONE Corporate Finance","article_modified_time":"2026-02-27T12:02:44+00:00","og_image":[{"width":970,"height":646,"url":"https:\/\/www.onetoonecf.com\/wp-content\/uploads\/sites\/16\/2026\/02\/family-walking-together-in-sunny-park.jpg","type":"image\/jpeg"}],"twitter_card":"summary_large_image","twitter_misc":{"Tiempo de lectura":"2 minutos"},"schema":{"@context":"https:\/\/schema.org","@graph":[{"@type":"WebPage","@id":"https:\/\/www.onetoonecf.com\/es\/mas-que-numeros\/","url":"https:\/\/www.onetoonecf.com\/es\/mas-que-numeros\/","name":"M\u00e1s que n\u00fameros - ONEtoONE Corporate Finance","isPartOf":{"@id":"https:\/\/www.onetoonecf.com\/es\/#website"},"primaryImageOfPage":{"@id":"https:\/\/www.onetoonecf.com\/es\/mas-que-numeros\/#primaryimage"},"image":{"@id":"https:\/\/www.onetoonecf.com\/es\/mas-que-numeros\/#primaryimage"},"thumbnailUrl":"https:\/\/www.onetoonecf.com\/wp-content\/uploads\/sites\/16\/2026\/02\/family-walking-together-in-sunny-park-601x400.jpg","datePublished":"2022-09-07T14:51:53+00:00","dateModified":"2026-02-27T12:02:44+00:00","breadcrumb":{"@id":"https:\/\/www.onetoonecf.com\/es\/mas-que-numeros\/#breadcrumb"},"inLanguage":"es","potentialAction":[{"@type":"ReadAction","target":["https:\/\/www.onetoonecf.com\/es\/mas-que-numeros\/"]}]},{"@type":"ImageObject","inLanguage":"es","@id":"https:\/\/www.onetoonecf.com\/es\/mas-que-numeros\/#primaryimage","url":"https:\/\/www.onetoonecf.com\/wp-content\/uploads\/sites\/16\/2026\/02\/family-walking-together-in-sunny-park-601x400.jpg","contentUrl":"https:\/\/www.onetoonecf.com\/wp-content\/uploads\/sites\/16\/2026\/02\/family-walking-together-in-sunny-park-601x400.jpg"},{"@type":"BreadcrumbList","@id":"https:\/\/www.onetoonecf.com\/es\/mas-que-numeros\/#breadcrumb","itemListElement":[{"@type":"ListItem","position":1,"name":"Home","item":"https:\/\/www.onetoonecf.com\/es\/new-home-2025\/"},{"@type":"ListItem","position":2,"name":"M\u00e1s que n\u00fameros"}]},{"@type":"WebSite","@id":"https:\/\/www.onetoonecf.com\/es\/#website","url":"https:\/\/www.onetoonecf.com\/es\/","name":"ONEtoONE Corporate Finance","description":"","potentialAction":[{"@type":"SearchAction","target":{"@type":"EntryPoint","urlTemplate":"https:\/\/www.onetoonecf.com\/es\/?s={search_term_string}"},"query-input":{"@type":"PropertyValueSpecification","valueRequired":true,"valueName":"search_term_string"}}],"inLanguage":"es"}]}},"_links":{"self":[{"href":"https:\/\/www.onetoonecf.com\/es\/wp-json\/wp\/v2\/pages\/106363","targetHints":{"allow":["GET"]}}],"collection":[{"href":"https:\/\/www.onetoonecf.com\/es\/wp-json\/wp\/v2\/pages"}],"about":[{"href":"https:\/\/www.onetoonecf.com\/es\/wp-json\/wp\/v2\/types\/page"}],"author":[{"embeddable":true,"href":"https:\/\/www.onetoonecf.com\/es\/wp-json\/wp\/v2\/users\/4"}],"replies":[{"embeddable":true,"href":"https:\/\/www.onetoonecf.com\/es\/wp-json\/wp\/v2\/comments?post=106363"}],"version-history":[{"count":46,"href":"https:\/\/www.onetoonecf.com\/es\/wp-json\/wp\/v2\/pages\/106363\/revisions"}],"predecessor-version":[{"id":133778,"href":"https:\/\/www.onetoonecf.com\/es\/wp-json\/wp\/v2\/pages\/106363\/revisions\/133778"}],"wp:attachment":[{"href":"https:\/\/www.onetoonecf.com\/es\/wp-json\/wp\/v2\/media?parent=106363"}],"curies":[{"name":"wp","href":"https:\/\/api.w.org\/{rel}","templated":true}]}}