{"id":127335,"date":"2025-10-01T17:00:27","date_gmt":"2025-10-01T15:00:27","guid":{"rendered":"https:\/\/ww3.onetoonecf.com\/?page_id=127335"},"modified":"2025-12-09T16:34:43","modified_gmt":"2025-12-09T15:34:43","slug":"o2o-contact-us","status":"publish","type":"page","link":"https:\/\/www.onetoonecf.com\/es\/compraventa-empresas-contacto-onetoone\/","title":{"rendered":"O2O CONTACT US &#8211; ESP"},"content":{"rendered":"<style>.elementor-127335 .elementor-element.elementor-element-fa03322{--display:flex;--min-height:450px;--flex-direction:row;--container-widget-width:initial;--container-widget-height:100%;--container-widget-flex-grow:1;--container-widget-align-self:stretch;--flex-wrap-mobile:wrap;--gap:10px 10px;--row-gap:10px;--column-gap:10px;border-style:solid;--border-style:solid;border-width:10px 10px 10px 10px;--border-top-width:10px;--border-right-width:10px;--border-bottom-width:10px;--border-left-width:10px;border-color:var( --e-global-color-accent );--border-color:var( --e-global-color-accent );--border-radius:25px 25px 25px 25px;--margin-top:0px;--margin-bottom:50px;--margin-left:0px;--margin-right:0px;--padding-top:0%;--padding-bottom:0%;--padding-left:0%;--padding-right:0%;}.elementor-127335 .elementor-element.elementor-element-fa03322.e-con{--flex-grow:0;--flex-shrink:0;}.elementor-127335 .elementor-element.elementor-element-ddcdc23{--display:flex;--justify-content:space-evenly;--overlay-opacity:0.7;--border-radius:25px 25px 25px 25px;--padding-top:0px;--padding-bottom:0px;--padding-left:0px;--padding-right:0px;}.elementor-127335 .elementor-element.elementor-element-ddcdc23:not(.elementor-motion-effects-element-type-background), .elementor-127335 .elementor-element.elementor-element-ddcdc23 > .elementor-motion-effects-container > .elementor-motion-effects-layer{background-image:url(\"https:\/\/www.onetoonecf.com\/wp-content\/uploads\/sites\/16\/2025\/11\/Contact-us_Header-Banner-1.png\");background-position:center center;}.elementor-127335 .elementor-element.elementor-element-ddcdc23::before, .elementor-127335 .elementor-element.elementor-element-ddcdc23 > .elementor-background-video-container::before, .elementor-127335 .elementor-element.elementor-element-ddcdc23 > .e-con-inner > .elementor-background-video-container::before, .elementor-127335 .elementor-element.elementor-element-ddcdc23 > .elementor-background-slideshow::before, .elementor-127335 .elementor-element.elementor-element-ddcdc23 > .e-con-inner > .elementor-background-slideshow::before, .elementor-127335 .elementor-element.elementor-element-ddcdc23 > .elementor-motion-effects-container > .elementor-motion-effects-layer::before{--background-overlay:'';background-color:#457896;}.elementor-127335 .elementor-element.elementor-element-d356830{--display:flex;--gap:15px 15px;--row-gap:15px;--column-gap:15px;--margin-top:100px;--margin-bottom:100px;--margin-left:0px;--margin-right:0px;--padding-top:0px;--padding-bottom:0px;--padding-left:60px;--padding-right:60px;}.elementor-127335 .elementor-element.elementor-element-9105548{text-align:center;}.elementor-127335 .elementor-element.elementor-element-9105548 .elementor-heading-title{font-family:\"Fraunces\", Sans-serif;font-size:72px;font-weight:300;text-decoration:none;line-height:1em;letter-spacing:-1px;color:var( --e-global-color-accent );}.elementor-127335 .elementor-element.elementor-element-46cd3de{--display:flex;--flex-direction:row;--container-widget-width:initial;--container-widget-height:100%;--container-widget-flex-grow:1;--container-widget-align-self:stretch;--flex-wrap-mobile:wrap;--gap:0px 0px;--row-gap:0px;--column-gap:0px;}.elementor-127335 .elementor-element.elementor-element-13356ce{--display:flex;--flex-direction:column;--container-widget-width:100%;--container-widget-height:initial;--container-widget-flex-grow:0;--container-widget-align-self:initial;--flex-wrap-mobile:wrap;}.elementor-127335 .elementor-element.elementor-element-13356ce.e-con{--flex-grow:0;--flex-shrink:0;}.elementor-127335 .elementor-element.elementor-element-c05d877{text-align:start;}.elementor-127335 .elementor-element.elementor-element-c05d877 .elementor-heading-title{font-family:\"Fraunces\", Sans-serif;font-size:50px;font-weight:300;text-transform:none;text-decoration:none;line-height:1em;letter-spacing:-1px;color:#0E5A7E;}.elementor-127335 .elementor-element.elementor-element-a93091b{--display:flex;--flex-direction:row;--container-widget-width:initial;--container-widget-height:100%;--container-widget-flex-grow:1;--container-widget-align-self:stretch;--flex-wrap-mobile:wrap;--gap:0px 0px;--row-gap:0px;--column-gap:0px;}.elementor-127335 .elementor-element.elementor-element-0db5b69{--display:flex;--flex-direction:column;--container-widget-width:100%;--container-widget-height:initial;--container-widget-flex-grow:0;--container-widget-align-self:initial;--flex-wrap-mobile:wrap;}.elementor-127335 .elementor-element.elementor-element-0db5b69.e-con{--flex-grow:0;--flex-shrink:0;}.elementor-127335 .elementor-element.elementor-element-8a38049{font-family:\"Inter\", Sans-serif;font-size:14px;}.elementor-127335 .elementor-element.elementor-element-7481731{--display:flex;--flex-direction:row;--container-widget-width:initial;--container-widget-height:100%;--container-widget-flex-grow:1;--container-widget-align-self:stretch;--flex-wrap-mobile:wrap;--gap:0px 0px;--row-gap:0px;--column-gap:0px;}.elementor-127335 .elementor-element.elementor-element-bc4c2cf{--display:flex;--flex-direction:column;--container-widget-width:100%;--container-widget-height:initial;--container-widget-flex-grow:0;--container-widget-align-self:initial;--flex-wrap-mobile:wrap;}.elementor-127335 .elementor-element.elementor-element-b3a0042{margin:10px 10px calc(var(--kit-widget-spacing, 0px) + 10px) 10px;}.elementor-127335 .elementor-element.elementor-element-38f373a{--display:flex;--flex-direction:column;--container-widget-width:100%;--container-widget-height:initial;--container-widget-flex-grow:0;--container-widget-align-self:initial;--flex-wrap-mobile:wrap;}.elementor-127335 .elementor-element.elementor-element-d080ada{text-align:start;margin:25px 0px calc(var(--kit-widget-spacing, 0px) + 0px) 0px;}.elementor-127335 .elementor-element.elementor-element-d080ada .elementor-heading-title{font-family:\"Fraunces\", Sans-serif;font-size:27px;font-weight:300;text-transform:none;text-decoration:none;line-height:1em;letter-spacing:-1px;color:#0E5A7E;}.elementor-127335 .elementor-element.elementor-element-5ea4543 .elementor-icon-list-items:not(.elementor-inline-items) .elementor-icon-list-item:not(:last-child){padding-block-end:calc(26px\/2);}.elementor-127335 .elementor-element.elementor-element-5ea4543 .elementor-icon-list-items:not(.elementor-inline-items) .elementor-icon-list-item:not(:first-child){margin-block-start:calc(26px\/2);}.elementor-127335 .elementor-element.elementor-element-5ea4543 .elementor-icon-list-items.elementor-inline-items .elementor-icon-list-item{margin-inline:calc(26px\/2);}.elementor-127335 .elementor-element.elementor-element-5ea4543 .elementor-icon-list-items.elementor-inline-items{margin-inline:calc(-26px\/2);}.elementor-127335 .elementor-element.elementor-element-5ea4543 .elementor-icon-list-items.elementor-inline-items .elementor-icon-list-item:after{inset-inline-end:calc(-26px\/2);}.elementor-127335 .elementor-element.elementor-element-5ea4543 .elementor-icon-list-icon i{color:#0E5A7E;transition:color 0.3s;}.elementor-127335 .elementor-element.elementor-element-5ea4543 .elementor-icon-list-icon svg{fill:#0E5A7E;transition:fill 0.3s;}.elementor-127335 .elementor-element.elementor-element-5ea4543{--e-icon-list-icon-size:20px;--icon-vertical-offset:0px;margin:20px 0px calc(var(--kit-widget-spacing, 0px) + 0px) 0px;}.elementor-127335 .elementor-element.elementor-element-5ea4543 .elementor-icon-list-text{transition:color 0.3s;}:root{--page-title-display:none;}@media(min-width:768px){.elementor-127335 .elementor-element.elementor-element-fa03322{--width:97.445%;}.elementor-127335 .elementor-element.elementor-element-13356ce{--width:100%;}.elementor-127335 .elementor-element.elementor-element-0db5b69{--width:100%;}.elementor-127335 .elementor-element.elementor-element-bc4c2cf{--width:50%;}.elementor-127335 .elementor-element.elementor-element-38f373a{--width:50%;}}@media(max-width:1024px){.elementor-127335 .elementor-element.elementor-element-fa03322{--min-height:443px;--flex-direction:column-reverse;--container-widget-width:100%;--container-widget-height:initial;--container-widget-flex-grow:0;--container-widget-align-self:initial;--flex-wrap-mobile:wrap;--margin-top:0px;--margin-bottom:0px;--margin-left:0px;--margin-right:0px;}.elementor-127335 .elementor-element.elementor-element-ddcdc23{--margin-top:0px;--margin-bottom:0px;--margin-left:0px;--margin-right:0px;}.elementor-127335 .elementor-element.elementor-element-9105548 .elementor-heading-title{font-size:55px;line-height:1em;letter-spacing:-1px;}.elementor-127335 .elementor-element.elementor-element-c05d877 .elementor-heading-title{font-size:55px;line-height:1em;letter-spacing:-1px;}.elementor-127335 .elementor-element.elementor-element-d080ada .elementor-heading-title{font-size:25px;line-height:1em;letter-spacing:-1px;}.elementor-127335 .elementor-element.elementor-element-d080ada{margin:6px 0px calc(var(--kit-widget-spacing, 0px) + 0px) 0px;}.elementor-127335 .elementor-element.elementor-element-5ea4543{margin:0px 0px calc(var(--kit-widget-spacing, 0px) + 0px) 0px;}}@media(max-width:767px){.elementor-127335 .elementor-element.elementor-element-fa03322{--min-height:393px;--margin-top:0px;--margin-bottom:0px;--margin-left:0px;--margin-right:0px;--padding-top:0%;--padding-bottom:0%;--padding-left:0%;--padding-right:0%;}.elementor-127335 .elementor-element.elementor-element-ddcdc23{--min-height:60vh;--margin-top:0px;--margin-bottom:0px;--margin-left:0px;--margin-right:0px;--padding-top:0px;--padding-bottom:0px;--padding-left:0px;--padding-right:0px;}.elementor-127335 .elementor-element.elementor-element-ddcdc23:not(.elementor-motion-effects-element-type-background), .elementor-127335 .elementor-element.elementor-element-ddcdc23 > .elementor-motion-effects-container > .elementor-motion-effects-layer{background-position:center center;background-repeat:no-repeat;background-size:cover;}.elementor-127335 .elementor-element.elementor-element-d356830{--padding-top:0px;--padding-bottom:0px;--padding-left:20px;--padding-right:20px;}.elementor-127335 .elementor-element.elementor-element-9105548 .elementor-heading-title{font-size:40px;line-height:1em;letter-spacing:-1px;}.elementor-127335 .elementor-element.elementor-element-c05d877 .elementor-heading-title{font-size:40px;line-height:1em;letter-spacing:-1px;}.elementor-127335 .elementor-element.elementor-element-d080ada .elementor-heading-title{font-size:25px;line-height:1em;letter-spacing:-1px;}}<\/style>\t\t<div data-elementor-type=\"wp-page\" data-elementor-id=\"127335\" class=\"elementor elementor-127335 elementor-124598\" data-elementor-post-type=\"page\">\n\t\t\t\t<div class=\"elementor-element elementor-element-fa03322 e-con-full e-flex e-con e-parent\" data-id=\"fa03322\" data-element_type=\"container\" data-e-type=\"container\">\n\t\t<div class=\"elementor-element elementor-element-ddcdc23 e-con-full e-flex e-con e-child\" data-id=\"ddcdc23\" data-element_type=\"container\" data-e-type=\"container\" data-settings=\"{&quot;background_background&quot;:&quot;classic&quot;}\">\n\t\t<div class=\"elementor-element elementor-element-d356830 e-con-full e-flex e-con e-child\" data-id=\"d356830\" data-element_type=\"container\" data-e-type=\"container\">\n\t\t\t\t<div class=\"elementor-element elementor-element-9105548 elementor-widget elementor-widget-heading\" data-id=\"9105548\" data-element_type=\"widget\" data-e-type=\"widget\" data-widget_type=\"heading.default\">\n\t\t\t\t\t<span class=\"elementor-heading-title elementor-size-default\">Le acompa\u00f1amos en cada paso con experiencia y confidencialidad<\/span>\t\t\t\t<\/div>\n\t\t\t\t<\/div>\n\t\t\t\t<\/div>\n\t\t\t\t<\/div>\n\t\t<div class=\"elementor-element elementor-element-46cd3de e-flex e-con-boxed e-con e-parent\" data-id=\"46cd3de\" data-element_type=\"container\" data-e-type=\"container\">\n\t\t\t\t\t<div class=\"e-con-inner\">\n\t\t<div class=\"elementor-element elementor-element-13356ce e-con-full e-flex e-con e-child\" data-id=\"13356ce\" data-element_type=\"container\" data-e-type=\"container\">\n\t\t\t\t<div class=\"elementor-element elementor-element-c05d877 elementor-widget elementor-widget-heading\" data-id=\"c05d877\" data-element_type=\"widget\" data-e-type=\"widget\" data-widget_type=\"heading.default\">\n\t\t\t\t\t<h2 class=\"elementor-heading-title elementor-size-default\">Transforme su experiencia en el sector en acuerdos exitosos de fusiones y adquisiciones con ONEtoONE<\/h2>\t\t\t\t<\/div>\n\t\t\t\t<\/div>\n\t\t\t\t\t<\/div>\n\t\t\t\t<\/div>\n\t\t<div class=\"elementor-element elementor-element-a93091b e-flex e-con-boxed e-con e-parent\" data-id=\"a93091b\" data-element_type=\"container\" data-e-type=\"container\">\n\t\t\t\t\t<div class=\"e-con-inner\">\n\t\t<div class=\"elementor-element elementor-element-0db5b69 e-con-full e-flex e-con e-child\" data-id=\"0db5b69\" data-element_type=\"container\" data-e-type=\"container\">\n\t\t\t\t<div class=\"elementor-element elementor-element-8a38049 elementor-widget elementor-widget-text-editor\" data-id=\"8a38049\" data-element_type=\"widget\" data-e-type=\"widget\" data-widget_type=\"text-editor.default\">\n\t\t\t\t\t\t\t\t\t<p>\u00bfCu\u00e1nto vale mi empresa? \u00bfD\u00f3nde puedo encontrar inversores para mi negocio? \u00bfCu\u00e1ndo es el mejor momento para vender? \u00bfC\u00f3mo puedo reestructurar mi deuda? \u00bfEs una buena idea comprar otra empresa? Estamos a un clic de responder sus preguntas. Por favor env\u00edenos su consulta o cu\u00e9ntenos sobre su caso. En 24 horas recibir\u00e1, de forma confidencial y sin ning\u00fan compromiso, la respuesta de nuestro principal especialista en su sector. Ll\u00e1menos, env\u00edenos un correo electr\u00f3nico o encuentre su oficina ONEtoONE m\u00e1s cercana. Para cualquier operaci\u00f3n corporativa, cuente con nosotros. Nuestro compromiso es usted.<\/p>\t\t\t\t\t\t\t\t<\/div>\n\t\t\t\t<\/div>\n\t\t\t\t\t<\/div>\n\t\t\t\t<\/div>\n\t\t<div class=\"elementor-element elementor-element-7481731 e-flex e-con-boxed e-con e-parent\" data-id=\"7481731\" data-element_type=\"container\" data-e-type=\"container\">\n\t\t\t\t\t<div class=\"e-con-inner\">\n\t\t<div class=\"elementor-element elementor-element-bc4c2cf e-con-full e-flex e-con e-child\" data-id=\"bc4c2cf\" data-element_type=\"container\" data-e-type=\"container\">\n\t\t\t\t<div class=\"elementor-element elementor-element-b3a0042 elementor-widget elementor-widget-image\" data-id=\"b3a0042\" data-element_type=\"widget\" data-e-type=\"widget\" data-widget_type=\"image.default\">\n\t\t\t\t\t\t\t\t\t\t\t\t\t\t\t<img fetchpriority=\"high\" decoding=\"async\" width=\"549\" height=\"356\" src=\"https:\/\/www.onetoonecf.com\/wp-content\/uploads\/sites\/16\/2025\/11\/mapa_contacto_2.png\" class=\"attachment-large size-large wp-image-127334\" alt=\"\" srcset=\"https:\/\/www.onetoonecf.com\/wp-content\/uploads\/sites\/16\/2025\/11\/mapa_contacto_2.png 549w, https:\/\/www.onetoonecf.com\/wp-content\/uploads\/sites\/16\/2025\/11\/mapa_contacto_2-300x195.png 300w\" sizes=\"(max-width: 549px) 100vw, 549px\" \/>\t\t\t\t\t\t\t\t\t\t\t\t\t\t\t<\/div>\n\t\t\t\t<\/div>\n\t\t<div class=\"elementor-element elementor-element-38f373a e-con-full e-flex e-con e-child\" data-id=\"38f373a\" data-element_type=\"container\" data-e-type=\"container\">\n\t\t\t\t<div class=\"elementor-element elementor-element-d080ada elementor-widget elementor-widget-heading\" data-id=\"d080ada\" data-element_type=\"widget\" data-e-type=\"widget\" data-widget_type=\"heading.default\">\n\t\t\t\t\t<h2 class=\"elementor-heading-title elementor-size-default\">Sede de ONEtoONE<\/h2>\t\t\t\t<\/div>\n\t\t\t\t<div class=\"elementor-element elementor-element-5ea4543 elementor-icon-list--layout-traditional elementor-list-item-link-full_width elementor-widget elementor-widget-icon-list\" data-id=\"5ea4543\" data-element_type=\"widget\" data-e-type=\"widget\" data-widget_type=\"icon-list.default\">\n\t\t\t\t\t\t\t<ul class=\"elementor-icon-list-items\">\n\t\t\t\t\t\t\t<li class=\"elementor-icon-list-item\">\n\t\t\t\t\t\t\t\t\t\t\t<span class=\"elementor-icon-list-icon\">\n\t\t\t\t\t\t\t<i aria-hidden=\"true\" class=\"jki jki-map-marker1-light\"><\/i>\t\t\t\t\t\t<\/span>\n\t\t\t\t\t\t\t\t\t\t<span class=\"elementor-icon-list-text\">Madrid<br>Zurbar\u00e1n, 7, 1\u00aa Planta, 28010 Madrid. Sede<\/span>\n\t\t\t\t\t\t\t\t\t<\/li>\n\t\t\t\t\t\t\t\t<li class=\"elementor-icon-list-item\">\n\t\t\t\t\t\t\t\t\t\t\t<span class=\"elementor-icon-list-icon\">\n\t\t\t\t\t\t\t<i aria-hidden=\"true\" class=\"jki jki-phone1-light\"><\/i>\t\t\t\t\t\t<\/span>\n\t\t\t\t\t\t\t\t\t\t<span class=\"elementor-icon-list-text\">+34 911 83 48 58<\/span>\n\t\t\t\t\t\t\t\t\t<\/li>\n\t\t\t\t\t\t\t\t<li class=\"elementor-icon-list-item\">\n\t\t\t\t\t\t\t\t\t\t\t<span class=\"elementor-icon-list-icon\">\n\t\t\t\t\t\t\t<i aria-hidden=\"true\" class=\"jki jki-envelope1-light\"><\/i>\t\t\t\t\t\t<\/span>\n\t\t\t\t\t\t\t\t\t\t<span class=\"elementor-icon-list-text\">info@onetoonecf.com<\/span>\n\t\t\t\t\t\t\t\t\t<\/li>\n\t\t\t\t\t\t<\/ul>\n\t\t\t\t\t\t<\/div>\n\t\t\t\t<\/div>\n\t\t\t\t\t<\/div>\n\t\t\t\t<\/div>\n\t\t\t\t<\/div>\n\t\t","protected":false},"excerpt":{"rendered":"<p>Le acompa\u00f1amos en cada paso con experiencia y confidencialidad Transforme su experiencia en el sector en acuerdos exitosos de fusiones y adquisiciones con ONEtoONE \u00bfCu\u00e1nto vale mi empresa? \u00bfD\u00f3nde puedo encontrar inversores para mi negocio? \u00bfCu\u00e1ndo es el mejor momento para vender? \u00bfC\u00f3mo puedo reestructurar mi deuda? \u00bfEs una buena idea comprar otra empresa? Estamos [&hellip;]<\/p>\n","protected":false},"author":77,"featured_media":0,"parent":0,"menu_order":0,"comment_status":"closed","ping_status":"closed","template":"","meta":{"_joinchat":[],"footnotes":""},"class_list":["post-127335","page","type-page","status-publish","hentry"],"yoast_head":"<!-- This site is optimized with the Yoast SEO plugin v27.4 - https:\/\/yoast.com\/product\/yoast-seo-wordpress\/ -->\n<title>Contacto Asesores M&amp;A | ONEtoONE CF<\/title>\n<meta name=\"description\" content=\"Contacta con nuestros expertos en compraventa de empresas. ONEtoONE te ayuda en procesos de M&amp;A e inversi\u00f3n. Ases\u00f3rate con profesionales.\" \/>\n<meta name=\"robots\" content=\"index, follow, max-snippet:-1, max-image-preview:large, max-video-preview:-1\" \/>\n<link rel=\"canonical\" href=\"https:\/\/www.onetoonecf.com\/es\/compraventa-empresas-contacto-onetoone\/\" \/>\n<meta property=\"og:locale\" content=\"es_ES\" \/>\n<meta property=\"og:type\" content=\"article\" \/>\n<meta property=\"og:title\" content=\"Contacto Asesores M&amp;A | ONEtoONE CF\" \/>\n<meta property=\"og:description\" content=\"Contacta con nuestros expertos en compraventa de empresas. ONEtoONE te ayuda en procesos de M&amp;A e inversi\u00f3n. Ases\u00f3rate con profesionales.\" \/>\n<meta property=\"og:url\" content=\"https:\/\/www.onetoonecf.com\/es\/compraventa-empresas-contacto-onetoone\/\" \/>\n<meta property=\"og:site_name\" content=\"ONEtoONE Corporate Finance\" \/>\n<meta property=\"article:modified_time\" content=\"2025-12-09T15:34:43+00:00\" \/>\n<meta property=\"og:image\" content=\"https:\/\/www.onetoonecf.com\/wp-content\/uploads\/sites\/16\/2025\/11\/mapa_contacto_2.png\" \/>\n\t<meta property=\"og:image:width\" content=\"549\" \/>\n\t<meta property=\"og:image:height\" content=\"356\" \/>\n\t<meta property=\"og:image:type\" content=\"image\/png\" \/>\n<meta name=\"twitter:card\" content=\"summary_large_image\" \/>\n<meta name=\"twitter:label1\" content=\"Tiempo de lectura\" \/>\n\t<meta name=\"twitter:data1\" content=\"1 minuto\" \/>\n<script type=\"application\/ld+json\" class=\"yoast-schema-graph\">{\"@context\":\"https:\\\/\\\/schema.org\",\"@graph\":[{\"@type\":\"WebPage\",\"@id\":\"https:\\\/\\\/www.onetoonecf.com\\\/es\\\/compraventa-empresas-contacto-onetoone\\\/\",\"url\":\"https:\\\/\\\/www.onetoonecf.com\\\/es\\\/compraventa-empresas-contacto-onetoone\\\/\",\"name\":\"Contacto Asesores M&A | ONEtoONE CF\",\"isPartOf\":{\"@id\":\"https:\\\/\\\/www.onetoonecf.com\\\/es\\\/#website\"},\"primaryImageOfPage\":{\"@id\":\"https:\\\/\\\/www.onetoonecf.com\\\/es\\\/compraventa-empresas-contacto-onetoone\\\/#primaryimage\"},\"image\":{\"@id\":\"https:\\\/\\\/www.onetoonecf.com\\\/es\\\/compraventa-empresas-contacto-onetoone\\\/#primaryimage\"},\"thumbnailUrl\":\"https:\\\/\\\/www.onetoonecf.com\\\/wp-content\\\/uploads\\\/sites\\\/16\\\/2025\\\/11\\\/mapa_contacto_2.png\",\"datePublished\":\"2025-10-01T15:00:27+00:00\",\"dateModified\":\"2025-12-09T15:34:43+00:00\",\"description\":\"Contacta con nuestros expertos en compraventa de empresas. ONEtoONE te ayuda en procesos de M&A e inversi\u00f3n. Ases\u00f3rate con profesionales.\",\"breadcrumb\":{\"@id\":\"https:\\\/\\\/www.onetoonecf.com\\\/es\\\/compraventa-empresas-contacto-onetoone\\\/#breadcrumb\"},\"inLanguage\":\"es\",\"potentialAction\":[{\"@type\":\"ReadAction\",\"target\":[\"https:\\\/\\\/www.onetoonecf.com\\\/es\\\/compraventa-empresas-contacto-onetoone\\\/\"]}]},{\"@type\":\"ImageObject\",\"inLanguage\":\"es\",\"@id\":\"https:\\\/\\\/www.onetoonecf.com\\\/es\\\/compraventa-empresas-contacto-onetoone\\\/#primaryimage\",\"url\":\"https:\\\/\\\/www.onetoonecf.com\\\/wp-content\\\/uploads\\\/sites\\\/16\\\/2025\\\/11\\\/mapa_contacto_2.png\",\"contentUrl\":\"https:\\\/\\\/www.onetoonecf.com\\\/wp-content\\\/uploads\\\/sites\\\/16\\\/2025\\\/11\\\/mapa_contacto_2.png\"},{\"@type\":\"BreadcrumbList\",\"@id\":\"https:\\\/\\\/www.onetoonecf.com\\\/es\\\/compraventa-empresas-contacto-onetoone\\\/#breadcrumb\",\"itemListElement\":[{\"@type\":\"ListItem\",\"position\":1,\"name\":\"Home\",\"item\":\"https:\\\/\\\/www.onetoonecf.com\\\/es\\\/new-home-2025\\\/\"},{\"@type\":\"ListItem\",\"position\":2,\"name\":\"O2O CONTACT US &#8211; ESP\"}]},{\"@type\":\"WebSite\",\"@id\":\"https:\\\/\\\/www.onetoonecf.com\\\/es\\\/#website\",\"url\":\"https:\\\/\\\/www.onetoonecf.com\\\/es\\\/\",\"name\":\"ONEtoONE Corporate Finance\",\"description\":\"\",\"potentialAction\":[{\"@type\":\"SearchAction\",\"target\":{\"@type\":\"EntryPoint\",\"urlTemplate\":\"https:\\\/\\\/www.onetoonecf.com\\\/es\\\/?s={search_term_string}\"},\"query-input\":{\"@type\":\"PropertyValueSpecification\",\"valueRequired\":true,\"valueName\":\"search_term_string\"}}],\"inLanguage\":\"es\"}]}<\/script>\n<!-- \/ Yoast SEO plugin. -->","yoast_head_json":{"title":"Contacto Asesores M&A | ONEtoONE CF","description":"Contacta con nuestros expertos en compraventa de empresas. ONEtoONE te ayuda en procesos de M&A e inversi\u00f3n. Ases\u00f3rate con profesionales.","robots":{"index":"index","follow":"follow","max-snippet":"max-snippet:-1","max-image-preview":"max-image-preview:large","max-video-preview":"max-video-preview:-1"},"canonical":"https:\/\/www.onetoonecf.com\/es\/compraventa-empresas-contacto-onetoone\/","og_locale":"es_ES","og_type":"article","og_title":"Contacto Asesores M&A | ONEtoONE CF","og_description":"Contacta con nuestros expertos en compraventa de empresas. ONEtoONE te ayuda en procesos de M&A e inversi\u00f3n. Ases\u00f3rate con profesionales.","og_url":"https:\/\/www.onetoonecf.com\/es\/compraventa-empresas-contacto-onetoone\/","og_site_name":"ONEtoONE Corporate Finance","article_modified_time":"2025-12-09T15:34:43+00:00","og_image":[{"width":549,"height":356,"url":"https:\/\/www.onetoonecf.com\/wp-content\/uploads\/sites\/16\/2025\/11\/mapa_contacto_2.png","type":"image\/png"}],"twitter_card":"summary_large_image","twitter_misc":{"Tiempo de lectura":"1 minuto"},"schema":{"@context":"https:\/\/schema.org","@graph":[{"@type":"WebPage","@id":"https:\/\/www.onetoonecf.com\/es\/compraventa-empresas-contacto-onetoone\/","url":"https:\/\/www.onetoonecf.com\/es\/compraventa-empresas-contacto-onetoone\/","name":"Contacto Asesores M&A | ONEtoONE CF","isPartOf":{"@id":"https:\/\/www.onetoonecf.com\/es\/#website"},"primaryImageOfPage":{"@id":"https:\/\/www.onetoonecf.com\/es\/compraventa-empresas-contacto-onetoone\/#primaryimage"},"image":{"@id":"https:\/\/www.onetoonecf.com\/es\/compraventa-empresas-contacto-onetoone\/#primaryimage"},"thumbnailUrl":"https:\/\/www.onetoonecf.com\/wp-content\/uploads\/sites\/16\/2025\/11\/mapa_contacto_2.png","datePublished":"2025-10-01T15:00:27+00:00","dateModified":"2025-12-09T15:34:43+00:00","description":"Contacta con nuestros expertos en compraventa de empresas. ONEtoONE te ayuda en procesos de M&A e inversi\u00f3n. Ases\u00f3rate con profesionales.","breadcrumb":{"@id":"https:\/\/www.onetoonecf.com\/es\/compraventa-empresas-contacto-onetoone\/#breadcrumb"},"inLanguage":"es","potentialAction":[{"@type":"ReadAction","target":["https:\/\/www.onetoonecf.com\/es\/compraventa-empresas-contacto-onetoone\/"]}]},{"@type":"ImageObject","inLanguage":"es","@id":"https:\/\/www.onetoonecf.com\/es\/compraventa-empresas-contacto-onetoone\/#primaryimage","url":"https:\/\/www.onetoonecf.com\/wp-content\/uploads\/sites\/16\/2025\/11\/mapa_contacto_2.png","contentUrl":"https:\/\/www.onetoonecf.com\/wp-content\/uploads\/sites\/16\/2025\/11\/mapa_contacto_2.png"},{"@type":"BreadcrumbList","@id":"https:\/\/www.onetoonecf.com\/es\/compraventa-empresas-contacto-onetoone\/#breadcrumb","itemListElement":[{"@type":"ListItem","position":1,"name":"Home","item":"https:\/\/www.onetoonecf.com\/es\/new-home-2025\/"},{"@type":"ListItem","position":2,"name":"O2O CONTACT US &#8211; ESP"}]},{"@type":"WebSite","@id":"https:\/\/www.onetoonecf.com\/es\/#website","url":"https:\/\/www.onetoonecf.com\/es\/","name":"ONEtoONE Corporate Finance","description":"","potentialAction":[{"@type":"SearchAction","target":{"@type":"EntryPoint","urlTemplate":"https:\/\/www.onetoonecf.com\/es\/?s={search_term_string}"},"query-input":{"@type":"PropertyValueSpecification","valueRequired":true,"valueName":"search_term_string"}}],"inLanguage":"es"}]}},"_links":{"self":[{"href":"https:\/\/www.onetoonecf.com\/es\/wp-json\/wp\/v2\/pages\/127335","targetHints":{"allow":["GET"]}}],"collection":[{"href":"https:\/\/www.onetoonecf.com\/es\/wp-json\/wp\/v2\/pages"}],"about":[{"href":"https:\/\/www.onetoonecf.com\/es\/wp-json\/wp\/v2\/types\/page"}],"author":[{"embeddable":true,"href":"https:\/\/www.onetoonecf.com\/es\/wp-json\/wp\/v2\/users\/77"}],"replies":[{"embeddable":true,"href":"https:\/\/www.onetoonecf.com\/es\/wp-json\/wp\/v2\/comments?post=127335"}],"version-history":[{"count":27,"href":"https:\/\/www.onetoonecf.com\/es\/wp-json\/wp\/v2\/pages\/127335\/revisions"}],"predecessor-version":[{"id":128726,"href":"https:\/\/www.onetoonecf.com\/es\/wp-json\/wp\/v2\/pages\/127335\/revisions\/128726"}],"wp:attachment":[{"href":"https:\/\/www.onetoonecf.com\/es\/wp-json\/wp\/v2\/media?parent=127335"}],"curies":[{"name":"wp","href":"https:\/\/api.w.org\/{rel}","templated":true}]}}