{"id":134609,"date":"2026-03-06T14:50:05","date_gmt":"2026-03-06T13:50:05","guid":{"rendered":"https:\/\/www.onetoonecf.com\/?page_id=134609"},"modified":"2026-03-06T14:50:05","modified_gmt":"2026-03-06T13:50:05","slug":"transaccion-cerrada","status":"publish","type":"page","link":"https:\/\/www.onetoonecf.com\/es\/transaccion-cerrada\/","title":{"rendered":"Transacci\u00f3n cerrada"},"content":{"rendered":"<style>.elementor-134609 .elementor-element.elementor-element-20d940a{--display:flex;}<\/style>\t\t<div data-elementor-type=\"wp-page\" data-elementor-id=\"134609\" class=\"elementor elementor-134609 elementor-127237\" data-elementor-post-type=\"page\">\n\t\t\t\t<div class=\"elementor-element elementor-element-20d940a e-flex e-con-boxed e-con e-parent\" data-id=\"20d940a\" data-element_type=\"container\" data-e-type=\"container\">\n\t\t\t\t\t<div class=\"e-con-inner\">\n\t\t\t\t<div class=\"elementor-element elementor-element-ea5a356 elementor-widget elementor-widget-shortcode\" data-id=\"ea5a356\" data-element_type=\"widget\" data-e-type=\"widget\" data-widget_type=\"shortcode.default\">\n\t\t\t\t\t\t\t<div class=\"elementor-shortcode\"><style>.elementor-127252 .elementor-element.elementor-element-4ab8382{--display:flex;--flex-direction:column;--container-widget-width:100%;--container-widget-height:initial;--container-widget-flex-grow:0;--container-widget-align-self:initial;--flex-wrap-mobile:wrap;--gap:0px 0px;--row-gap:0px;--column-gap:0px;border-style:solid;--border-style:solid;border-width:1px 1px 1px 1px;--border-top-width:1px;--border-right-width:1px;--border-bottom-width:1px;--border-left-width:1px;border-color:#DCE3E8;--border-color:#DCE3E8;--border-radius:18px 18px 18px 18px;--margin-top:2px;--margin-bottom:2px;--margin-left:2px;--margin-right:2px;--padding-top:25px;--padding-bottom:25px;--padding-left:25px;--padding-right:25px;}.elementor-127252 .elementor-element.elementor-element-abe188f{--display:flex;--flex-direction:column;--container-widget-width:100%;--container-widget-height:initial;--container-widget-flex-grow:0;--container-widget-align-self:initial;--flex-wrap-mobile:wrap;--gap:0px 0px;--row-gap:0px;--column-gap:0px;--margin-top:0px;--margin-bottom:0px;--margin-left:0px;--margin-right:0px;--padding-top:0px;--padding-bottom:0px;--padding-left:0px;--padding-right:0px;}.elementor-127252 .elementor-element.elementor-element-e400515{--display:flex;--flex-direction:row;--container-widget-width:initial;--container-widget-height:100%;--container-widget-flex-grow:1;--container-widget-align-self:stretch;--flex-wrap-mobile:wrap;--gap:0px 0px;--row-gap:0px;--column-gap:0px;--margin-top:0px;--margin-bottom:0px;--margin-left:0px;--margin-right:0px;--padding-top:0px;--padding-bottom:0px;--padding-left:0px;--padding-right:0px;}.elementor-127252 .elementor-element.elementor-element-8a1104f{--display:flex;--flex-direction:column;--container-widget-width:100%;--container-widget-height:initial;--container-widget-flex-grow:0;--container-widget-align-self:initial;--flex-wrap-mobile:wrap;--margin-top:0px;--margin-bottom:0px;--margin-left:0px;--margin-right:0px;--padding-top:0px;--padding-bottom:0px;--padding-left:0px;--padding-right:0px;}.elementor-127252 .elementor-element.elementor-element-4964aa3{text-align:start;}.elementor-127252 .elementor-element.elementor-element-4964aa3 .elementor-heading-title{font-family:\"Fraunces\", Sans-serif;font-size:50px;font-weight:300;text-transform:none;text-decoration:none;line-height:1em;letter-spacing:-1px;color:#0E5A7E;}.elementor-127252 .elementor-element.elementor-element-f96cb13{--display:flex;--flex-direction:column;--container-widget-width:100%;--container-widget-height:initial;--container-widget-flex-grow:0;--container-widget-align-self:initial;--flex-wrap-mobile:wrap;}.elementor-127252 .elementor-element.elementor-element-b15e8d1{--display:flex;--flex-direction:row;--container-widget-width:initial;--container-widget-height:100%;--container-widget-flex-grow:1;--container-widget-align-self:stretch;--flex-wrap-mobile:wrap;--gap:0px 0px;--row-gap:0px;--column-gap:0px;--margin-top:0px;--margin-bottom:0px;--margin-left:0px;--margin-right:0px;--padding-top:0px;--padding-bottom:0px;--padding-left:0px;--padding-right:0px;}.elementor-127252 .elementor-element.elementor-element-431edc4{--display:flex;--flex-direction:column;--container-widget-width:100%;--container-widget-height:initial;--container-widget-flex-grow:0;--container-widget-align-self:initial;--flex-wrap-mobile:wrap;--margin-top:0px;--margin-bottom:0px;--margin-left:0px;--margin-right:0px;--padding-top:0px;--padding-bottom:0px;--padding-left:0px;--padding-right:0px;}.elementor-127252 .elementor-element.elementor-element-a7ab1e2{font-family:\"Inter\", Sans-serif;font-size:14px;margin:50px 0px calc(var(--kit-widget-spacing, 0px) + 0px) 0px;}.elementor-127252 .elementor-element.elementor-element-c59ef9f .elementor-icon-list-icon i{transition:color 0.3s;}.elementor-127252 .elementor-element.elementor-element-c59ef9f .elementor-icon-list-icon svg{transition:fill 0.3s;}.elementor-127252 .elementor-element.elementor-element-c59ef9f{--e-icon-list-icon-size:14px;--icon-vertical-offset:0px;}.elementor-127252 .elementor-element.elementor-element-c59ef9f .elementor-icon-list-text{color:var( --e-global-color-ddccc38 );transition:color 0.3s;}.elementor-127252 .elementor-element.elementor-element-a15dee1{--display:flex;--flex-direction:column;--container-widget-width:100%;--container-widget-height:initial;--container-widget-flex-grow:0;--container-widget-align-self:initial;--flex-wrap-mobile:wrap;}.elementor-127252 .elementor-element.elementor-element-91b6322{width:var( --container-widget-width, 80% );max-width:80%;--container-widget-width:80%;--container-widget-flex-grow:0;}.elementor-127252 .elementor-element.elementor-element-91b6322.elementor-element{--align-self:center;}@media(min-width:768px){.elementor-127252 .elementor-element.elementor-element-8a1104f{--width:66.666666%;}.elementor-127252 .elementor-element.elementor-element-f96cb13{--width:33.3333%;}.elementor-127252 .elementor-element.elementor-element-431edc4{--width:66.666666%;}.elementor-127252 .elementor-element.elementor-element-a15dee1{--width:33.3333%;}}@media(max-width:1024px){.elementor-127252 .elementor-element.elementor-element-4964aa3 .elementor-heading-title{font-size:55px;line-height:1em;letter-spacing:-1px;}}@media(max-width:767px){.elementor-127252 .elementor-element.elementor-element-4964aa3 .elementor-heading-title{font-size:40px;line-height:1em;letter-spacing:-1px;}}<\/style>\t\t<div data-elementor-type=\"loop-item\" data-elementor-id=\"127252\" class=\"elementor elementor-127252 e-loop-item e-loop-item-134609 post-134609 page type-page status-publish hentry\" data-elementor-post-type=\"elementor_library\" data-custom-edit-handle=\"1\">\n\t\t\t<div class=\"elementor-element elementor-element-4ab8382 e-flex e-con-boxed e-con e-parent\" data-id=\"4ab8382\" data-element_type=\"container\" data-e-type=\"container\">\n\t\t\t\t\t<div class=\"e-con-inner\">\n\t\t<div class=\"elementor-element elementor-element-abe188f e-con-full e-flex e-con e-child\" data-id=\"abe188f\" data-element_type=\"container\" data-e-type=\"container\">\n\t\t<div class=\"elementor-element elementor-element-e400515 e-con-full e-flex e-con e-child\" data-id=\"e400515\" data-element_type=\"container\" data-e-type=\"container\">\n\t\t<div class=\"elementor-element elementor-element-8a1104f e-con-full e-flex e-con e-child\" data-id=\"8a1104f\" data-element_type=\"container\" data-e-type=\"container\">\n\t\t\t\t<div class=\"elementor-element elementor-element-4964aa3 elementor-widget elementor-widget-heading\" data-id=\"4964aa3\" data-element_type=\"widget\" data-e-type=\"widget\" data-widget_type=\"heading.default\">\n\t\t\t\t\t<h2 class=\"elementor-heading-title elementor-size-default\">Mandato de venta<\/h2>\t\t\t\t<\/div>\n\t\t\t\t<\/div>\n\t\t<div class=\"elementor-element elementor-element-f96cb13 e-con-full e-flex e-con e-child\" data-id=\"f96cb13\" data-element_type=\"container\" data-e-type=\"container\">\n\t\t\t\t<\/div>\n\t\t\t\t<\/div>\n\t\t<div class=\"elementor-element elementor-element-b15e8d1 e-con-full e-flex e-con e-child\" data-id=\"b15e8d1\" data-element_type=\"container\" data-e-type=\"container\">\n\t\t<div class=\"elementor-element elementor-element-431edc4 e-con-full e-flex e-con e-child\" data-id=\"431edc4\" data-element_type=\"container\" data-e-type=\"container\">\n\t\t\t\t<div class=\"elementor-element elementor-element-a7ab1e2 elementor-widget elementor-widget-text-editor\" data-id=\"a7ab1e2\" data-element_type=\"widget\" data-e-type=\"widget\" data-widget_type=\"text-editor.default\">\n\t\t\t\t\t\t\t\t\tONEtoONE Corporate Finance ha asesorado a MAYFE, empresa l\u00edder en alquiler y distribuci\u00f3n de suministros para la construcci\u00f3n en Mallorca, en su venta a DURAN Materiales de Construcci\u00f3n. Fundada en 1980, MAYFE es reconocida por su oferta integral y atenci\u00f3n al cliente profesional. La operaci\u00f3n permite a DURAN reforzar su posici\u00f3n en ferreter\u00eda, entrar en el alquiler de suministros y expandir su red. Para MAYFE, supone una oportunidad de crecimiento bajo el respaldo de un grupo consolidado, manteniendo su identidad y equipo.\t\t\t\t\t\t\t\t<\/div>\n\t\t\t\t<div class=\"elementor-element elementor-element-c59ef9f elementor-icon-list--layout-traditional elementor-list-item-link-full_width elementor-widget elementor-widget-icon-list\" data-id=\"c59ef9f\" data-element_type=\"widget\" data-e-type=\"widget\" data-widget_type=\"icon-list.default\">\n\t\t\t\t\t\t\t<ul class=\"elementor-icon-list-items\">\n\t\t\t\t\t\t\t<li class=\"elementor-icon-list-item\">\n\t\t\t\t\t\t\t\t\t\t<span class=\"elementor-icon-list-text\">Sector: <strong>Actividades de alquiler y arrendamiento<\/strong><\/span>\n\t\t\t\t\t\t\t\t\t<\/li>\n\t\t\t\t\t\t\t\t<li class=\"elementor-icon-list-item\">\n\t\t\t\t\t\t\t\t\t\t<span class=\"elementor-icon-list-text\">Country: <strong>Espa\u00f1a<\/strong><\/span>\n\t\t\t\t\t\t\t\t\t<\/li>\n\t\t\t\t\t\t<\/ul>\n\t\t\t\t\t\t<\/div>\n\t\t\t\t<\/div>\n\t\t<div class=\"elementor-element elementor-element-a15dee1 e-con-full e-flex e-con e-child\" data-id=\"a15dee1\" data-element_type=\"container\" data-e-type=\"container\">\n\t\t\t\t<div class=\"elementor-element elementor-element-91b6322 elementor-widget__width-initial elementor-widget elementor-widget-shortcode\" data-id=\"91b6322\" data-element_type=\"widget\" data-e-type=\"widget\" data-widget_type=\"shortcode.default\">\n\t\t\t\t\t\t\t<div class=\"elementor-shortcode\"><a class=\"open-el-lightbox\" href=\"\/es\/transaccion-cerrada\/?Id=2745&iframe=1\" data-elementor-open-lightbox=\"yes\"\n\t\tdata-elementor-lightbox-slideshow=\"custom\" data-elementor-lightbox-type=\"iframe\"><img decoding=\"async\" style=\"width:100%; padding:0; margin:0; border-radius:12px 12px 0 0;\" src=\"\/gettombstone\/?Id=2745&#038;lang=es\" alt=\"2745\"\/><\/a><\/div>\n\t\t\t\t\t\t<\/div>\n\t\t\t\t<\/div>\n\t\t\t\t<\/div>\n\t\t\t\t<\/div>\n\t\t\t\t\t<\/div>\n\t\t\t\t<\/div>\n\t\t\t\t<\/div>\n\t\t<\/div>\n\t\t\t\t\t\t<\/div>\n\t\t\t\t\t<\/div>\n\t\t\t\t<\/div>\n\t\t\t\t<\/div>\n\t\t","protected":false},"excerpt":{"rendered":"","protected":false},"author":17,"featured_media":0,"parent":0,"menu_order":0,"comment_status":"closed","ping_status":"closed","template":"elementor_canvas","meta":{"_joinchat":[],"footnotes":""},"class_list":["post-134609","page","type-page","status-publish","hentry"],"yoast_head":"<!-- This site is optimized with the Yoast SEO plugin v27.4 - https:\/\/yoast.com\/product\/yoast-seo-wordpress\/ -->\n<title>Transacci\u00f3n cerrada - ONEtoONE Corporate Finance<\/title>\n<meta name=\"robots\" content=\"index, follow, max-snippet:-1, max-image-preview:large, max-video-preview:-1\" \/>\n<link rel=\"canonical\" href=\"https:\/\/www.onetoonecf.com\/es\/transaccion-cerrada\/\" \/>\n<meta property=\"og:locale\" content=\"es_ES\" \/>\n<meta property=\"og:type\" content=\"article\" \/>\n<meta property=\"og:title\" content=\"Transacci\u00f3n cerrada - ONEtoONE Corporate Finance\" \/>\n<meta property=\"og:url\" content=\"https:\/\/www.onetoonecf.com\/es\/transaccion-cerrada\/\" \/>\n<meta property=\"og:site_name\" content=\"ONEtoONE Corporate Finance\" \/>\n<meta name=\"twitter:card\" content=\"summary_large_image\" \/>\n<script type=\"application\/ld+json\" class=\"yoast-schema-graph\">{\"@context\":\"https:\\\/\\\/schema.org\",\"@graph\":[{\"@type\":\"WebPage\",\"@id\":\"https:\\\/\\\/www.onetoonecf.com\\\/es\\\/transaccion-cerrada\\\/\",\"url\":\"https:\\\/\\\/www.onetoonecf.com\\\/es\\\/transaccion-cerrada\\\/\",\"name\":\"Transacci\u00f3n cerrada - ONEtoONE Corporate Finance\",\"isPartOf\":{\"@id\":\"https:\\\/\\\/www.onetoonecf.com\\\/es\\\/#website\"},\"datePublished\":\"2026-03-06T13:50:05+00:00\",\"breadcrumb\":{\"@id\":\"https:\\\/\\\/www.onetoonecf.com\\\/es\\\/transaccion-cerrada\\\/#breadcrumb\"},\"inLanguage\":\"es\",\"potentialAction\":[{\"@type\":\"ReadAction\",\"target\":[\"https:\\\/\\\/www.onetoonecf.com\\\/es\\\/transaccion-cerrada\\\/\"]}]},{\"@type\":\"BreadcrumbList\",\"@id\":\"https:\\\/\\\/www.onetoonecf.com\\\/es\\\/transaccion-cerrada\\\/#breadcrumb\",\"itemListElement\":[{\"@type\":\"ListItem\",\"position\":1,\"name\":\"Home\",\"item\":\"https:\\\/\\\/www.onetoonecf.com\\\/es\\\/new-home-2025\\\/\"},{\"@type\":\"ListItem\",\"position\":2,\"name\":\"Transacci\u00f3n cerrada\"}]},{\"@type\":\"WebSite\",\"@id\":\"https:\\\/\\\/www.onetoonecf.com\\\/es\\\/#website\",\"url\":\"https:\\\/\\\/www.onetoonecf.com\\\/es\\\/\",\"name\":\"ONEtoONE Corporate Finance\",\"description\":\"\",\"potentialAction\":[{\"@type\":\"SearchAction\",\"target\":{\"@type\":\"EntryPoint\",\"urlTemplate\":\"https:\\\/\\\/www.onetoonecf.com\\\/es\\\/?s={search_term_string}\"},\"query-input\":{\"@type\":\"PropertyValueSpecification\",\"valueRequired\":true,\"valueName\":\"search_term_string\"}}],\"inLanguage\":\"es\"}]}<\/script>\n<!-- \/ Yoast SEO plugin. -->","yoast_head_json":{"title":"Transacci\u00f3n cerrada - ONEtoONE Corporate Finance","robots":{"index":"index","follow":"follow","max-snippet":"max-snippet:-1","max-image-preview":"max-image-preview:large","max-video-preview":"max-video-preview:-1"},"canonical":"https:\/\/www.onetoonecf.com\/es\/transaccion-cerrada\/","og_locale":"es_ES","og_type":"article","og_title":"Transacci\u00f3n cerrada - ONEtoONE Corporate Finance","og_url":"https:\/\/www.onetoonecf.com\/es\/transaccion-cerrada\/","og_site_name":"ONEtoONE Corporate Finance","twitter_card":"summary_large_image","schema":{"@context":"https:\/\/schema.org","@graph":[{"@type":"WebPage","@id":"https:\/\/www.onetoonecf.com\/es\/transaccion-cerrada\/","url":"https:\/\/www.onetoonecf.com\/es\/transaccion-cerrada\/","name":"Transacci\u00f3n cerrada - ONEtoONE Corporate Finance","isPartOf":{"@id":"https:\/\/www.onetoonecf.com\/es\/#website"},"datePublished":"2026-03-06T13:50:05+00:00","breadcrumb":{"@id":"https:\/\/www.onetoonecf.com\/es\/transaccion-cerrada\/#breadcrumb"},"inLanguage":"es","potentialAction":[{"@type":"ReadAction","target":["https:\/\/www.onetoonecf.com\/es\/transaccion-cerrada\/"]}]},{"@type":"BreadcrumbList","@id":"https:\/\/www.onetoonecf.com\/es\/transaccion-cerrada\/#breadcrumb","itemListElement":[{"@type":"ListItem","position":1,"name":"Home","item":"https:\/\/www.onetoonecf.com\/es\/new-home-2025\/"},{"@type":"ListItem","position":2,"name":"Transacci\u00f3n cerrada"}]},{"@type":"WebSite","@id":"https:\/\/www.onetoonecf.com\/es\/#website","url":"https:\/\/www.onetoonecf.com\/es\/","name":"ONEtoONE Corporate Finance","description":"","potentialAction":[{"@type":"SearchAction","target":{"@type":"EntryPoint","urlTemplate":"https:\/\/www.onetoonecf.com\/es\/?s={search_term_string}"},"query-input":{"@type":"PropertyValueSpecification","valueRequired":true,"valueName":"search_term_string"}}],"inLanguage":"es"}]}},"_links":{"self":[{"href":"https:\/\/www.onetoonecf.com\/es\/wp-json\/wp\/v2\/pages\/134609","targetHints":{"allow":["GET"]}}],"collection":[{"href":"https:\/\/www.onetoonecf.com\/es\/wp-json\/wp\/v2\/pages"}],"about":[{"href":"https:\/\/www.onetoonecf.com\/es\/wp-json\/wp\/v2\/types\/page"}],"author":[{"embeddable":true,"href":"https:\/\/www.onetoonecf.com\/es\/wp-json\/wp\/v2\/users\/17"}],"replies":[{"embeddable":true,"href":"https:\/\/www.onetoonecf.com\/es\/wp-json\/wp\/v2\/comments?post=134609"}],"version-history":[{"count":1,"href":"https:\/\/www.onetoonecf.com\/es\/wp-json\/wp\/v2\/pages\/134609\/revisions"}],"predecessor-version":[{"id":134611,"href":"https:\/\/www.onetoonecf.com\/es\/wp-json\/wp\/v2\/pages\/134609\/revisions\/134611"}],"wp:attachment":[{"href":"https:\/\/www.onetoonecf.com\/es\/wp-json\/wp\/v2\/media?parent=134609"}],"curies":[{"name":"wp","href":"https:\/\/api.w.org\/{rel}","templated":true}]}}