{"id":230,"date":"2018-04-17T10:30:28","date_gmt":"2018-04-17T10:30:28","guid":{"rendered":"http:\/\/www.multisite.onetoonecf.com\/?page_id=230"},"modified":"2024-02-08T09:13:26","modified_gmt":"2024-02-08T08:13:26","slug":"asesores-compra-venta-empresas","status":"publish","type":"page","link":"https:\/\/www.onetoonecf.com\/es\/asesores-compra-venta-empresas\/","title":{"rendered":"Asesores en compra venta de empresas"},"content":{"rendered":"<p>[rev_slider slidertitle=\u00bbhome-test-2024&#8243; alias=\u00bbhome-header-new21-1&#8243; offset=\u00bb\u00bb]Toda compa\u00f1\u00eda tiene un momento \u00f3ptimo para ser vendida. Bien porque ha entrado un nuevo competidor en el sector que cambia las reglas del juego o bien porque usted ha decidido jubilarse y descansar. Es clave esforzarse en conocer cu\u00e1ndo es el mejor momento para dar entrada a inversores en su empresa. En ONEtoONE somos expertos en encontrar el inversor adecuado para su compa\u00f1\u00eda.Localizamos aquellas empresas con el mejor encaje estrat\u00e9gico para ustedes. Comprar la empresa adecuada al mejor precio, adquirir la que ofrece m\u00e1s sinergias o fortalecer su posici\u00f3n de mercado. Nuestros equipos de research y an\u00e1lisis, asesores financieros y expertos sectoriales por todo el mundo les ayudar\u00e1n a adquirir la mejor compa\u00f1\u00eda, al mejor precio.[rev_slider_vc alias=\u00bbhomecovid-esp-def\u00bb][rev_slider alias=\u00bbhome-cities-es\u00bb]JTNDZGl2JTIwc3R5bGUlM0QlMjJtaW4taGVpZ2h0JTNBJTIwMjUwcHglM0IlMjIlM0UlMEElMjAlMjAlM0NkaXYlMjBzdHlsZSUzRCUyMmJhY2tncm91bmQtY29sb3IlM0ElMjByZ2JhJTI4MCUyQzAlMkMwJTJDMC44MCUyOSUzQiUyMiUzRSUwQSUyMCUyMCUyMCUyMCUzQ2RpdiUyMHN0eWxlJTNEJTIyZmxleC1zaHJpbmslM0ElMjAwJTNCJTIwcGFkZGluZyUzQSUyMDIwcHglM0IlMjIlM0UlMEElMjAlMjAlMjAlMjAlMjAlMjAlMjAlMjAlM0NoMiUyMHN0eWxlJTNEJTIyZm9udC1zaXplJTNBJTIwMzJweCUzQmNvbG9yJTNBJTIwJTIzZmZmZmZmJTNCdGV4dC1hbGlnbiUzQSUyMGxlZnQlM0Jmb250LWZhbWlseSUzQVNvdXJjZSUyMFNhbnMlMjBQcm8lM0Jmb250LXdlaWdodCUzQTQwMCUzQmZvbnQtc3R5bGUlM0Fub3JtYWwlMjIlMjBjbGFzcyUzRCUyMiUyMiUzRVRlY25vbG9nJUMzJUFEYSUyMHklMjB0b3RhbCUyMHRyYW5zcGFyZW5jaWElM0MlMkZoMiUzRSUwQSUyMCUyMCUyMCUyMCUyMCUyMCUyMCUyMCUzQ3AlMjBzdHlsZSUzRCUyMnRleHQtYWxpZ24lM0ElMjBsZWZ0JTNCJTIyJTNFJTNDYSUyMHN0eWxlJTNEJTIyY29sb3IlM0ElMjAlMjNmZmZmZmYlM0IlMjIlMjBocmVmJTNEJTIyJTJGZXMlMkZjbGFyaXR5JTJGJTIyJTNFT05FdG9PTkUlMjBjdWVudGElMjBjb24lMjBsYSUyMG0lQzMlQTFzJTIwYXZhbnphZGElMjB0ZWNub2xvZyVDMyVBRGElMjBlc3BlY2lhbGl6YWRhJTIwZW4lMjBjb21wcmF2ZW50YSUyMGRlJTIwZW1wcmVzYXMlMjBjb25lY3RhZGElMjBhJTIwbGFzJTIwbWVqb3JlcyUyMGJhc2VzJTIwZGUlMjBkYXRvcyUyMGRlbCUyMG11bmRvJTJDJTIwY29uJTIwYWxnb3JpdG1vcyUyMGRlJTIwaW50ZWxpZ2VuY2lhJTIwYXJ0aWZpY2lhbC4lMjBOdWVzdHJhJTIwdGVjbm9sb2clQzMlQURhJTIwcGVybWl0ZSUyMGElMjBudWVzdHJvcyUyMGNsaWVudGVzJTIwdmVyJTIwbnVlc3RybyUyMHRyYWJham8lMjBlbiUyMHRvZG8lMjBtb21lbnRvJTNBJTIwMjQlMjBob3JhcyUyMGRlbCUyMGQlQzMlQURhJTJDJTIwNyUyMGQlQzMlQURhcyUyMGElMjBsYSUyMHNlbWFuYS4lM0MlMkZhJTNFJTNDJTJGcCUzRSUwQSUyMCUyMCUyMCUyMCUzQyUyRmRpdiUzRSUwQSUyMCUyMCUzQyUyRmRpdiUzRSUwQSUzQyUyRmRpdiUzRSUwQQ==JTNDZGl2JTIwc3R5bGUlM0QlMjJtaW4taGVpZ2h0JTNBJTIwMjUwcHglM0IlMjIlM0UlMEElMjAlMjAlM0NkaXYlMjBzdHlsZSUzRCUyMmJhY2tncm91bmQtY29sb3IlM0ElMjByZ2JhJTI4MCUyQzAlMkMwJTJDMC44MCUyOSUzQiUyMiUzRSUwQSUyMCUyMCUyMCUyMCUzQ2RpdiUyMHN0eWxlJTNEJTIyZmxleC1zaHJpbmslM0ElMjAwJTNCJTIwcGFkZGluZyUzQSUyMDIwcHglM0IlMjIlM0UlMEElMjAlMjAlMjAlMjAlMjAlMjAlMjAlMjAlM0NoMiUyMHN0eWxlJTNEJTIyZm9udC1zaXplJTNBJTIwMzJweCUzQmNvbG9yJTNBJTIwJTIzZmZmZmZmJTNCdGV4dC1hbGlnbiUzQSUyMGxlZnQlM0Jmb250LWZhbWlseSUzQVNvdXJjZSUyMFNhbnMlMjBQcm8lM0Jmb250LXdlaWdodCUzQTQwMCUzQmZvbnQtc3R5bGUlM0Fub3JtYWwlMjIlM0UlM0NzcGFuJTIwc3R5bGUlM0QlMjJjb2xvciUzQSUyMCUyM2ZmZmZmZiUzQiUyMiUzRUVxdWlwbyUyMGVuZm9jYWRvJTIwZW4lMjBzdSUyMCVDMyVBOXhpdG8lMjBjb24lMjBvZmljaW5hcyUyMGVuJTIwdG9kbyUyMGVsJTIwbXVuZG8lM0MlMkZzcGFuJTNFJTNDJTJGaDIlM0UlMEElM0NwJTIwc3R5bGUlM0QlMjJ0ZXh0LWFsaWduJTNBJTIwbGVmdCUzQiUyMiUzRSUzQ2ElMjBzdHlsZSUzRCUyMmNvbG9yJTNBJTIwJTIzZmZmZmZmJTNCJTIyJTIwaHJlZiUzRCUyMiUyRmVzJTJGY29tcHJhdmVudGEtZW1wcmVzYXMtcXVpZW4lMkYlMjAlMjIlM0VFbiUyME9ORXRvT05FJTIwaGFibGFtb3MlMjBjb21vJTIwVXN0ZWQlMkMlMjBzZW50aW1vcyUyMGNvbW8lMjBVc3RlZCUyQyUyMHN1ZnJpbW9zJTIwY29uJTIwVXN0ZWQuJTIwRW4lMjBub3NvdHJvcyUyMGV2aXRhciVDMyVBMSUyMGxhJTIwZnJpYWxkYWQlMjBkZSUyMGxhJTIwYmFuY2ElMjBkZSUyMGludmVyc2klQzMlQjNuJTIwdHJhZGljaW9uYWwlMjB5JTIwJTIwdGVuZHIlQzMlQTElMjB1biUyMHZlcmRhZGVybyUyMGFzZXNvciUyMGNvbiUyMHVuYSUyMGlubWVuc2ElMjBleHBlcmllbmNpYSUyMGVuJTIwY29tcHJhdmVudGElMjBkZSUyMGVtcHJlc2FzJTJDJTIwcXVlJTIwY3VlbnRhJTIwY29uJTIwdW4lMjBncmFuJTIwZXF1aXBvJTIwaW50ZXJuYWNpb25hbCUyQyUyMHF1ZSUyMHNlJTIwcG9uZHIlQzMlQTElMjBlbiUyMHN1cyUyMHphcGF0b3MlMjB5JTIwdHJhYmFqYXIlQzMlQTElMjBwYXJhJTIwVXN0ZWQlMkMlMjBwYXJhJTIwcXVlJTIwcHVlZGElMjBwb25lciUyMGxhJTIwZ3VpbmRhJTIwYSUyMHRvZG8lMjBlbCUyMHZhbG9yJTIwcXVlJTIwVXN0ZWQlMjBoYSUyMGNvbnN0cnVpZG8lMkMlMjBjb252aXJ0aSVDMyVBOW5kb2xvJTIwZW4lMjB1bmElMjBtYWduJUMzJUFEZmljYSUyMG9wZXJhY2klQzMlQjNuLiUzQyUyRmElM0UlM0MlMkZwJTNFJTBBJTIwJTIwJTIwJTIwJTNDJTJGZGl2JTNFJTBBJTIwJTIwJTNDJTJGZGl2JTNFJTBBJTNDJTJGZGl2JTNFJTBB[rev_slider alias=\u00bbhome-logos\u00bb]<\/p>\n<p style=\"text-align: justify\">En ONEtoONE nos obsesiona la confidencialidad. Toda la informaci\u00f3n que nos remita ser\u00e1 incluida en un protocolo de seguridad que garantice la confidencialidad de la informaci\u00f3n y del contacto. No olvide indicarnos un email que solo Usted pueda leer y un tel\u00e9fono m\u00f3vil personal. Un asesor en compraventa de empresas se pondr\u00e1 en contacto con Usted en 24 horas laborales.<\/p>\n<p style=\"text-align: center\"><strong>Resuelva sus dudas para que pueda tomar las mejores decisiones.<\/strong><\/p>\n","protected":false},"excerpt":{"rendered":"<p>[rev_slider slidertitle=\u00bbhome-test-2024&#8243; alias=\u00bbhome-header-new21-1&#8243; offset=\u00bb\u00bb]Toda compa\u00f1\u00eda tiene un momento \u00f3ptimo para ser vendida. Bien porque ha entrado un nuevo competidor en el sector que cambia las reglas del juego o bien porque usted ha decidido jubilarse y descansar. Es clave esforzarse en conocer cu\u00e1ndo es el mejor momento para dar entrada a inversores en su empresa. [&hellip;]<\/p>\n","protected":false},"author":4,"featured_media":0,"parent":0,"menu_order":0,"comment_status":"closed","ping_status":"closed","template":"page-sidebar.php","meta":{"_joinchat":[],"footnotes":""},"class_list":["post-230","page","type-page","status-publish","hentry"],"yoast_head":"<!-- This site is optimized with the Yoast SEO plugin v27.5 - https:\/\/yoast.com\/product\/yoast-seo-wordpress\/ -->\n<title>Asesores en compraventa de empresas - ONEtoONE Corporate Finance<\/title>\n<meta name=\"description\" content=\"Asesores en compraventa de empresas. Le ayudamos a vender su empresa, buscar inversores y crecer v\u00eda adquisiciones.\" \/>\n<meta name=\"robots\" content=\"index, follow, max-snippet:-1, max-image-preview:large, max-video-preview:-1\" \/>\n<link rel=\"canonical\" href=\"https:\/\/www.onetoonecf.com\/es\/asesores-compra-venta-empresas\/\" \/>\n<meta property=\"og:locale\" content=\"es_ES\" \/>\n<meta property=\"og:type\" content=\"article\" \/>\n<meta property=\"og:title\" content=\"Asesores en compraventa de empresas - ONEtoONE Corporate Finance\" \/>\n<meta property=\"og:description\" content=\"Asesores en compraventa de empresas. Le ayudamos a vender su empresa, buscar inversores y crecer v\u00eda adquisiciones.\" \/>\n<meta property=\"og:url\" content=\"https:\/\/www.onetoonecf.com\/es\/asesores-compra-venta-empresas\/\" \/>\n<meta property=\"og:site_name\" content=\"ONEtoONE Corporate Finance\" \/>\n<meta property=\"article:modified_time\" content=\"2024-02-08T08:13:26+00:00\" \/>\n<meta name=\"twitter:card\" content=\"summary_large_image\" \/>\n<meta name=\"twitter:label1\" content=\"Tiempo de lectura\" \/>\n\t<meta name=\"twitter:data1\" content=\"3 minutos\" \/>\n<script type=\"application\/ld+json\" class=\"yoast-schema-graph\">{\"@context\":\"https:\\\/\\\/schema.org\",\"@graph\":[{\"@type\":\"WebPage\",\"@id\":\"https:\\\/\\\/www.onetoonecf.com\\\/es\\\/asesores-compra-venta-empresas\\\/\",\"url\":\"https:\\\/\\\/www.onetoonecf.com\\\/es\\\/asesores-compra-venta-empresas\\\/\",\"name\":\"Asesores en compraventa de empresas - ONEtoONE Corporate Finance\",\"isPartOf\":{\"@id\":\"https:\\\/\\\/www.onetoonecf.com\\\/es\\\/#website\"},\"datePublished\":\"2018-04-17T10:30:28+00:00\",\"dateModified\":\"2024-02-08T08:13:26+00:00\",\"description\":\"Asesores en compraventa de empresas. Le ayudamos a vender su empresa, buscar inversores y crecer v\u00eda adquisiciones.\",\"breadcrumb\":{\"@id\":\"https:\\\/\\\/www.onetoonecf.com\\\/es\\\/asesores-compra-venta-empresas\\\/#breadcrumb\"},\"inLanguage\":\"es\",\"potentialAction\":[{\"@type\":\"ReadAction\",\"target\":[\"https:\\\/\\\/www.onetoonecf.com\\\/es\\\/asesores-compra-venta-empresas\\\/\"]}]},{\"@type\":\"BreadcrumbList\",\"@id\":\"https:\\\/\\\/www.onetoonecf.com\\\/es\\\/asesores-compra-venta-empresas\\\/#breadcrumb\",\"itemListElement\":[{\"@type\":\"ListItem\",\"position\":1,\"name\":\"Home\",\"item\":\"https:\\\/\\\/www.onetoonecf.com\\\/es\\\/new-home-2025\\\/\"},{\"@type\":\"ListItem\",\"position\":2,\"name\":\"Asesores en compra venta de empresas\"}]},{\"@type\":\"WebSite\",\"@id\":\"https:\\\/\\\/www.onetoonecf.com\\\/es\\\/#website\",\"url\":\"https:\\\/\\\/www.onetoonecf.com\\\/es\\\/\",\"name\":\"ONEtoONE Corporate Finance\",\"description\":\"\",\"potentialAction\":[{\"@type\":\"SearchAction\",\"target\":{\"@type\":\"EntryPoint\",\"urlTemplate\":\"https:\\\/\\\/www.onetoonecf.com\\\/es\\\/?s={search_term_string}\"},\"query-input\":{\"@type\":\"PropertyValueSpecification\",\"valueRequired\":true,\"valueName\":\"search_term_string\"}}],\"inLanguage\":\"es\"}]}<\/script>\n<!-- \/ Yoast SEO plugin. -->","yoast_head_json":{"title":"Asesores en compraventa de empresas - ONEtoONE Corporate Finance","description":"Asesores en compraventa de empresas. Le ayudamos a vender su empresa, buscar inversores y crecer v\u00eda adquisiciones.","robots":{"index":"index","follow":"follow","max-snippet":"max-snippet:-1","max-image-preview":"max-image-preview:large","max-video-preview":"max-video-preview:-1"},"canonical":"https:\/\/www.onetoonecf.com\/es\/asesores-compra-venta-empresas\/","og_locale":"es_ES","og_type":"article","og_title":"Asesores en compraventa de empresas - ONEtoONE Corporate Finance","og_description":"Asesores en compraventa de empresas. Le ayudamos a vender su empresa, buscar inversores y crecer v\u00eda adquisiciones.","og_url":"https:\/\/www.onetoonecf.com\/es\/asesores-compra-venta-empresas\/","og_site_name":"ONEtoONE Corporate Finance","article_modified_time":"2024-02-08T08:13:26+00:00","twitter_card":"summary_large_image","twitter_misc":{"Tiempo de lectura":"3 minutos"},"schema":{"@context":"https:\/\/schema.org","@graph":[{"@type":"WebPage","@id":"https:\/\/www.onetoonecf.com\/es\/asesores-compra-venta-empresas\/","url":"https:\/\/www.onetoonecf.com\/es\/asesores-compra-venta-empresas\/","name":"Asesores en compraventa de empresas - ONEtoONE Corporate Finance","isPartOf":{"@id":"https:\/\/www.onetoonecf.com\/es\/#website"},"datePublished":"2018-04-17T10:30:28+00:00","dateModified":"2024-02-08T08:13:26+00:00","description":"Asesores en compraventa de empresas. Le ayudamos a vender su empresa, buscar inversores y crecer v\u00eda adquisiciones.","breadcrumb":{"@id":"https:\/\/www.onetoonecf.com\/es\/asesores-compra-venta-empresas\/#breadcrumb"},"inLanguage":"es","potentialAction":[{"@type":"ReadAction","target":["https:\/\/www.onetoonecf.com\/es\/asesores-compra-venta-empresas\/"]}]},{"@type":"BreadcrumbList","@id":"https:\/\/www.onetoonecf.com\/es\/asesores-compra-venta-empresas\/#breadcrumb","itemListElement":[{"@type":"ListItem","position":1,"name":"Home","item":"https:\/\/www.onetoonecf.com\/es\/new-home-2025\/"},{"@type":"ListItem","position":2,"name":"Asesores en compra venta de empresas"}]},{"@type":"WebSite","@id":"https:\/\/www.onetoonecf.com\/es\/#website","url":"https:\/\/www.onetoonecf.com\/es\/","name":"ONEtoONE Corporate Finance","description":"","potentialAction":[{"@type":"SearchAction","target":{"@type":"EntryPoint","urlTemplate":"https:\/\/www.onetoonecf.com\/es\/?s={search_term_string}"},"query-input":{"@type":"PropertyValueSpecification","valueRequired":true,"valueName":"search_term_string"}}],"inLanguage":"es"}]}},"_links":{"self":[{"href":"https:\/\/www.onetoonecf.com\/es\/wp-json\/wp\/v2\/pages\/230","targetHints":{"allow":["GET"]}}],"collection":[{"href":"https:\/\/www.onetoonecf.com\/es\/wp-json\/wp\/v2\/pages"}],"about":[{"href":"https:\/\/www.onetoonecf.com\/es\/wp-json\/wp\/v2\/types\/page"}],"author":[{"embeddable":true,"href":"https:\/\/www.onetoonecf.com\/es\/wp-json\/wp\/v2\/users\/4"}],"replies":[{"embeddable":true,"href":"https:\/\/www.onetoonecf.com\/es\/wp-json\/wp\/v2\/comments?post=230"}],"version-history":[{"count":679,"href":"https:\/\/www.onetoonecf.com\/es\/wp-json\/wp\/v2\/pages\/230\/revisions"}],"predecessor-version":[{"id":118351,"href":"https:\/\/www.onetoonecf.com\/es\/wp-json\/wp\/v2\/pages\/230\/revisions\/118351"}],"wp:attachment":[{"href":"https:\/\/www.onetoonecf.com\/es\/wp-json\/wp\/v2\/media?parent=230"}],"curies":[{"name":"wp","href":"https:\/\/api.w.org\/{rel}","templated":true}]}}