{"id":24420,"date":"2018-08-03T09:57:02","date_gmt":"2018-08-03T09:57:02","guid":{"rendered":"http:\/\/www.multisite.onetoonecf.com\/?page_id=24420"},"modified":"2022-07-04T10:25:15","modified_gmt":"2022-07-04T08:25:15","slug":"compraventa-empresas-trabaja-con-nosotros","status":"publish","type":"page","link":"https:\/\/www.onetoonecf.com\/es\/compraventa-empresas-trabaja-con-nosotros\/","title":{"rendered":"\u00danete"},"content":{"rendered":"<p>[rev_slider_vc alias=\u00bbjoin-us-esp\u00bb]La filosof\u00eda de ONEtoONE consiste en trabajar como una familia, potenciando los puntos fuertes de cada uno de sus miembros. Presentamos a nuestros equipos una gran variedad de retos y los animamos y apoyamos constantemente para que puedan desarrollar su m\u00e1ximo potencial.<\/p>\n<p>Gracias a nuestra presencia internacional, con oficinas en m\u00e1s de 25 pa\u00edses, ofrecemos experiencia y oportunidades a nivel global. Ayudamos a empresarios, multinacionales, empresas de capital riesgo e inversores profesionales a crear valor tangible a largo plazo en cada inversi\u00f3n. Nuestro \u00e9xito consiste en encontrar para cada cliente las sinergias que creen m\u00e1s valor a largo plazo y que ofrezcan el mejor rendimiento por inversi\u00f3n.Si est\u00e1s cursando tus estudios universitarios o te has graduado recientemente y buscas un primer contacto con el mundo de la empresa, nuestro programa de pr\u00e1cticas es para ti. Contamos con vacantes en una amplia gama de departamentos. Ofrecemos en nuestro programa la oportunidad de poner en pr\u00e1ctica tus conocimientos te\u00f3ricos mientras trabajas con clientes y operaciones reales. Desarrollar\u00e1s habilidades esenciales en el mercado laboral, como la capacidad de resolver problemas, el trabajo en equipo y la comunicaci\u00f3n. Se te asignar\u00e1 un mentor que te supervisar\u00e1 y te proporcionar\u00e1 formaci\u00f3n complementaria, que te ayude a mejorar constantemente y a ampliar tus capacidades. \u00danete a nuestro equipo para comenzar tu carrera profesional de la mejor manera.En ONEtoONE nuestro objetivo es optimizar tu proceso de trabajo y ayudarte a aumentar el n\u00famero y la calidad de tus operaciones de M&amp;A.<\/p>\n<p>Para lograrlo, recibir\u00e1s todo el apoyo de nuestro equipo profesional de back-office y dispondr\u00e1s de sofisticadas herramientas tecnol\u00f3gicas, desarrolladas exclusivamente por nuestro Departamento de IT. Estas herramientas te facilitar\u00e1n el contacto con miles de inversores potenciales, fondos de inversi\u00f3n privados y family offices. Somos expertos en nuestro campo y garantizamos una amplia gama de clientes de alta calidad a trav\u00e9s de nuestra red global de boutiques. \u00danete a nosotros y forma parte de un equipo internacional, consolidado y din\u00e1mico.<\/p>\n","protected":false},"excerpt":{"rendered":"<p>[rev_slider_vc alias=\u00bbjoin-us-esp\u00bb]La filosof\u00eda de ONEtoONE consiste en trabajar como una familia, potenciando los puntos fuertes de cada uno de sus miembros. Presentamos a nuestros equipos una gran variedad de retos y los animamos y apoyamos constantemente para que puedan desarrollar su m\u00e1ximo potencial. Gracias a nuestra presencia internacional, con oficinas en m\u00e1s de 25 pa\u00edses, [&hellip;]<\/p>\n","protected":false},"author":4,"featured_media":0,"parent":0,"menu_order":0,"comment_status":"closed","ping_status":"closed","template":"page-sidebar.php","meta":{"_joinchat":[],"footnotes":""},"class_list":["post-24420","page","type-page","status-publish","hentry"],"yoast_head":"<!-- This site is optimized with the Yoast SEO plugin v27.4 - https:\/\/yoast.com\/product\/yoast-seo-wordpress\/ -->\n<title>\u00danete - ONEtoONE Corporate Finance<\/title>\n<meta name=\"description\" content=\"Env\u00edanos tu CV si quieres trabajar con nosotros y formar parte de un equipo internacional de profesionales de compraventa de empresas.\" \/>\n<meta name=\"robots\" content=\"index, follow, max-snippet:-1, max-image-preview:large, max-video-preview:-1\" \/>\n<link rel=\"canonical\" href=\"https:\/\/www.onetoonecf.com\/es\/compraventa-empresas-trabaja-con-nosotros\/\" \/>\n<meta property=\"og:locale\" content=\"es_ES\" \/>\n<meta property=\"og:type\" content=\"article\" \/>\n<meta property=\"og:title\" content=\"\u00danete - ONEtoONE Corporate Finance\" \/>\n<meta property=\"og:description\" content=\"Env\u00edanos tu CV si quieres trabajar con nosotros y formar parte de un equipo internacional de profesionales de compraventa de empresas.\" \/>\n<meta property=\"og:url\" content=\"https:\/\/www.onetoonecf.com\/es\/compraventa-empresas-trabaja-con-nosotros\/\" \/>\n<meta property=\"og:site_name\" content=\"ONEtoONE Corporate Finance\" \/>\n<meta property=\"article:modified_time\" content=\"2022-07-04T08:25:15+00:00\" \/>\n<meta name=\"twitter:card\" content=\"summary_large_image\" \/>\n<meta name=\"twitter:label1\" content=\"Tiempo de lectura\" \/>\n\t<meta name=\"twitter:data1\" content=\"1 minuto\" \/>\n<script type=\"application\/ld+json\" class=\"yoast-schema-graph\">{\"@context\":\"https:\\\/\\\/schema.org\",\"@graph\":[{\"@type\":\"WebPage\",\"@id\":\"https:\\\/\\\/www.onetoonecf.com\\\/es\\\/compraventa-empresas-trabaja-con-nosotros\\\/\",\"url\":\"https:\\\/\\\/www.onetoonecf.com\\\/es\\\/compraventa-empresas-trabaja-con-nosotros\\\/\",\"name\":\"\u00danete - ONEtoONE Corporate Finance\",\"isPartOf\":{\"@id\":\"https:\\\/\\\/www.onetoonecf.com\\\/es\\\/#website\"},\"datePublished\":\"2018-08-03T09:57:02+00:00\",\"dateModified\":\"2022-07-04T08:25:15+00:00\",\"description\":\"Env\u00edanos tu CV si quieres trabajar con nosotros y formar parte de un equipo internacional de profesionales de compraventa de empresas.\",\"breadcrumb\":{\"@id\":\"https:\\\/\\\/www.onetoonecf.com\\\/es\\\/compraventa-empresas-trabaja-con-nosotros\\\/#breadcrumb\"},\"inLanguage\":\"es\",\"potentialAction\":[{\"@type\":\"ReadAction\",\"target\":[\"https:\\\/\\\/www.onetoonecf.com\\\/es\\\/compraventa-empresas-trabaja-con-nosotros\\\/\"]}]},{\"@type\":\"BreadcrumbList\",\"@id\":\"https:\\\/\\\/www.onetoonecf.com\\\/es\\\/compraventa-empresas-trabaja-con-nosotros\\\/#breadcrumb\",\"itemListElement\":[{\"@type\":\"ListItem\",\"position\":1,\"name\":\"Home\",\"item\":\"https:\\\/\\\/www.onetoonecf.com\\\/es\\\/new-home-2025\\\/\"},{\"@type\":\"ListItem\",\"position\":2,\"name\":\"\u00danete\"}]},{\"@type\":\"WebSite\",\"@id\":\"https:\\\/\\\/www.onetoonecf.com\\\/es\\\/#website\",\"url\":\"https:\\\/\\\/www.onetoonecf.com\\\/es\\\/\",\"name\":\"ONEtoONE Corporate Finance\",\"description\":\"\",\"potentialAction\":[{\"@type\":\"SearchAction\",\"target\":{\"@type\":\"EntryPoint\",\"urlTemplate\":\"https:\\\/\\\/www.onetoonecf.com\\\/es\\\/?s={search_term_string}\"},\"query-input\":{\"@type\":\"PropertyValueSpecification\",\"valueRequired\":true,\"valueName\":\"search_term_string\"}}],\"inLanguage\":\"es\"}]}<\/script>\n<!-- \/ Yoast SEO plugin. -->","yoast_head_json":{"title":"\u00danete - ONEtoONE Corporate Finance","description":"Env\u00edanos tu CV si quieres trabajar con nosotros y formar parte de un equipo internacional de profesionales de compraventa de empresas.","robots":{"index":"index","follow":"follow","max-snippet":"max-snippet:-1","max-image-preview":"max-image-preview:large","max-video-preview":"max-video-preview:-1"},"canonical":"https:\/\/www.onetoonecf.com\/es\/compraventa-empresas-trabaja-con-nosotros\/","og_locale":"es_ES","og_type":"article","og_title":"\u00danete - ONEtoONE Corporate Finance","og_description":"Env\u00edanos tu CV si quieres trabajar con nosotros y formar parte de un equipo internacional de profesionales de compraventa de empresas.","og_url":"https:\/\/www.onetoonecf.com\/es\/compraventa-empresas-trabaja-con-nosotros\/","og_site_name":"ONEtoONE Corporate Finance","article_modified_time":"2022-07-04T08:25:15+00:00","twitter_card":"summary_large_image","twitter_misc":{"Tiempo de lectura":"1 minuto"},"schema":{"@context":"https:\/\/schema.org","@graph":[{"@type":"WebPage","@id":"https:\/\/www.onetoonecf.com\/es\/compraventa-empresas-trabaja-con-nosotros\/","url":"https:\/\/www.onetoonecf.com\/es\/compraventa-empresas-trabaja-con-nosotros\/","name":"\u00danete - ONEtoONE Corporate Finance","isPartOf":{"@id":"https:\/\/www.onetoonecf.com\/es\/#website"},"datePublished":"2018-08-03T09:57:02+00:00","dateModified":"2022-07-04T08:25:15+00:00","description":"Env\u00edanos tu CV si quieres trabajar con nosotros y formar parte de un equipo internacional de profesionales de compraventa de empresas.","breadcrumb":{"@id":"https:\/\/www.onetoonecf.com\/es\/compraventa-empresas-trabaja-con-nosotros\/#breadcrumb"},"inLanguage":"es","potentialAction":[{"@type":"ReadAction","target":["https:\/\/www.onetoonecf.com\/es\/compraventa-empresas-trabaja-con-nosotros\/"]}]},{"@type":"BreadcrumbList","@id":"https:\/\/www.onetoonecf.com\/es\/compraventa-empresas-trabaja-con-nosotros\/#breadcrumb","itemListElement":[{"@type":"ListItem","position":1,"name":"Home","item":"https:\/\/www.onetoonecf.com\/es\/new-home-2025\/"},{"@type":"ListItem","position":2,"name":"\u00danete"}]},{"@type":"WebSite","@id":"https:\/\/www.onetoonecf.com\/es\/#website","url":"https:\/\/www.onetoonecf.com\/es\/","name":"ONEtoONE Corporate Finance","description":"","potentialAction":[{"@type":"SearchAction","target":{"@type":"EntryPoint","urlTemplate":"https:\/\/www.onetoonecf.com\/es\/?s={search_term_string}"},"query-input":{"@type":"PropertyValueSpecification","valueRequired":true,"valueName":"search_term_string"}}],"inLanguage":"es"}]}},"_links":{"self":[{"href":"https:\/\/www.onetoonecf.com\/es\/wp-json\/wp\/v2\/pages\/24420","targetHints":{"allow":["GET"]}}],"collection":[{"href":"https:\/\/www.onetoonecf.com\/es\/wp-json\/wp\/v2\/pages"}],"about":[{"href":"https:\/\/www.onetoonecf.com\/es\/wp-json\/wp\/v2\/types\/page"}],"author":[{"embeddable":true,"href":"https:\/\/www.onetoonecf.com\/es\/wp-json\/wp\/v2\/users\/4"}],"replies":[{"embeddable":true,"href":"https:\/\/www.onetoonecf.com\/es\/wp-json\/wp\/v2\/comments?post=24420"}],"version-history":[{"count":10,"href":"https:\/\/www.onetoonecf.com\/es\/wp-json\/wp\/v2\/pages\/24420\/revisions"}],"predecessor-version":[{"id":103895,"href":"https:\/\/www.onetoonecf.com\/es\/wp-json\/wp\/v2\/pages\/24420\/revisions\/103895"}],"wp:attachment":[{"href":"https:\/\/www.onetoonecf.com\/es\/wp-json\/wp\/v2\/media?parent=24420"}],"curies":[{"name":"wp","href":"https:\/\/api.w.org\/{rel}","templated":true}]}}