{"id":24465,"date":"2018-08-06T14:49:02","date_gmt":"2018-08-06T14:49:02","guid":{"rendered":"http:\/\/www.multisite.onetoonecf.com\/?page_id=24465"},"modified":"2025-12-10T17:53:36","modified_gmt":"2025-12-10T16:53:36","slug":"gracias","status":"publish","type":"page","link":"https:\/\/www.onetoonecf.com\/es\/thankyou\/","title":{"rendered":"Gracias"},"content":{"rendered":"\t\t<div data-elementor-type=\"wp-page\" data-elementor-id=\"24465\" class=\"elementor elementor-24465\" data-elementor-post-type=\"page\">\n\t\t\t\t<div class=\"elementor-element elementor-element-1d818bb e-flex e-con-boxed e-con e-parent\" data-id=\"1d818bb\" data-element_type=\"container\" data-e-type=\"container\">\n\t\t\t\t\t<div class=\"e-con-inner\">\n\t\t<div class=\"elementor-element elementor-element-6ebe7bf3 e-con-full e-flex e-con e-child\" data-id=\"6ebe7bf3\" data-element_type=\"container\" data-e-type=\"container\" data-settings=\"{&quot;background_background&quot;:&quot;classic&quot;}\">\n\t\t<div class=\"elementor-element elementor-element-6ee737a6 e-con-full e-flex e-con e-child\" data-id=\"6ee737a6\" data-element_type=\"container\" data-e-type=\"container\">\n\t\t\t\t<div class=\"elementor-element elementor-element-2a2e3a79 elementor-widget elementor-widget-heading\" data-id=\"2a2e3a79\" data-element_type=\"widget\" data-e-type=\"widget\" data-widget_type=\"heading.default\">\n\t\t\t\t\t<span class=\"elementor-heading-title elementor-size-default\">\u00a1Gracias!<\/span>\t\t\t\t<\/div>\n\t\t\t\t<\/div>\n\t\t\t\t<\/div>\n\t\t\t\t\t<\/div>\n\t\t\t\t<\/div>\n\t\t<div class=\"elementor-element elementor-element-1a5631ec e-flex e-con-boxed e-con e-parent\" data-id=\"1a5631ec\" data-element_type=\"container\" data-e-type=\"container\">\n\t\t\t\t\t<div class=\"e-con-inner\">\n\t\t<div class=\"elementor-element elementor-element-7d4bdebc e-con-full e-flex e-con e-child\" data-id=\"7d4bdebc\" data-element_type=\"container\" data-e-type=\"container\">\n\t\t\t\t<div class=\"elementor-element elementor-element-3ac6da03 elementor-widget elementor-widget-heading\" data-id=\"3ac6da03\" data-element_type=\"widget\" data-e-type=\"widget\" data-widget_type=\"heading.default\">\n\t\t\t\t\t<h2 class=\"elementor-heading-title elementor-size-default\">Gracias por contactar con nosotros<\/h2>\t\t\t\t<\/div>\n\t\t\t\t<\/div>\n\t\t\t\t\t<\/div>\n\t\t\t\t<\/div>\n\t\t<div class=\"elementor-element elementor-element-720d867 e-grid e-con-boxed e-con e-parent\" data-id=\"720d867\" data-element_type=\"container\" data-e-type=\"container\">\n\t\t\t\t\t<div class=\"e-con-inner\">\n\t\t<div class=\"elementor-element elementor-element-28d66e2 e-con-full e-flex e-con e-child\" data-id=\"28d66e2\" data-element_type=\"container\" data-e-type=\"container\">\n\t\t\t\t<div class=\"elementor-element elementor-element-09803aa elementor-widget elementor-widget-image\" data-id=\"09803aa\" data-element_type=\"widget\" data-e-type=\"widget\" data-widget_type=\"image.default\">\n\t\t\t\t\t\t\t\t\t\t\t\t\t\t\t<img decoding=\"async\" width=\"150\" height=\"150\" src=\"https:\/\/www.onetoonecf.com\/wp-content\/uploads\/sites\/16\/2025\/12\/TY_Thank-you_Icon_Confidentiality-1-150x150.png\" class=\"attachment-thumbnail size-thumbnail wp-image-128861\" alt=\"\" srcset=\"https:\/\/www.onetoonecf.com\/wp-content\/uploads\/sites\/16\/2025\/12\/TY_Thank-you_Icon_Confidentiality-1-150x150.png 150w, https:\/\/www.onetoonecf.com\/wp-content\/uploads\/sites\/16\/2025\/12\/TY_Thank-you_Icon_Confidentiality-1-300x300.png 300w, https:\/\/www.onetoonecf.com\/wp-content\/uploads\/sites\/16\/2025\/12\/TY_Thank-you_Icon_Confidentiality-1-400x400.png 400w, https:\/\/www.onetoonecf.com\/wp-content\/uploads\/sites\/16\/2025\/12\/TY_Thank-you_Icon_Confidentiality-1.png 500w\" sizes=\"(max-width: 150px) 100vw, 150px\" \/>\t\t\t\t\t\t\t\t\t\t\t\t\t\t\t<\/div>\n\t\t\t\t<div class=\"elementor-element elementor-element-901e1f6 elementor-widget elementor-widget-text-editor\" data-id=\"901e1f6\" data-element_type=\"widget\" data-e-type=\"widget\" data-widget_type=\"text-editor.default\">\n\t\t\t\t\t\t\t\t\t<p><strong>Confidencialidad<\/strong><\/p>\t\t\t\t\t\t\t\t<\/div>\n\t\t\t\t<div class=\"elementor-element elementor-element-77e105d elementor-widget elementor-widget-text-editor\" data-id=\"77e105d\" data-element_type=\"widget\" data-e-type=\"widget\" data-widget_type=\"text-editor.default\">\n\t\t\t\t\t\t\t\t\t<p>Le recordamos que toda la informaci\u00f3n que nos ha proporcionado <strong>ser\u00e1 tratada de manera confidencial<\/strong>.<\/p>\t\t\t\t\t\t\t\t<\/div>\n\t\t\t\t<\/div>\n\t\t<div class=\"elementor-element elementor-element-4c74695 e-con-full e-flex e-con e-child\" data-id=\"4c74695\" data-element_type=\"container\" data-e-type=\"container\">\n\t\t\t\t<div class=\"elementor-element elementor-element-3200c41 elementor-widget elementor-widget-image\" data-id=\"3200c41\" data-element_type=\"widget\" data-e-type=\"widget\" data-widget_type=\"image.default\">\n\t\t\t\t\t\t\t\t\t\t\t\t\t\t\t<img decoding=\"async\" width=\"150\" height=\"150\" src=\"https:\/\/www.onetoonecf.com\/wp-content\/uploads\/sites\/16\/2025\/12\/TY_Thank-you_Icon_Information-1-150x150.png\" class=\"attachment-thumbnail size-thumbnail wp-image-128862\" alt=\"\" srcset=\"https:\/\/www.onetoonecf.com\/wp-content\/uploads\/sites\/16\/2025\/12\/TY_Thank-you_Icon_Information-1-150x150.png 150w, https:\/\/www.onetoonecf.com\/wp-content\/uploads\/sites\/16\/2025\/12\/TY_Thank-you_Icon_Information-1-300x300.png 300w, https:\/\/www.onetoonecf.com\/wp-content\/uploads\/sites\/16\/2025\/12\/TY_Thank-you_Icon_Information-1-400x400.png 400w, https:\/\/www.onetoonecf.com\/wp-content\/uploads\/sites\/16\/2025\/12\/TY_Thank-you_Icon_Information-1.png 500w\" sizes=\"(max-width: 150px) 100vw, 150px\" \/>\t\t\t\t\t\t\t\t\t\t\t\t\t\t\t<\/div>\n\t\t\t\t<div class=\"elementor-element elementor-element-fd99230 elementor-widget elementor-widget-text-editor\" data-id=\"fd99230\" data-element_type=\"widget\" data-e-type=\"widget\" data-widget_type=\"text-editor.default\">\n\t\t\t\t\t\t\t\t\t<p><strong>Respuesta<\/strong><\/p>\t\t\t\t\t\t\t\t<\/div>\n\t\t\t\t<div class=\"elementor-element elementor-element-7cadd96 elementor-widget elementor-widget-text-editor\" data-id=\"7cadd96\" data-element_type=\"widget\" data-e-type=\"widget\" data-widget_type=\"text-editor.default\">\n\t\t\t\t\t\t\t\t\t<p>Nuestros analistas especializados en su sector se pondr\u00e1n en contacto con usted en un plazo de <strong>24 horas laborales<\/strong>.<\/p>\t\t\t\t\t\t\t\t<\/div>\n\t\t\t\t<\/div>\n\t\t<div class=\"elementor-element elementor-element-8782900 e-con-full e-flex e-con e-child\" data-id=\"8782900\" data-element_type=\"container\" data-e-type=\"container\">\n\t\t\t\t<div class=\"elementor-element elementor-element-8ec8e2e elementor-widget elementor-widget-image\" data-id=\"8ec8e2e\" data-element_type=\"widget\" data-e-type=\"widget\" data-widget_type=\"image.default\">\n\t\t\t\t\t\t\t\t\t\t\t\t\t\t\t<img decoding=\"async\" width=\"150\" height=\"150\" src=\"https:\/\/www.onetoonecf.com\/wp-content\/uploads\/sites\/16\/2025\/12\/TY_Thank-you_Icon_Response-1-150x150.png\" class=\"attachment-thumbnail size-thumbnail wp-image-128863\" alt=\"\" srcset=\"https:\/\/www.onetoonecf.com\/wp-content\/uploads\/sites\/16\/2025\/12\/TY_Thank-you_Icon_Response-1-150x150.png 150w, https:\/\/www.onetoonecf.com\/wp-content\/uploads\/sites\/16\/2025\/12\/TY_Thank-you_Icon_Response-1-300x300.png 300w, https:\/\/www.onetoonecf.com\/wp-content\/uploads\/sites\/16\/2025\/12\/TY_Thank-you_Icon_Response-1-400x400.png 400w, https:\/\/www.onetoonecf.com\/wp-content\/uploads\/sites\/16\/2025\/12\/TY_Thank-you_Icon_Response-1.png 500w\" sizes=\"(max-width: 150px) 100vw, 150px\" \/>\t\t\t\t\t\t\t\t\t\t\t\t\t\t\t<\/div>\n\t\t\t\t<div class=\"elementor-element elementor-element-7d31cee elementor-widget elementor-widget-text-editor\" data-id=\"7d31cee\" data-element_type=\"widget\" data-e-type=\"widget\" data-widget_type=\"text-editor.default\">\n\t\t\t\t\t\t\t\t\t<p><strong>Aviso<\/strong><\/p>\t\t\t\t\t\t\t\t<\/div>\n\t\t\t\t<div class=\"elementor-element elementor-element-a9e4fab elementor-widget elementor-widget-text-editor\" data-id=\"a9e4fab\" data-element_type=\"widget\" data-e-type=\"widget\" data-widget_type=\"text-editor.default\">\n\t\t\t\t\t\t\t\t\t<p>Para ofrecer un servicio adecuado, asesoramos a empresas con una <strong>facturaci\u00f3n superior a 2 millones de euros y m\u00e1s de 10 empleados<\/strong>. Si\u00a0 no es su caso, intentaremos ponerle en contacto con alguien que pueda ayudarle.<\/p>\t\t\t\t\t\t\t\t<\/div>\n\t\t\t\t<\/div>\n\t\t\t\t\t<\/div>\n\t\t\t\t<\/div>\n\t\t\t\t<\/div>\n\t\t","protected":false},"excerpt":{"rendered":"<p>\u00a1Gracias! Gracias por contactar con nosotros Confidencialidad Le recordamos que toda la informaci\u00f3n que nos ha proporcionado ser\u00e1 tratada de manera confidencial. Respuesta Nuestros analistas especializados en su sector se pondr\u00e1n en contacto con usted en un plazo de 24 horas laborales. Aviso Para ofrecer un servicio adecuado, asesoramos a empresas con una facturaci\u00f3n superior [&hellip;]<\/p>\n","protected":false},"author":11,"featured_media":0,"parent":0,"menu_order":0,"comment_status":"closed","ping_status":"closed","template":"","meta":{"_joinchat":[],"footnotes":""},"class_list":["post-24465","page","type-page","status-publish","hentry"],"yoast_head":"<!-- This site is optimized with the Yoast SEO plugin v27.5 - https:\/\/yoast.com\/product\/yoast-seo-wordpress\/ -->\n<title>Gracias | ONEtoONE CF<\/title>\n<meta name=\"description\" content=\"Gracias por contactar con ONEtoONE. Le recordamos que toda la informaci\u00f3n que nos ha proporcionado ser\u00e1 tratada de manera confidencial.\" \/>\n<meta name=\"robots\" content=\"index, follow, max-snippet:-1, max-image-preview:large, max-video-preview:-1\" \/>\n<link rel=\"canonical\" href=\"https:\/\/www.onetoonecf.com\/es\/thankyou\/\" \/>\n<meta property=\"og:locale\" content=\"es_ES\" \/>\n<meta property=\"og:type\" content=\"article\" \/>\n<meta property=\"og:title\" content=\"Gracias | ONEtoONE CF\" \/>\n<meta property=\"og:description\" content=\"Gracias por contactar con ONEtoONE. Le recordamos que toda la informaci\u00f3n que nos ha proporcionado ser\u00e1 tratada de manera confidencial.\" \/>\n<meta property=\"og:url\" content=\"https:\/\/www.onetoonecf.com\/es\/thankyou\/\" \/>\n<meta property=\"og:site_name\" content=\"ONEtoONE Corporate Finance\" \/>\n<meta property=\"article:modified_time\" content=\"2025-12-10T16:53:36+00:00\" \/>\n<meta property=\"og:image\" content=\"https:\/\/www.onetoonecf.com\/wp-content\/uploads\/sites\/16\/2025\/12\/TY_Thank-you_Icon_Confidentiality-1.png\" \/>\n\t<meta property=\"og:image:width\" content=\"500\" \/>\n\t<meta property=\"og:image:height\" content=\"500\" \/>\n\t<meta property=\"og:image:type\" content=\"image\/png\" \/>\n<meta name=\"twitter:card\" content=\"summary_large_image\" \/>\n<meta name=\"twitter:label1\" content=\"Tiempo de lectura\" \/>\n\t<meta name=\"twitter:data1\" content=\"3 minutos\" \/>\n<script type=\"application\/ld+json\" class=\"yoast-schema-graph\">{\"@context\":\"https:\\\/\\\/schema.org\",\"@graph\":[{\"@type\":\"WebPage\",\"@id\":\"https:\\\/\\\/www.onetoonecf.com\\\/es\\\/thankyou\\\/\",\"url\":\"https:\\\/\\\/www.onetoonecf.com\\\/es\\\/thankyou\\\/\",\"name\":\"Gracias | ONEtoONE CF\",\"isPartOf\":{\"@id\":\"https:\\\/\\\/www.onetoonecf.com\\\/es\\\/#website\"},\"primaryImageOfPage\":{\"@id\":\"https:\\\/\\\/www.onetoonecf.com\\\/es\\\/thankyou\\\/#primaryimage\"},\"image\":{\"@id\":\"https:\\\/\\\/www.onetoonecf.com\\\/es\\\/thankyou\\\/#primaryimage\"},\"thumbnailUrl\":\"https:\\\/\\\/www.onetoonecf.com\\\/wp-content\\\/uploads\\\/sites\\\/16\\\/2025\\\/12\\\/TY_Thank-you_Icon_Confidentiality-1-150x150.png\",\"datePublished\":\"2018-08-06T14:49:02+00:00\",\"dateModified\":\"2025-12-10T16:53:36+00:00\",\"description\":\"Gracias por contactar con ONEtoONE. Le recordamos que toda la informaci\u00f3n que nos ha proporcionado ser\u00e1 tratada de manera confidencial.\",\"breadcrumb\":{\"@id\":\"https:\\\/\\\/www.onetoonecf.com\\\/es\\\/thankyou\\\/#breadcrumb\"},\"inLanguage\":\"es\",\"potentialAction\":[{\"@type\":\"ReadAction\",\"target\":[\"https:\\\/\\\/www.onetoonecf.com\\\/es\\\/thankyou\\\/\"]}]},{\"@type\":\"ImageObject\",\"inLanguage\":\"es\",\"@id\":\"https:\\\/\\\/www.onetoonecf.com\\\/es\\\/thankyou\\\/#primaryimage\",\"url\":\"https:\\\/\\\/www.onetoonecf.com\\\/wp-content\\\/uploads\\\/sites\\\/16\\\/2025\\\/12\\\/TY_Thank-you_Icon_Confidentiality-1-150x150.png\",\"contentUrl\":\"https:\\\/\\\/www.onetoonecf.com\\\/wp-content\\\/uploads\\\/sites\\\/16\\\/2025\\\/12\\\/TY_Thank-you_Icon_Confidentiality-1-150x150.png\"},{\"@type\":\"BreadcrumbList\",\"@id\":\"https:\\\/\\\/www.onetoonecf.com\\\/es\\\/thankyou\\\/#breadcrumb\",\"itemListElement\":[{\"@type\":\"ListItem\",\"position\":1,\"name\":\"Home\",\"item\":\"https:\\\/\\\/www.onetoonecf.com\\\/es\\\/new-home-2025\\\/\"},{\"@type\":\"ListItem\",\"position\":2,\"name\":\"Gracias\"}]},{\"@type\":\"WebSite\",\"@id\":\"https:\\\/\\\/www.onetoonecf.com\\\/es\\\/#website\",\"url\":\"https:\\\/\\\/www.onetoonecf.com\\\/es\\\/\",\"name\":\"ONEtoONE Corporate Finance\",\"description\":\"\",\"potentialAction\":[{\"@type\":\"SearchAction\",\"target\":{\"@type\":\"EntryPoint\",\"urlTemplate\":\"https:\\\/\\\/www.onetoonecf.com\\\/es\\\/?s={search_term_string}\"},\"query-input\":{\"@type\":\"PropertyValueSpecification\",\"valueRequired\":true,\"valueName\":\"search_term_string\"}}],\"inLanguage\":\"es\"}]}<\/script>\n<!-- \/ Yoast SEO plugin. -->","yoast_head_json":{"title":"Gracias | ONEtoONE CF","description":"Gracias por contactar con ONEtoONE. Le recordamos que toda la informaci\u00f3n que nos ha proporcionado ser\u00e1 tratada de manera confidencial.","robots":{"index":"index","follow":"follow","max-snippet":"max-snippet:-1","max-image-preview":"max-image-preview:large","max-video-preview":"max-video-preview:-1"},"canonical":"https:\/\/www.onetoonecf.com\/es\/thankyou\/","og_locale":"es_ES","og_type":"article","og_title":"Gracias | ONEtoONE CF","og_description":"Gracias por contactar con ONEtoONE. Le recordamos que toda la informaci\u00f3n que nos ha proporcionado ser\u00e1 tratada de manera confidencial.","og_url":"https:\/\/www.onetoonecf.com\/es\/thankyou\/","og_site_name":"ONEtoONE Corporate Finance","article_modified_time":"2025-12-10T16:53:36+00:00","og_image":[{"width":500,"height":500,"url":"https:\/\/www.onetoonecf.com\/wp-content\/uploads\/sites\/16\/2025\/12\/TY_Thank-you_Icon_Confidentiality-1.png","type":"image\/png"}],"twitter_card":"summary_large_image","twitter_misc":{"Tiempo de lectura":"3 minutos"},"schema":{"@context":"https:\/\/schema.org","@graph":[{"@type":"WebPage","@id":"https:\/\/www.onetoonecf.com\/es\/thankyou\/","url":"https:\/\/www.onetoonecf.com\/es\/thankyou\/","name":"Gracias | ONEtoONE CF","isPartOf":{"@id":"https:\/\/www.onetoonecf.com\/es\/#website"},"primaryImageOfPage":{"@id":"https:\/\/www.onetoonecf.com\/es\/thankyou\/#primaryimage"},"image":{"@id":"https:\/\/www.onetoonecf.com\/es\/thankyou\/#primaryimage"},"thumbnailUrl":"https:\/\/www.onetoonecf.com\/wp-content\/uploads\/sites\/16\/2025\/12\/TY_Thank-you_Icon_Confidentiality-1-150x150.png","datePublished":"2018-08-06T14:49:02+00:00","dateModified":"2025-12-10T16:53:36+00:00","description":"Gracias por contactar con ONEtoONE. Le recordamos que toda la informaci\u00f3n que nos ha proporcionado ser\u00e1 tratada de manera confidencial.","breadcrumb":{"@id":"https:\/\/www.onetoonecf.com\/es\/thankyou\/#breadcrumb"},"inLanguage":"es","potentialAction":[{"@type":"ReadAction","target":["https:\/\/www.onetoonecf.com\/es\/thankyou\/"]}]},{"@type":"ImageObject","inLanguage":"es","@id":"https:\/\/www.onetoonecf.com\/es\/thankyou\/#primaryimage","url":"https:\/\/www.onetoonecf.com\/wp-content\/uploads\/sites\/16\/2025\/12\/TY_Thank-you_Icon_Confidentiality-1-150x150.png","contentUrl":"https:\/\/www.onetoonecf.com\/wp-content\/uploads\/sites\/16\/2025\/12\/TY_Thank-you_Icon_Confidentiality-1-150x150.png"},{"@type":"BreadcrumbList","@id":"https:\/\/www.onetoonecf.com\/es\/thankyou\/#breadcrumb","itemListElement":[{"@type":"ListItem","position":1,"name":"Home","item":"https:\/\/www.onetoonecf.com\/es\/new-home-2025\/"},{"@type":"ListItem","position":2,"name":"Gracias"}]},{"@type":"WebSite","@id":"https:\/\/www.onetoonecf.com\/es\/#website","url":"https:\/\/www.onetoonecf.com\/es\/","name":"ONEtoONE Corporate Finance","description":"","potentialAction":[{"@type":"SearchAction","target":{"@type":"EntryPoint","urlTemplate":"https:\/\/www.onetoonecf.com\/es\/?s={search_term_string}"},"query-input":{"@type":"PropertyValueSpecification","valueRequired":true,"valueName":"search_term_string"}}],"inLanguage":"es"}]}},"_links":{"self":[{"href":"https:\/\/www.onetoonecf.com\/es\/wp-json\/wp\/v2\/pages\/24465","targetHints":{"allow":["GET"]}}],"collection":[{"href":"https:\/\/www.onetoonecf.com\/es\/wp-json\/wp\/v2\/pages"}],"about":[{"href":"https:\/\/www.onetoonecf.com\/es\/wp-json\/wp\/v2\/types\/page"}],"author":[{"embeddable":true,"href":"https:\/\/www.onetoonecf.com\/es\/wp-json\/wp\/v2\/users\/11"}],"replies":[{"embeddable":true,"href":"https:\/\/www.onetoonecf.com\/es\/wp-json\/wp\/v2\/comments?post=24465"}],"version-history":[{"count":28,"href":"https:\/\/www.onetoonecf.com\/es\/wp-json\/wp\/v2\/pages\/24465\/revisions"}],"predecessor-version":[{"id":128939,"href":"https:\/\/www.onetoonecf.com\/es\/wp-json\/wp\/v2\/pages\/24465\/revisions\/128939"}],"wp:attachment":[{"href":"https:\/\/www.onetoonecf.com\/es\/wp-json\/wp\/v2\/media?parent=24465"}],"curies":[{"name":"wp","href":"https:\/\/api.w.org\/{rel}","templated":true}]}}