{"id":26341,"date":"2018-11-28T09:07:46","date_gmt":"2018-11-28T09:07:46","guid":{"rendered":"http:\/\/www.multisite.onetoonecf.com\/?page_id=26341"},"modified":"2021-08-16T11:12:13","modified_gmt":"2021-08-16T09:12:13","slug":"clarity","status":"publish","type":"page","link":"https:\/\/www.onetoonecf.com\/es\/clarity\/","title":{"rendered":"Clarity"},"content":{"rendered":"<p>[rev_slider alias=\u00bblanding-clarity-2021&#8243;]<\/p>\n<p style=\"text-align: justify;\"><strong>\u00bfEn qu\u00e9 fase se encuentra la operaci\u00f3n? \u00bfexisten interesados? \u00bfQui\u00e9nes son?<\/strong><br \/>\nGracias a un toque de pantalla puedes acceder a tu mandato, al proceso de venta o b\u00fasqueda de inversores para tu compa\u00f1\u00eda. Descargar la documentaci\u00f3n que elaboramos para ti, o consultar qu\u00e9 inversores hemos contactado de manera sencilla y r\u00e1pida gracias a nuestra<strong> aplicaci\u00f3n para clientes denominada Clarity<\/strong>. Queremos implicarte en la operaci\u00f3n siendo 100% transparentes contigo las 24 horas del d\u00eda. T\u00fa decides cu\u00e1ndo y d\u00f3nde accedes a Clarity.<\/p>\n<p>Dentro de Clarity encontrar\u00e1s toda la documentaci\u00f3n e informaci\u00f3n relativa a la operaci\u00f3n para la que nos has contratado. Todo de manera clara y sencilla.<\/p>\n<p style=\"text-align: justify;\">Nuestra aplicaci\u00f3n est\u00e1 dise\u00f1ada para poder ser consultada desde cualquier dispositivo y navegador. La comodidad de disponer de todos los datos con un solo clic, sin necesidad de reuniones, email o llamadas. Transparencia como garante de nuestro trabajo.<\/p>\n<p style=\"text-align: justify;\">Clarity cumple con los m\u00e1s altos est\u00e1ndares de confidencialidad. Solo t\u00fa puedes consultar la informaci\u00f3n relativa a tu compa\u00f1\u00eda. T\u00fa controlas el proceso.<\/p>\n<p style=\"text-align: justify;\">Mediante Clarity podr\u00e1s contactar de manera directa con el equipo que trabaja en tu mandato.Tambi\u00e9n podr\u00e1s a\u00f1adir comentarios a las empresas o inversores contactados, as\u00ed como conocer el estado de cada contacto. Conocer\u00e1s en cada momento la fase en la que se encuentra tu compa\u00f1\u00eda dentro del proceso de venta o b\u00fasqueda de inversores. Trabajamos para que est\u00e9s informado en todo momento y mantengas el control sobre lo que ocurre.<\/p>\n<p>Adicionalmente a Clarity, ONEtoONE pone a disposici\u00f3n de cada operaci\u00f3n un Data Room virtual. El acceso a esta sala virtual se facilita al interesado en la compraventa una vez firmada la Oferta Indicativa (oferta en firme que realiza el interesado), con el objetivo de facilitar m\u00e1s informaci\u00f3n sobre la compa\u00f1\u00eda objeto de la operaci\u00f3n.<\/p>\n<p style=\"text-align: justify;\">Se trata de un Software online que impide la impresi\u00f3n de la documentaci\u00f3n contenida, gestiona qu\u00e9, qui\u00e9n, cu\u00e1ndo y c\u00f3mo se descarga la informaci\u00f3n contenida. Gracias a esta aplicaci\u00f3n se refuerza la confidencialidad del proceso, evitando, entre otros, que la informaci\u00f3n viaje por email sin control.<\/p>\n<p>El Data Room permite al equipo de ONEtoONE y al cliente monitorizar todo el proceso documental.<\/p>\n<p style=\"text-align: justify;\">ONEtoONE ha creado un centro de excelencia en research y business intelligence para ofrecer un valor diferencial. ONEtoONE cuenta con un equipo propio de especialistas en Reseach y localizaci\u00f3n de targets dedicado completamente a la realizaci\u00f3n de b\u00fasqueda de empresas target a nivel mundial. Nuestro equipo de Research trabaja con las mejores bases de datos internacionales de compa\u00f1\u00edas y la \u00faltima informaci\u00f3n del mercado, localizando as\u00ed las mejores contrapartidas, aquellas que m\u00e1s valor le pueden crear. El trabajo de nuestros especialistas nos permite cualificar compradores por todo el Mundo<\/p>\n<p style=\"text-align: center;\"><span style=\"font-size: 24px; color: #133551;\">\u00bfQuiere conocer m\u00e1s sobre el mundo de la compraventa de empresas?<\/span><\/p>\n<p>[rev_slider alias=\u00bbreal-state-slider\u00bb]<\/p>\n<p style=\"text-align: justify;\">En un mercado sujeto a constantes cambios, el mundo inmobiliario puede ser dif\u00edcil de manejar. La buena noticia es que no tiene que hacerlo solo. ONEtoONE lanz\u00f3 su divisi\u00f3n de Real Estate en 2015 en Espa\u00f1a con el objetivo de proporcionar asesor\u00eda inmobiliaria, ampliando este servicio a nivel mundial en 2017.<\/p>\n<p style=\"text-align: center;\"><strong>Compra de deuda con colaterales inmobiliarios<\/strong><\/p>\n<p style=\"text-align: center;\"><strong>B\u00fasqueda de inversores para compa\u00f1\u00edas o proyectos dentro del sector inmobiliarios.<\/strong><\/p>\n<p style=\"text-align: center;\"><strong>Compra y venta de activos inmobiliarios<\/strong><\/p>\n<p style=\"text-align: justify;\"><strong>ONEtoONE Real Estate<\/strong> cuenta con un equipo de especialistas muy experimentado en el mercado inmobiliario. Este equipo est\u00e1 dirigido por un panel de asesores s\u00e9nior y est\u00e1 compuesto por arquitectos e ingenieros, algunos de los cuales provienen de SAREB, la compa\u00f1\u00eda inmobiliaria m\u00e1s grande de Europa con m\u00e1s de 400,000 activos y pr\u00e9stamos inmobiliarios adjudicados. Otros miembros tienen experiencia en compa\u00f1\u00edas de gesti\u00f3n de proyectos como EC Harris, fondos de inversi\u00f3n como Perry Capital, firmas de relaciones con inversores como Huntsworth Plc, as\u00ed como compa\u00f1\u00edas constructoras \u00a0y de referencia como Solvia, Acciona o Quabit Inmobiliaria.<\/p>\n<p style=\"text-align: justify;\">ONEtoONE ha creado un centro de excelencia e inteligencia de negocios para ofrecer un valor diferencial a nuestros clientes. Tenemos nuestro propio equipo de research completamente enfocado en encontrar objetivos a nivel global. Trabajamos con las mejores bases de datos internacionales y la informaci\u00f3n de mercado m\u00e1s actualizada para encontrar las mejores contrapartidas para cada mandato. Adem\u00e1s, hemos desarrollado nuestra propia base de datos con m\u00e1s de 500 inversores inmobiliarios internacionales para asegurarnos que encontramos la mejor contrapartida para Usted.<\/p>\n<p style=\"text-align: justify;\"><strong>ONEtoONE Corporate Finance<\/strong> es un equipo internacional de especialistas en fusiones y adquisiciones que asesora a las empresas del middle market con la misi\u00f3n de maximizar su valor. Tiene una poderosa red mundial de oficinas y profesionales especializados en la compraventa de compa\u00f1\u00edas, habiendo cerrado m\u00e1s de 1,000 mandatos en 20 sectores. Esto nos hace expertos en localizar las mejores contrapartidas a nivel mundial para su mandato.<\/p>\n","protected":false},"excerpt":{"rendered":"<p>[rev_slider alias=\u00bblanding-clarity-2021&#8243;] \u00bfEn qu\u00e9 fase se encuentra la operaci\u00f3n? \u00bfexisten interesados? \u00bfQui\u00e9nes son? Gracias a un toque de pantalla puedes acceder a tu mandato, al proceso de venta o b\u00fasqueda de inversores para tu compa\u00f1\u00eda. Descargar la documentaci\u00f3n que elaboramos para ti, o consultar qu\u00e9 inversores hemos contactado de manera sencilla y r\u00e1pida gracias a [&hellip;]<\/p>\n","protected":false},"author":4,"featured_media":0,"parent":0,"menu_order":0,"comment_status":"closed","ping_status":"closed","template":"page-sidebar.php","meta":{"_joinchat":[],"footnotes":""},"class_list":["post-26341","page","type-page","status-publish","hentry"],"yoast_head":"<!-- This site is optimized with the Yoast SEO plugin v27.4 - https:\/\/yoast.com\/product\/yoast-seo-wordpress\/ -->\n<title>Clarity - ONEtoONE Corporate Finance<\/title>\n<meta name=\"description\" content=\"Nuestra divisi\u00f3n de Real Estate proporciona asesor\u00eda inmobiliaria a nivel mundial. \u00a1Descubra los asesoramientos que ofrecemos a nuestros clientes!\" \/>\n<meta name=\"robots\" content=\"index, follow, max-snippet:-1, max-image-preview:large, max-video-preview:-1\" \/>\n<link rel=\"canonical\" href=\"https:\/\/www.onetoonecf.com\/es\/clarity\/\" \/>\n<meta property=\"og:locale\" content=\"es_ES\" \/>\n<meta property=\"og:type\" content=\"article\" \/>\n<meta property=\"og:title\" content=\"Clarity - ONEtoONE Corporate Finance\" \/>\n<meta property=\"og:description\" content=\"Nuestra divisi\u00f3n de Real Estate proporciona asesor\u00eda inmobiliaria a nivel mundial. \u00a1Descubra los asesoramientos que ofrecemos a nuestros clientes!\" \/>\n<meta property=\"og:url\" content=\"https:\/\/www.onetoonecf.com\/es\/clarity\/\" \/>\n<meta property=\"og:site_name\" content=\"ONEtoONE Corporate Finance\" \/>\n<meta property=\"article:modified_time\" content=\"2021-08-16T09:12:13+00:00\" \/>\n<meta name=\"twitter:card\" content=\"summary_large_image\" \/>\n<meta name=\"twitter:label1\" content=\"Tiempo de lectura\" \/>\n\t<meta name=\"twitter:data1\" content=\"6 minutos\" \/>\n<script type=\"application\/ld+json\" class=\"yoast-schema-graph\">{\"@context\":\"https:\\\/\\\/schema.org\",\"@graph\":[{\"@type\":\"WebPage\",\"@id\":\"https:\\\/\\\/www.onetoonecf.com\\\/es\\\/clarity\\\/\",\"url\":\"https:\\\/\\\/www.onetoonecf.com\\\/es\\\/clarity\\\/\",\"name\":\"Clarity - ONEtoONE Corporate Finance\",\"isPartOf\":{\"@id\":\"https:\\\/\\\/www.onetoonecf.com\\\/es\\\/#website\"},\"datePublished\":\"2018-11-28T09:07:46+00:00\",\"dateModified\":\"2021-08-16T09:12:13+00:00\",\"description\":\"Nuestra divisi\u00f3n de Real Estate proporciona asesor\u00eda inmobiliaria a nivel mundial. \u00a1Descubra los asesoramientos que ofrecemos a nuestros clientes!\",\"breadcrumb\":{\"@id\":\"https:\\\/\\\/www.onetoonecf.com\\\/es\\\/clarity\\\/#breadcrumb\"},\"inLanguage\":\"es\",\"potentialAction\":[{\"@type\":\"ReadAction\",\"target\":[\"https:\\\/\\\/www.onetoonecf.com\\\/es\\\/clarity\\\/\"]}]},{\"@type\":\"BreadcrumbList\",\"@id\":\"https:\\\/\\\/www.onetoonecf.com\\\/es\\\/clarity\\\/#breadcrumb\",\"itemListElement\":[{\"@type\":\"ListItem\",\"position\":1,\"name\":\"Home\",\"item\":\"https:\\\/\\\/www.onetoonecf.com\\\/es\\\/new-home-2025\\\/\"},{\"@type\":\"ListItem\",\"position\":2,\"name\":\"Clarity\"}]},{\"@type\":\"WebSite\",\"@id\":\"https:\\\/\\\/www.onetoonecf.com\\\/es\\\/#website\",\"url\":\"https:\\\/\\\/www.onetoonecf.com\\\/es\\\/\",\"name\":\"ONEtoONE Corporate Finance\",\"description\":\"\",\"potentialAction\":[{\"@type\":\"SearchAction\",\"target\":{\"@type\":\"EntryPoint\",\"urlTemplate\":\"https:\\\/\\\/www.onetoonecf.com\\\/es\\\/?s={search_term_string}\"},\"query-input\":{\"@type\":\"PropertyValueSpecification\",\"valueRequired\":true,\"valueName\":\"search_term_string\"}}],\"inLanguage\":\"es\"}]}<\/script>\n<!-- \/ Yoast SEO plugin. -->","yoast_head_json":{"title":"Clarity - ONEtoONE Corporate Finance","description":"Nuestra divisi\u00f3n de Real Estate proporciona asesor\u00eda inmobiliaria a nivel mundial. \u00a1Descubra los asesoramientos que ofrecemos a nuestros clientes!","robots":{"index":"index","follow":"follow","max-snippet":"max-snippet:-1","max-image-preview":"max-image-preview:large","max-video-preview":"max-video-preview:-1"},"canonical":"https:\/\/www.onetoonecf.com\/es\/clarity\/","og_locale":"es_ES","og_type":"article","og_title":"Clarity - ONEtoONE Corporate Finance","og_description":"Nuestra divisi\u00f3n de Real Estate proporciona asesor\u00eda inmobiliaria a nivel mundial. \u00a1Descubra los asesoramientos que ofrecemos a nuestros clientes!","og_url":"https:\/\/www.onetoonecf.com\/es\/clarity\/","og_site_name":"ONEtoONE Corporate Finance","article_modified_time":"2021-08-16T09:12:13+00:00","twitter_card":"summary_large_image","twitter_misc":{"Tiempo de lectura":"6 minutos"},"schema":{"@context":"https:\/\/schema.org","@graph":[{"@type":"WebPage","@id":"https:\/\/www.onetoonecf.com\/es\/clarity\/","url":"https:\/\/www.onetoonecf.com\/es\/clarity\/","name":"Clarity - ONEtoONE Corporate Finance","isPartOf":{"@id":"https:\/\/www.onetoonecf.com\/es\/#website"},"datePublished":"2018-11-28T09:07:46+00:00","dateModified":"2021-08-16T09:12:13+00:00","description":"Nuestra divisi\u00f3n de Real Estate proporciona asesor\u00eda inmobiliaria a nivel mundial. \u00a1Descubra los asesoramientos que ofrecemos a nuestros clientes!","breadcrumb":{"@id":"https:\/\/www.onetoonecf.com\/es\/clarity\/#breadcrumb"},"inLanguage":"es","potentialAction":[{"@type":"ReadAction","target":["https:\/\/www.onetoonecf.com\/es\/clarity\/"]}]},{"@type":"BreadcrumbList","@id":"https:\/\/www.onetoonecf.com\/es\/clarity\/#breadcrumb","itemListElement":[{"@type":"ListItem","position":1,"name":"Home","item":"https:\/\/www.onetoonecf.com\/es\/new-home-2025\/"},{"@type":"ListItem","position":2,"name":"Clarity"}]},{"@type":"WebSite","@id":"https:\/\/www.onetoonecf.com\/es\/#website","url":"https:\/\/www.onetoonecf.com\/es\/","name":"ONEtoONE Corporate Finance","description":"","potentialAction":[{"@type":"SearchAction","target":{"@type":"EntryPoint","urlTemplate":"https:\/\/www.onetoonecf.com\/es\/?s={search_term_string}"},"query-input":{"@type":"PropertyValueSpecification","valueRequired":true,"valueName":"search_term_string"}}],"inLanguage":"es"}]}},"_links":{"self":[{"href":"https:\/\/www.onetoonecf.com\/es\/wp-json\/wp\/v2\/pages\/26341","targetHints":{"allow":["GET"]}}],"collection":[{"href":"https:\/\/www.onetoonecf.com\/es\/wp-json\/wp\/v2\/pages"}],"about":[{"href":"https:\/\/www.onetoonecf.com\/es\/wp-json\/wp\/v2\/types\/page"}],"author":[{"embeddable":true,"href":"https:\/\/www.onetoonecf.com\/es\/wp-json\/wp\/v2\/users\/4"}],"replies":[{"embeddable":true,"href":"https:\/\/www.onetoonecf.com\/es\/wp-json\/wp\/v2\/comments?post=26341"}],"version-history":[{"count":26,"href":"https:\/\/www.onetoonecf.com\/es\/wp-json\/wp\/v2\/pages\/26341\/revisions"}],"predecessor-version":[{"id":83887,"href":"https:\/\/www.onetoonecf.com\/es\/wp-json\/wp\/v2\/pages\/26341\/revisions\/83887"}],"wp:attachment":[{"href":"https:\/\/www.onetoonecf.com\/es\/wp-json\/wp\/v2\/media?parent=26341"}],"curies":[{"name":"wp","href":"https:\/\/api.w.org\/{rel}","templated":true}]}}