{"id":44786,"date":"2018-12-20T15:14:38","date_gmt":"2018-12-20T15:14:38","guid":{"rendered":"http:\/\/www.multisite.onetoonecf.com\/descargue-como-maximizar-el-precio-de-tu-empresa\/"},"modified":"2026-02-27T13:53:22","modified_gmt":"2026-02-27T12:53:22","slug":"descargue-como-maximizar-el-precio-de-tu-empresa","status":"publish","type":"page","link":"https:\/\/www.onetoonecf.com\/es\/descargue-como-maximizar-el-precio-de-tu-empresa\/","title":{"rendered":"Descargue C\u00f3mo maximizar el precio de tu empresa"},"content":{"rendered":"<style>.elementor-44786 .elementor-element.elementor-element-0827211{--display:flex;--min-height:450px;--flex-direction:row;--container-widget-width:initial;--container-widget-height:100%;--container-widget-flex-grow:1;--container-widget-align-self:stretch;--flex-wrap-mobile:wrap;--gap:10px 10px;--row-gap:10px;--column-gap:10px;border-style:solid;--border-style:solid;border-width:10px 10px 10px 10px;--border-top-width:10px;--border-right-width:10px;--border-bottom-width:10px;--border-left-width:10px;border-color:var( --e-global-color-accent );--border-color:var( --e-global-color-accent );--border-radius:25px 25px 25px 25px;--margin-top:0px;--margin-bottom:50px;--margin-left:0px;--margin-right:0px;--padding-top:0%;--padding-bottom:0%;--padding-left:0%;--padding-right:0%;}.elementor-44786 .elementor-element.elementor-element-0827211.e-con{--flex-grow:0;--flex-shrink:0;}.elementor-44786 .elementor-element.elementor-element-69dd374{--display:flex;--justify-content:space-evenly;--overlay-opacity:0.7;--border-radius:25px 25px 25px 25px;--padding-top:0px;--padding-bottom:0px;--padding-left:0px;--padding-right:0px;}.elementor-44786 .elementor-element.elementor-element-69dd374:not(.elementor-motion-effects-element-type-background), .elementor-44786 .elementor-element.elementor-element-69dd374 > .elementor-motion-effects-container > .elementor-motion-effects-layer{background-image:url(\"https:\/\/www.onetoonecf.com\/wp-content\/uploads\/sites\/16\/2026\/02\/maximize.png\");background-position:center center;}.elementor-44786 .elementor-element.elementor-element-69dd374::before, .elementor-44786 .elementor-element.elementor-element-69dd374 > .elementor-background-video-container::before, .elementor-44786 .elementor-element.elementor-element-69dd374 > .e-con-inner > .elementor-background-video-container::before, .elementor-44786 .elementor-element.elementor-element-69dd374 > .elementor-background-slideshow::before, .elementor-44786 .elementor-element.elementor-element-69dd374 > .e-con-inner > .elementor-background-slideshow::before, .elementor-44786 .elementor-element.elementor-element-69dd374 > .elementor-motion-effects-container > .elementor-motion-effects-layer::before{--background-overlay:'';background-color:#457896;}.elementor-44786 .elementor-element.elementor-element-602ea05{--display:flex;--gap:15px 15px;--row-gap:15px;--column-gap:15px;--margin-top:100px;--margin-bottom:100px;--margin-left:0px;--margin-right:0px;--padding-top:0px;--padding-bottom:0px;--padding-left:60px;--padding-right:60px;}.elementor-44786 .elementor-element.elementor-element-44c1d6e{text-align:center;}.elementor-44786 .elementor-element.elementor-element-44c1d6e .elementor-heading-title{font-family:\"Fraunces\", Sans-serif;font-size:62px;font-weight:300;text-decoration:none;line-height:1em;letter-spacing:-1px;color:var( --e-global-color-accent );}.elementor-44786 .elementor-element.elementor-element-5df3cb5{--display:flex;--flex-direction:row;--container-widget-width:initial;--container-widget-height:100%;--container-widget-flex-grow:1;--container-widget-align-self:stretch;--flex-wrap-mobile:wrap;--gap:0px 0px;--row-gap:0px;--column-gap:0px;}.elementor-44786 .elementor-element.elementor-element-ee8ed26{--display:flex;--flex-direction:column;--container-widget-width:100%;--container-widget-height:initial;--container-widget-flex-grow:0;--container-widget-align-self:initial;--flex-wrap-mobile:wrap;}.elementor-44786 .elementor-element.elementor-element-ee8ed26.e-con{--flex-grow:0;--flex-shrink:0;}.elementor-44786 .elementor-element.elementor-element-009fdd5{text-align:start;}.elementor-44786 .elementor-element.elementor-element-009fdd5 .elementor-heading-title{font-family:\"Fraunces\", Sans-serif;font-size:50px;font-weight:300;text-transform:none;text-decoration:none;line-height:1em;letter-spacing:-1px;color:#0E5A7E;}.elementor-44786 .elementor-element.elementor-element-684a833{--display:flex;--flex-direction:column;--container-widget-width:100%;--container-widget-height:initial;--container-widget-flex-grow:0;--container-widget-align-self:initial;--flex-wrap-mobile:wrap;}.elementor-44786 .elementor-element.elementor-element-402e1c2 .elementor-icon-list-items:not(.elementor-inline-items) .elementor-icon-list-item:not(:last-child){padding-block-end:calc(3px\/2);}.elementor-44786 .elementor-element.elementor-element-402e1c2 .elementor-icon-list-items:not(.elementor-inline-items) .elementor-icon-list-item:not(:first-child){margin-block-start:calc(3px\/2);}.elementor-44786 .elementor-element.elementor-element-402e1c2 .elementor-icon-list-items.elementor-inline-items .elementor-icon-list-item{margin-inline:calc(3px\/2);}.elementor-44786 .elementor-element.elementor-element-402e1c2 .elementor-icon-list-items.elementor-inline-items{margin-inline:calc(-3px\/2);}.elementor-44786 .elementor-element.elementor-element-402e1c2 .elementor-icon-list-items.elementor-inline-items .elementor-icon-list-item:after{inset-inline-end:calc(-3px\/2);}.elementor-44786 .elementor-element.elementor-element-402e1c2 .elementor-icon-list-icon i{transition:color 0.3s;}.elementor-44786 .elementor-element.elementor-element-402e1c2 .elementor-icon-list-icon svg{transition:fill 0.3s;}.elementor-44786 .elementor-element.elementor-element-402e1c2{--e-icon-list-icon-size:14px;--icon-vertical-offset:0px;}.elementor-44786 .elementor-element.elementor-element-402e1c2 .elementor-icon-list-text{transition:color 0.3s;}.elementor-44786 .elementor-element.elementor-element-22adf52{--display:flex;}.elementor-44786 .elementor-element.elementor-element-822a5eb{--display:grid;--e-con-grid-template-columns:8fr 4fr;--e-con-grid-template-rows:repeat(1, 1fr);--grid-auto-flow:row;}.elementor-44786 .elementor-element.elementor-element-21d06e8{--display:flex;}.elementor-44786 .elementor-element.elementor-element-2dd8bee{text-align:start;}.elementor-44786 .elementor-element.elementor-element-2dd8bee .elementor-heading-title{font-family:\"Fraunces\", Sans-serif;font-size:50px;font-weight:300;text-transform:none;text-decoration:none;line-height:1em;letter-spacing:-1px;color:#0E5A7E;}.elementor-44786 .elementor-element.elementor-element-6cc22eb{--display:flex;--min-height:235px;}.elementor-44786 .elementor-element.elementor-element-78ea12b{text-align:center;margin:0px 0px calc(var(--kit-widget-spacing, 0px) + 0px) 0px;padding:0px 0px 0px 0px;width:100%;max-width:100%;}.elementor-44786 .elementor-element.elementor-element-78ea12b img{width:95%;height:480px;}:root{--page-title-display:none;}@media(min-width:768px){.elementor-44786 .elementor-element.elementor-element-0827211{--content-width:1700px;}.elementor-44786 .elementor-element.elementor-element-ee8ed26{--width:100%;}}@media(max-width:1024px){.elementor-44786 .elementor-element.elementor-element-0827211{--min-height:260px;--flex-direction:column-reverse;--container-widget-width:100%;--container-widget-height:initial;--container-widget-flex-grow:0;--container-widget-align-self:initial;--flex-wrap-mobile:wrap;--margin-top:0px;--margin-bottom:0px;--margin-left:0px;--margin-right:0px;}.elementor-44786 .elementor-element.elementor-element-69dd374{--margin-top:0px;--margin-bottom:0px;--margin-left:0px;--margin-right:0px;}.elementor-44786 .elementor-element.elementor-element-44c1d6e .elementor-heading-title{font-size:55px;line-height:1em;letter-spacing:-1px;}.elementor-44786 .elementor-element.elementor-element-009fdd5 .elementor-heading-title{font-size:34px;line-height:1em;letter-spacing:-1px;}.elementor-44786 .elementor-element.elementor-element-822a5eb{--grid-auto-flow:row;}.elementor-44786 .elementor-element.elementor-element-2dd8bee .elementor-heading-title{font-size:55px;line-height:1em;letter-spacing:-1px;}}@media(max-width:767px){.elementor-44786 .elementor-element.elementor-element-0827211{--min-height:393px;--margin-top:0px;--margin-bottom:0px;--margin-left:0px;--margin-right:0px;--padding-top:0%;--padding-bottom:0%;--padding-left:0%;--padding-right:0%;}.elementor-44786 .elementor-element.elementor-element-69dd374{--min-height:60vh;--margin-top:0px;--margin-bottom:0px;--margin-left:0px;--margin-right:0px;--padding-top:0px;--padding-bottom:0px;--padding-left:0px;--padding-right:0px;}.elementor-44786 .elementor-element.elementor-element-69dd374:not(.elementor-motion-effects-element-type-background), .elementor-44786 .elementor-element.elementor-element-69dd374 > .elementor-motion-effects-container > .elementor-motion-effects-layer{background-position:center center;background-repeat:no-repeat;background-size:cover;}.elementor-44786 .elementor-element.elementor-element-602ea05{--padding-top:0px;--padding-bottom:0px;--padding-left:20px;--padding-right:20px;}.elementor-44786 .elementor-element.elementor-element-44c1d6e .elementor-heading-title{font-size:40px;line-height:1em;letter-spacing:-1px;}.elementor-44786 .elementor-element.elementor-element-009fdd5 .elementor-heading-title{font-size:40px;line-height:1em;letter-spacing:-1px;}.elementor-44786 .elementor-element.elementor-element-822a5eb{--e-con-grid-template-columns:1;--grid-auto-flow:row;}.elementor-44786 .elementor-element.elementor-element-2dd8bee .elementor-heading-title{font-size:40px;line-height:1em;letter-spacing:-1px;}}<\/style>\t\t<div data-elementor-type=\"wp-page\" data-elementor-id=\"44786\" class=\"elementor elementor-44786 elementor-133591\" data-elementor-post-type=\"page\">\n\t\t\t\t<div class=\"elementor-element elementor-element-0827211 e-flex e-con-boxed e-con e-parent\" data-id=\"0827211\" data-element_type=\"container\" data-e-type=\"container\">\n\t\t\t\t\t<div class=\"e-con-inner\">\n\t\t<div class=\"elementor-element elementor-element-69dd374 e-con-full e-flex e-con e-child\" data-id=\"69dd374\" data-element_type=\"container\" data-e-type=\"container\" data-settings=\"{&quot;background_background&quot;:&quot;classic&quot;}\">\n\t\t<div class=\"elementor-element elementor-element-602ea05 e-con-full e-flex e-con e-child\" data-id=\"602ea05\" data-element_type=\"container\" data-e-type=\"container\">\n\t\t\t\t<div class=\"elementor-element elementor-element-44c1d6e elementor-widget elementor-widget-heading\" data-id=\"44c1d6e\" data-element_type=\"widget\" data-e-type=\"widget\" data-widget_type=\"heading.default\">\n\t\t\t\t\t<span class=\"elementor-heading-title elementor-size-default\">C\u00f3mo maximizar el precio de tu empresa\n<p> Descubre las 10 claves \n<p> y encuentra el mejor comprador<\/span>\t\t\t\t<\/div>\n\t\t\t\t<\/div>\n\t\t\t\t<\/div>\n\t\t\t\t\t<\/div>\n\t\t\t\t<\/div>\n\t\t<div class=\"elementor-element elementor-element-5df3cb5 e-flex e-con-boxed e-con e-parent\" data-id=\"5df3cb5\" data-element_type=\"container\" data-e-type=\"container\">\n\t\t\t\t\t<div class=\"e-con-inner\">\n\t\t<div class=\"elementor-element elementor-element-ee8ed26 e-con-full e-flex e-con e-child\" data-id=\"ee8ed26\" data-element_type=\"container\" data-e-type=\"container\" data-settings=\"{&quot;background_background&quot;:&quot;classic&quot;}\">\n\t\t\t\t<div class=\"elementor-element elementor-element-009fdd5 elementor-widget elementor-widget-heading\" data-id=\"009fdd5\" data-element_type=\"widget\" data-e-type=\"widget\" data-widget_type=\"heading.default\">\n\t\t\t\t\t<h2 class=\"elementor-heading-title elementor-size-default\">El mejor comprador es:<\/h2>\t\t\t\t<\/div>\n\t\t\t\t<\/div>\n\t\t\t\t\t<\/div>\n\t\t\t\t<\/div>\n\t\t<div class=\"elementor-element elementor-element-684a833 e-flex e-con-boxed e-con e-parent\" data-id=\"684a833\" data-element_type=\"container\" data-e-type=\"container\">\n\t\t\t\t\t<div class=\"e-con-inner\">\n\t\t\t\t<div class=\"elementor-element elementor-element-402e1c2 elementor-icon-list--layout-traditional elementor-list-item-link-full_width elementor-widget elementor-widget-icon-list\" data-id=\"402e1c2\" data-element_type=\"widget\" data-e-type=\"widget\" data-widget_type=\"icon-list.default\">\n\t\t\t\t\t\t\t<ul class=\"elementor-icon-list-items\">\n\t\t\t\t\t\t\t<li class=\"elementor-icon-list-item\">\n\t\t\t\t\t\t\t\t\t\t\t<span class=\"elementor-icon-list-icon\">\n\t\t\t\t\t\t\t<i aria-hidden=\"true\" class=\"jki jki-chevron-right-light\"><\/i>\t\t\t\t\t\t<\/span>\n\t\t\t\t\t\t\t\t\t\t<span class=\"elementor-icon-list-text\">Aquel que tenga m\u00e1s sinergias con tu empresa.<\/span>\n\t\t\t\t\t\t\t\t\t<\/li>\n\t\t\t\t\t\t\t\t<li class=\"elementor-icon-list-item\">\n\t\t\t\t\t\t\t\t\t\t\t<span class=\"elementor-icon-list-icon\">\n\t\t\t\t\t\t\t<i aria-hidden=\"true\" class=\"jki jki-chevron-right-light\"><\/i>\t\t\t\t\t\t<\/span>\n\t\t\t\t\t\t\t\t\t\t<span class=\"elementor-icon-list-text\">Aquel que sea el m\u00e1s fuerte financieramente.<\/span>\n\t\t\t\t\t\t\t\t\t<\/li>\n\t\t\t\t\t\t\t\t<li class=\"elementor-icon-list-item\">\n\t\t\t\t\t\t\t\t\t\t\t<span class=\"elementor-icon-list-icon\">\n\t\t\t\t\t\t\t<i aria-hidden=\"true\" class=\"jki jki-chevron-right-light\"><\/i>\t\t\t\t\t\t<\/span>\n\t\t\t\t\t\t\t\t\t\t<span class=\"elementor-icon-list-text\">Aquel que reconozca el mayor valor estrat\u00e9gico en tu compa\u00f1\u00eda.<\/span>\n\t\t\t\t\t\t\t\t\t<\/li>\n\t\t\t\t\t\t\t\t<li class=\"elementor-icon-list-item\">\n\t\t\t\t\t\t\t\t\t\t\t<span class=\"elementor-icon-list-icon\">\n\t\t\t\t\t\t\t<i aria-hidden=\"true\" class=\"jki jki-chevron-right-light\"><\/i>\t\t\t\t\t\t<\/span>\n\t\t\t\t\t\t\t\t\t\t<span class=\"elementor-icon-list-text\">Aquel que gane la competencia frente al resto de potenciales compradores, incrementando as\u00ed para ti el precio.<\/span>\n\t\t\t\t\t\t\t\t\t<\/li>\n\t\t\t\t\t\t<\/ul>\n\t\t\t\t\t\t<\/div>\n\t\t\t\t\t<\/div>\n\t\t\t\t<\/div>\n\t\t<div class=\"elementor-element elementor-element-22adf52 e-flex e-con-boxed e-con e-parent\" data-id=\"22adf52\" data-element_type=\"container\" data-e-type=\"container\">\n\t\t\t\t\t<div class=\"e-con-inner\">\n\t\t<div class=\"elementor-element elementor-element-822a5eb e-grid e-con-full e-con e-child\" data-id=\"822a5eb\" data-element_type=\"container\" data-e-type=\"container\">\n\t\t<div class=\"elementor-element elementor-element-21d06e8 e-con-full e-flex e-con e-child\" data-id=\"21d06e8\" data-element_type=\"container\" data-e-type=\"container\">\n\t\t\t\t<div class=\"elementor-element elementor-element-2dd8bee elementor-widget elementor-widget-heading\" data-id=\"2dd8bee\" data-element_type=\"widget\" data-e-type=\"widget\" data-widget_type=\"heading.default\">\n\t\t\t\t\t<h2 class=\"elementor-heading-title elementor-size-default\">Descarga nuestro eBook gratuito<\/h2>\t\t\t\t<\/div>\n\t\t<div class=\"elementor-element elementor-element-6cc22eb e-con-full e-flex e-con e-child\" data-id=\"6cc22eb\" data-element_type=\"container\" data-e-type=\"container\">\n\t\t\t\t<div class=\"elementor-element elementor-element-c02240f elementor-widget elementor-widget-shortcode\" data-id=\"c02240f\" data-element_type=\"widget\" data-e-type=\"widget\" data-widget_type=\"shortcode.default\">\n\t\t\t\t\t\t\t<div class=\"elementor-shortcode\">\r\n\t\t<form id=\"32f1d0e6-2d97-4751-8a79-899cab520ac0\" class=\"signupAndDownloadForm\">\r\n\t\t\t<input type=\"hidden\" name=\"MauticSegment\" value=\"371\" \/>\r\n\t\t\t<input type=\"hidden\" name=\"fileURL\" value=\"\/wp-content\/uploads\/sites\/10\/2018\/12\/C\u00f3mo_maximizar_el_precio_de_su_empresa_ONEtoONE_Corporate_Finance-1.pdf\" \/>\r\n\t\t\t<div class=\"sep\"><\/div>\r\n\t\t\t<div class=\"inputsNewsletter\">\r\n\t\t\t\t<input type=\"text\" data-type=\"name\" placeholder=\"Nombre\" name=\"SubscriptionFormName\" Required=\"required\" \/><br\/><br\/>\r\n\t\t\t\t<input type=\"email\" data-type=\"email\" placeholder=\"Correo electr\u00f3nico\" name=\"SubscriptionFormEmail\" Required=\"required\" \/><br\/><br\/>\r\n\t\t\t\t<div class=\"checkboxy\">\r\n\t\t\t\t\t<label class=\"terms\"><input name=\"cecky\" value=\"1\" type=\"checkbox\" required=\"required\" \/>&nbsp;<a href=\"\/merger-and-acquisitions-privacy-policy\/\" target=\"_blank\">He le\u00eddo y aceptado la pol\u00edtica de privacidad y cookies de ONEtoONE<\/a><\/label>\r\n\t\t\t\t<\/div>\r\n\t\t\t\t<div style=\"text-align: right;\">\r\n\t\t\t\t\t<input type=\"submit\" name=\"Submit\" value=\"SUSCRIBIRSE Y DESCARGAR\">\r\n\t\t\t\t<\/div>\r\n\t\t\t<\/div>\r\n\t\t<\/form>\r\n<script>jQuery(\"#32f1d0e6-2d97-4751-8a79-899cab520ac0\").on(\"submit\", function(event){signupAndDownloadForm(event);});<\/script><\/div>\n\t\t\t\t\t\t<\/div>\n\t\t\t\t<\/div>\n\t\t\t\t<\/div>\n\t\t\t\t<div class=\"elementor-element elementor-element-78ea12b elementor-widget__width-inherit elementor-widget elementor-widget-image\" data-id=\"78ea12b\" data-element_type=\"widget\" data-e-type=\"widget\" data-widget_type=\"image.default\">\n\t\t\t\t\t\t\t\t\t\t\t\t\t\t\t<img decoding=\"async\" src=\"https:\/\/www.onetoonecf.com\/wp-content\/uploads\/sites\/16\/2018\/09\/Christopher-Henderson-1.png\" title=\"\" alt=\"\" loading=\"lazy\" \/>\t\t\t\t\t\t\t\t\t\t\t\t\t\t\t<\/div>\n\t\t\t\t<\/div>\n\t\t\t\t\t<\/div>\n\t\t\t\t<\/div>\n\t\t\t\t<\/div>\n\t\t","protected":false},"excerpt":{"rendered":"<p>C\u00f3mo maximizar el precio de tu empresa Descubre las 10 claves y encuentra el mejor comprador El mejor comprador es: Aquel que tenga m\u00e1s sinergias con tu empresa. Aquel que sea el m\u00e1s fuerte financieramente. Aquel que reconozca el mayor valor estrat\u00e9gico en tu compa\u00f1\u00eda. Aquel que gane la competencia frente al resto de potenciales [&hellip;]<\/p>\n","protected":false},"author":17,"featured_media":0,"parent":0,"menu_order":0,"comment_status":"closed","ping_status":"closed","template":"","meta":{"_joinchat":[],"footnotes":""},"class_list":["post-44786","page","type-page","status-publish","hentry"],"yoast_head":"<!-- This site is optimized with the Yoast SEO plugin v27.4 - https:\/\/yoast.com\/product\/yoast-seo-wordpress\/ -->\n<title>Descargue C\u00f3mo maximizar el precio de tu empresa - ONEtoONE Corporate Finance<\/title>\n<meta name=\"robots\" content=\"index, follow, max-snippet:-1, max-image-preview:large, max-video-preview:-1\" \/>\n<link rel=\"canonical\" href=\"https:\/\/www.onetoonecf.com\/es\/descargue-como-maximizar-el-precio-de-tu-empresa\/\" \/>\n<meta property=\"og:locale\" content=\"es_ES\" \/>\n<meta property=\"og:type\" content=\"article\" \/>\n<meta property=\"og:title\" content=\"Descargue C\u00f3mo maximizar el precio de tu empresa - ONEtoONE Corporate Finance\" \/>\n<meta property=\"og:description\" content=\"C\u00f3mo maximizar el precio de tu empresa Descubre las 10 claves y encuentra el mejor comprador El mejor comprador es: Aquel que tenga m\u00e1s sinergias con tu empresa. Aquel que sea el m\u00e1s fuerte financieramente. Aquel que reconozca el mayor valor estrat\u00e9gico en tu compa\u00f1\u00eda. Aquel que gane la competencia frente al resto de potenciales [&hellip;]\" \/>\n<meta property=\"og:url\" content=\"https:\/\/www.onetoonecf.com\/es\/descargue-como-maximizar-el-precio-de-tu-empresa\/\" \/>\n<meta property=\"og:site_name\" content=\"ONEtoONE Corporate Finance\" \/>\n<meta property=\"article:modified_time\" content=\"2026-02-27T12:53:22+00:00\" \/>\n<meta property=\"og:image\" content=\"https:\/\/www.onetoonecf.com\/wp-content\/uploads\/sites\/16\/2018\/09\/Christopher-Henderson-1.png\" \/>\n<meta name=\"twitter:card\" content=\"summary_large_image\" \/>\n<script type=\"application\/ld+json\" class=\"yoast-schema-graph\">{\"@context\":\"https:\\\/\\\/schema.org\",\"@graph\":[{\"@type\":\"WebPage\",\"@id\":\"https:\\\/\\\/www.onetoonecf.com\\\/es\\\/descargue-como-maximizar-el-precio-de-tu-empresa\\\/\",\"url\":\"https:\\\/\\\/www.onetoonecf.com\\\/es\\\/descargue-como-maximizar-el-precio-de-tu-empresa\\\/\",\"name\":\"Descargue C\u00f3mo maximizar el precio de tu empresa - ONEtoONE Corporate Finance\",\"isPartOf\":{\"@id\":\"https:\\\/\\\/www.onetoonecf.com\\\/es\\\/#website\"},\"primaryImageOfPage\":{\"@id\":\"https:\\\/\\\/www.onetoonecf.com\\\/es\\\/descargue-como-maximizar-el-precio-de-tu-empresa\\\/#primaryimage\"},\"image\":{\"@id\":\"https:\\\/\\\/www.onetoonecf.com\\\/es\\\/descargue-como-maximizar-el-precio-de-tu-empresa\\\/#primaryimage\"},\"thumbnailUrl\":\"https:\\\/\\\/www.onetoonecf.com\\\/wp-content\\\/uploads\\\/sites\\\/16\\\/2018\\\/09\\\/Christopher-Henderson-1.png\",\"datePublished\":\"2018-12-20T15:14:38+00:00\",\"dateModified\":\"2026-02-27T12:53:22+00:00\",\"breadcrumb\":{\"@id\":\"https:\\\/\\\/www.onetoonecf.com\\\/es\\\/descargue-como-maximizar-el-precio-de-tu-empresa\\\/#breadcrumb\"},\"inLanguage\":\"es\",\"potentialAction\":[{\"@type\":\"ReadAction\",\"target\":[\"https:\\\/\\\/www.onetoonecf.com\\\/es\\\/descargue-como-maximizar-el-precio-de-tu-empresa\\\/\"]}]},{\"@type\":\"ImageObject\",\"inLanguage\":\"es\",\"@id\":\"https:\\\/\\\/www.onetoonecf.com\\\/es\\\/descargue-como-maximizar-el-precio-de-tu-empresa\\\/#primaryimage\",\"url\":\"https:\\\/\\\/www.onetoonecf.com\\\/wp-content\\\/uploads\\\/sites\\\/16\\\/2018\\\/09\\\/Christopher-Henderson-1.png\",\"contentUrl\":\"https:\\\/\\\/www.onetoonecf.com\\\/wp-content\\\/uploads\\\/sites\\\/16\\\/2018\\\/09\\\/Christopher-Henderson-1.png\"},{\"@type\":\"BreadcrumbList\",\"@id\":\"https:\\\/\\\/www.onetoonecf.com\\\/es\\\/descargue-como-maximizar-el-precio-de-tu-empresa\\\/#breadcrumb\",\"itemListElement\":[{\"@type\":\"ListItem\",\"position\":1,\"name\":\"Home\",\"item\":\"https:\\\/\\\/www.onetoonecf.com\\\/es\\\/new-home-2025\\\/\"},{\"@type\":\"ListItem\",\"position\":2,\"name\":\"Descargue C\u00f3mo maximizar el precio de tu empresa\"}]},{\"@type\":\"WebSite\",\"@id\":\"https:\\\/\\\/www.onetoonecf.com\\\/es\\\/#website\",\"url\":\"https:\\\/\\\/www.onetoonecf.com\\\/es\\\/\",\"name\":\"ONEtoONE Corporate Finance\",\"description\":\"\",\"potentialAction\":[{\"@type\":\"SearchAction\",\"target\":{\"@type\":\"EntryPoint\",\"urlTemplate\":\"https:\\\/\\\/www.onetoonecf.com\\\/es\\\/?s={search_term_string}\"},\"query-input\":{\"@type\":\"PropertyValueSpecification\",\"valueRequired\":true,\"valueName\":\"search_term_string\"}}],\"inLanguage\":\"es\"}]}<\/script>\n<!-- \/ Yoast SEO plugin. -->","yoast_head_json":{"title":"Descargue C\u00f3mo maximizar el precio de tu empresa - ONEtoONE Corporate Finance","robots":{"index":"index","follow":"follow","max-snippet":"max-snippet:-1","max-image-preview":"max-image-preview:large","max-video-preview":"max-video-preview:-1"},"canonical":"https:\/\/www.onetoonecf.com\/es\/descargue-como-maximizar-el-precio-de-tu-empresa\/","og_locale":"es_ES","og_type":"article","og_title":"Descargue C\u00f3mo maximizar el precio de tu empresa - ONEtoONE Corporate Finance","og_description":"C\u00f3mo maximizar el precio de tu empresa Descubre las 10 claves y encuentra el mejor comprador El mejor comprador es: Aquel que tenga m\u00e1s sinergias con tu empresa. Aquel que sea el m\u00e1s fuerte financieramente. Aquel que reconozca el mayor valor estrat\u00e9gico en tu compa\u00f1\u00eda. Aquel que gane la competencia frente al resto de potenciales [&hellip;]","og_url":"https:\/\/www.onetoonecf.com\/es\/descargue-como-maximizar-el-precio-de-tu-empresa\/","og_site_name":"ONEtoONE Corporate Finance","article_modified_time":"2026-02-27T12:53:22+00:00","og_image":[{"url":"https:\/\/www.onetoonecf.com\/wp-content\/uploads\/sites\/16\/2018\/09\/Christopher-Henderson-1.png","type":"","width":"","height":""}],"twitter_card":"summary_large_image","schema":{"@context":"https:\/\/schema.org","@graph":[{"@type":"WebPage","@id":"https:\/\/www.onetoonecf.com\/es\/descargue-como-maximizar-el-precio-de-tu-empresa\/","url":"https:\/\/www.onetoonecf.com\/es\/descargue-como-maximizar-el-precio-de-tu-empresa\/","name":"Descargue C\u00f3mo maximizar el precio de tu empresa - ONEtoONE Corporate Finance","isPartOf":{"@id":"https:\/\/www.onetoonecf.com\/es\/#website"},"primaryImageOfPage":{"@id":"https:\/\/www.onetoonecf.com\/es\/descargue-como-maximizar-el-precio-de-tu-empresa\/#primaryimage"},"image":{"@id":"https:\/\/www.onetoonecf.com\/es\/descargue-como-maximizar-el-precio-de-tu-empresa\/#primaryimage"},"thumbnailUrl":"https:\/\/www.onetoonecf.com\/wp-content\/uploads\/sites\/16\/2018\/09\/Christopher-Henderson-1.png","datePublished":"2018-12-20T15:14:38+00:00","dateModified":"2026-02-27T12:53:22+00:00","breadcrumb":{"@id":"https:\/\/www.onetoonecf.com\/es\/descargue-como-maximizar-el-precio-de-tu-empresa\/#breadcrumb"},"inLanguage":"es","potentialAction":[{"@type":"ReadAction","target":["https:\/\/www.onetoonecf.com\/es\/descargue-como-maximizar-el-precio-de-tu-empresa\/"]}]},{"@type":"ImageObject","inLanguage":"es","@id":"https:\/\/www.onetoonecf.com\/es\/descargue-como-maximizar-el-precio-de-tu-empresa\/#primaryimage","url":"https:\/\/www.onetoonecf.com\/wp-content\/uploads\/sites\/16\/2018\/09\/Christopher-Henderson-1.png","contentUrl":"https:\/\/www.onetoonecf.com\/wp-content\/uploads\/sites\/16\/2018\/09\/Christopher-Henderson-1.png"},{"@type":"BreadcrumbList","@id":"https:\/\/www.onetoonecf.com\/es\/descargue-como-maximizar-el-precio-de-tu-empresa\/#breadcrumb","itemListElement":[{"@type":"ListItem","position":1,"name":"Home","item":"https:\/\/www.onetoonecf.com\/es\/new-home-2025\/"},{"@type":"ListItem","position":2,"name":"Descargue C\u00f3mo maximizar el precio de tu empresa"}]},{"@type":"WebSite","@id":"https:\/\/www.onetoonecf.com\/es\/#website","url":"https:\/\/www.onetoonecf.com\/es\/","name":"ONEtoONE Corporate Finance","description":"","potentialAction":[{"@type":"SearchAction","target":{"@type":"EntryPoint","urlTemplate":"https:\/\/www.onetoonecf.com\/es\/?s={search_term_string}"},"query-input":{"@type":"PropertyValueSpecification","valueRequired":true,"valueName":"search_term_string"}}],"inLanguage":"es"}]}},"_links":{"self":[{"href":"https:\/\/www.onetoonecf.com\/es\/wp-json\/wp\/v2\/pages\/44786","targetHints":{"allow":["GET"]}}],"collection":[{"href":"https:\/\/www.onetoonecf.com\/es\/wp-json\/wp\/v2\/pages"}],"about":[{"href":"https:\/\/www.onetoonecf.com\/es\/wp-json\/wp\/v2\/types\/page"}],"author":[{"embeddable":true,"href":"https:\/\/www.onetoonecf.com\/es\/wp-json\/wp\/v2\/users\/17"}],"replies":[{"embeddable":true,"href":"https:\/\/www.onetoonecf.com\/es\/wp-json\/wp\/v2\/comments?post=44786"}],"version-history":[{"count":48,"href":"https:\/\/www.onetoonecf.com\/es\/wp-json\/wp\/v2\/pages\/44786\/revisions"}],"predecessor-version":[{"id":133793,"href":"https:\/\/www.onetoonecf.com\/es\/wp-json\/wp\/v2\/pages\/44786\/revisions\/133793"}],"wp:attachment":[{"href":"https:\/\/www.onetoonecf.com\/es\/wp-json\/wp\/v2\/media?parent=44786"}],"curies":[{"name":"wp","href":"https:\/\/api.w.org\/{rel}","templated":true}]}}