{"id":49661,"date":"2019-09-09T15:18:53","date_gmt":"2019-09-09T15:18:53","guid":{"rendered":"https:\/\/ww3.onetoonecf.com\/?page_id=49661"},"modified":"2021-07-15T11:33:46","modified_gmt":"2021-07-15T09:33:46","slug":"te-va-a-pasar","status":"publish","type":"page","link":"https:\/\/www.onetoonecf.com\/es\/te-va-a-pasar\/","title":{"rendered":"\u00bfTE VA A PASAR?"},"content":{"rendered":"<p>[rev_slider alias=\u00bbTVP3&#8243;]Piense c\u00f3mo tan solo la aparici\u00f3n de las aplicaciones m\u00f3viles ha transformado cientos de sectores. \u00bfCu\u00e1ndo fue la \u00faltima vez que us\u00f3 un despertador, o encendi\u00f3 una radio, o cogi\u00f3 una calculadora anal\u00f3gica? \u00bfSe imagina tener que contratar los viajes en una agencia f\u00edsica? \u00bfTener que esperar al d\u00eda siguiente para leer las \u00faltimas noticias?<\/p>\n<p>Estas revoluciones van a acelerar la tasa de mortalidad empresarial. <strong>Puede que tenga sentido vender su empresa antes de que pierda valor o sea demasiado tarde.<\/strong>La cuota actual de mercado de los taxis de aplicaciones digitales es de un 25%.Spotify mantiene el 36% de la cuota de mercado de \u00abMusic Streaming\u00bb con m\u00e1s de 200 millones de usuarios.<\/p>\n<p class=\"direction-ltr align-center para-style-body\">Cada noche, 2 millones de personas se quedan en un Airbnb en lugar de un hotel.<\/p>\n<p class=\"direction-ltr align-center para-style-body\">Whatsapp registra 2 billones de minutos en llamadas gratuitas por d\u00eda.<\/p>\n<p>Netflix registr\u00f3 que sus usuarios ven contenido 140 millones de horas al d\u00eda.<\/p>\n<p class=\"direction-ltr align-center para-style-body\">Duolingo cuenta con 60 empleados y 120 millones de usuarios que aprenden idiomas diferentes.<\/p>\n<h2 style=\"text-align: center\"><span style=\"color: #ffffff\"><strong>\u00bfCU\u00c1L ES EL SIGUIENTE PASO?<\/strong><\/span><\/h2>\n<p class=\"direction-ltr align-start para-style-body\"><span style=\"color: #ffffff\">C\u00f3mo puede ver, la gran mayor\u00eda de las industrias est\u00e1n pasando por cambios. Esto obliga a las diferentes empresas a adaptarse a ellos para no quedarse atr\u00e1s.<\/span><\/p>\n<p class=\"direction-ltr align-start para-style-body\"><span style=\"color: #ffffff\">El cambio es un proceso que requiere inversi\u00f3n, fuerza y tiempo. Entendemos que no todos los empresarios est\u00e1n listos para ello. Por eso siempre est\u00e1 la opci\u00f3n de vender su empresa a alguien que la cuide y la haga seguir creciendo.<\/span><\/p>\n<p class=\"direction-ltr align-start para-style-body\"><span style=\"color: #ffffff\">En inicio de curso es momento para tomar decisiones importantes,\u00a0 y para ello hay que analizar todos los factores que rodean a esta decisi\u00f3n. Entre esos,\u00a0 las posibles amenazas del sector que podr\u00edan poner su negocio en riesgo.<\/span><\/p>\n<p><span style=\"color: #ffffff\">Descargue el siguiente E-book para tener una visi\u00f3n general sobre las tendencias disruptivas m\u00e1s comunes y c\u00f3mo estas pueden afectar a su empresa.<\/span><\/p>\n<p><span style=\"color: #ffffff\">Si luego desea contactar directamente con nosotros<a style=\"color: #ffffff\" href=\"https:\/\/www.onetoonecf.com\/merger-and-acquisitions-contact\/\"><strong> haga click aqu\u00ed.<\/strong><\/a><\/span><\/p>\n<p style=\"text-align: center\">\r\n\t\t<form id=\"d4a0e0e2-60d7-41b9-a0a7-7055b8923640\" class=\"signupAndDownloadForm\">\r\n\t\t\t<input type=\"hidden\" name=\"MauticSegment\" value=\"41\" \/>\r\n\t\t\t<input type=\"hidden\" name=\"fileURL\" value=\"\/wp-content\/uploads\/sites\/16\/2019\/09\/Su-empresa-bajo-amenaza-3-1.pdf\" \/>\r\n\t\t\t<div class=\"sep\"><\/div>\r\n\t\t\t<div class=\"inputsNewsletter\">\r\n\t\t\t\t<input type=\"text\" data-type=\"name\" placeholder=\"Nombre\" name=\"SubscriptionFormName\" Required=\"required\" \/><br\/><br\/>\r\n\t\t\t\t<input type=\"email\" data-type=\"email\" placeholder=\"Correo electr\u00f3nico\" name=\"SubscriptionFormEmail\" Required=\"required\" \/><br\/><br\/>\r\n\t\t\t\t<div class=\"checkboxy\">\r\n\t\t\t\t\t<label class=\"terms\"><input name=\"cecky\" value=\"1\" type=\"checkbox\" required=\"required\" \/><a href=\"\/merger-and-acquisitions-privacy-policy\/\" target=\"_blank\">He le\u00eddo y acepto el cumplimiento del RGPD<\/a><\/label>\r\n\t\t\t\t<\/div>\r\n\t\t\t\t<div style=\"text-align: center;\">\r\n\t\t\t\t\t<input class=\"vc_general vc_btn3 vc_btn3-size-lg vc_btn3-shape-rounded vc_btn3-style-3d vc_btn3-color-sky\" type=\"submit\" name=\"Submit\" value=\"SUSCRIBIRSE Y DESCARGAR\">\r\n\t\t\t\t<\/div>\r\n\t\t\t<\/div>\r\n\t\t<\/form>\r\n<script>jQuery(\"#d4a0e0e2-60d7-41b9-a0a7-7055b8923640\").on(\"submit\", function(event){signupAndDownloadForm(event);});<\/script><\/p>\n<p><strong>AVISO LEGAL<\/strong><\/p>\n<p><span style=\"font-size: 12px\"><span style=\"font-weight: 400\">Le informamos que ONEtoONE Corporate Finance, S.L. con domicilio en la Calle Claudio Coello, 124 7\u00aa Planta 28006 Madrid es la titular de la p\u00e1gina.\u00a0 <\/span><span style=\"font-weight: 400\">La informaci\u00f3n contenida en la web no debe considerarse en ning\u00fan caso como asesoramiento por parte de ONEtoONE.Por ello, el Usuario no debe actuar sobre la base de la informaci\u00f3n contenida en la misma, sin recurrir previamente al correspondiente asesoramiento profesional. <\/span><span style=\"font-weight: 400\">Todas las marcas o derechos de cualquier tipo, nombres registrados, logos o insignias, usados o citados en esta web, son propiedad de sus respectivos due\u00f1os. Esta web de ninguna forma aceptar\u00e1 responsabilidad alguna derivada de su infracci\u00f3n. <\/span><\/span><span style=\"font-size: 12px\"><span style=\"font-weight: 400\">El usuario que env\u00eda informaci\u00f3n a la p\u00e1gina web manifiesta que ostenta los derechos y\/o la capacidad legal necesaria para poder llevar a cabo dicha acci\u00f3n, no infringiendo con ello derecho alguno, en concreto, derechos de exclusiva, derechos de Propiedad Intelectual y\/o Industrial o acuerdos de confidencialidad suscritos con terceros.\u00a0 <\/span><span style=\"font-weight: 400\">ONEtoONE no garantiza la ausencia de virus u otros elementos lesivos que pudieran causar da\u00f1os o alteraciones en el sistema inform\u00e1tico, en los documentos electr\u00f3nicos o en los ficheros del Usuario del Sitio web. Los datos num\u00e9ricos con relaci\u00f3n a las distintas marcas han sido extra\u00eddos de fuentes p\u00fablicas o de sus propias p\u00e1ginas webs, accesibles leg\u00edtimamente por cualquier persona, sin restricciones. ONEtoONE dispone de un dossier en el cual se recogen todas y cada una de las fuentes p\u00fablicas utilizadas en la presente web. Si quisiera acceder al dossier por favor, env\u00ede un correo a dataproteccion@onetoonecf.com<\/span><\/span><\/p>\n<p class=\"vc_custom_heading\"><span style=\"font-size: 12px\"><b>Hacer <\/b><b>clic<\/b><b> en los siguiente enlaces para mayor informaci\u00f3n sobre la<span style=\"color: #0000ff\"><a style=\"color: #0000ff\" href=\"https:\/\/www.onetoonecf.com\/merger-and-acquisitions-privacy-policy\/\"> Pol\u00edtica de Privacidad<\/a>, <a style=\"color: #0000ff\" href=\"https:\/\/www.onetoonecf.com\/merger-and-acquisitions-privacy-policy\/\">Pol\u00edtica de Protecci\u00f3n de Datos<\/a>,<a style=\"color: #0000ff\" href=\"https:\/\/www.onetoonecf.com\/merger-and-acquisitions-cookies\/\">\u00a0Pol\u00edtica de Cookies<\/a><\/span><\/b><\/span><\/p>\n","protected":false},"excerpt":{"rendered":"<p>[rev_slider alias=\u00bbTVP3&#8243;]Piense c\u00f3mo tan solo la aparici\u00f3n de las aplicaciones m\u00f3viles ha transformado cientos de sectores. \u00bfCu\u00e1ndo fue la \u00faltima vez que us\u00f3 un despertador, o encendi\u00f3 una radio, o cogi\u00f3 una calculadora anal\u00f3gica? \u00bfSe imagina tener que contratar los viajes en una agencia f\u00edsica? \u00bfTener que esperar al d\u00eda siguiente para leer las \u00faltimas [&hellip;]<\/p>\n","protected":false},"author":4,"featured_media":0,"parent":0,"menu_order":0,"comment_status":"closed","ping_status":"closed","template":"page-sidebar.php","meta":{"_joinchat":[],"footnotes":""},"class_list":["post-49661","page","type-page","status-publish","hentry"],"yoast_head":"<!-- This site is optimized with the Yoast SEO plugin v27.5 - https:\/\/yoast.com\/product\/yoast-seo-wordpress\/ -->\n<title>\u00bfTE VA A PASAR? - ONEtoONE Corporate Finance<\/title>\n<meta name=\"description\" content=\"El cambio requiere inversi\u00f3n, fuerza y tiempo. Si busca a alguien que cuide y haga crecer su empresa, ONEtoONE te dar\u00e1 soluciones.\" \/>\n<meta name=\"robots\" content=\"index, follow, max-snippet:-1, max-image-preview:large, max-video-preview:-1\" \/>\n<link rel=\"canonical\" href=\"https:\/\/www.onetoonecf.com\/es\/te-va-a-pasar\/\" \/>\n<meta property=\"og:locale\" content=\"es_ES\" \/>\n<meta property=\"og:type\" content=\"article\" \/>\n<meta property=\"og:title\" content=\"\u00bfTE VA A PASAR? - ONEtoONE Corporate Finance\" \/>\n<meta property=\"og:description\" content=\"El cambio requiere inversi\u00f3n, fuerza y tiempo. Si busca a alguien que cuide y haga crecer su empresa, ONEtoONE te dar\u00e1 soluciones.\" \/>\n<meta property=\"og:url\" content=\"https:\/\/www.onetoonecf.com\/es\/te-va-a-pasar\/\" \/>\n<meta property=\"og:site_name\" content=\"ONEtoONE Corporate Finance\" \/>\n<meta property=\"article:modified_time\" content=\"2021-07-15T09:33:46+00:00\" \/>\n<meta name=\"twitter:card\" content=\"summary_large_image\" \/>\n<meta name=\"twitter:label1\" content=\"Tiempo de lectura\" \/>\n\t<meta name=\"twitter:data1\" content=\"3 minutos\" \/>\n<script type=\"application\/ld+json\" class=\"yoast-schema-graph\">{\"@context\":\"https:\\\/\\\/schema.org\",\"@graph\":[{\"@type\":\"WebPage\",\"@id\":\"https:\\\/\\\/www.onetoonecf.com\\\/es\\\/te-va-a-pasar\\\/\",\"url\":\"https:\\\/\\\/www.onetoonecf.com\\\/es\\\/te-va-a-pasar\\\/\",\"name\":\"\u00bfTE VA A PASAR? - ONEtoONE Corporate Finance\",\"isPartOf\":{\"@id\":\"https:\\\/\\\/www.onetoonecf.com\\\/es\\\/#website\"},\"datePublished\":\"2019-09-09T15:18:53+00:00\",\"dateModified\":\"2021-07-15T09:33:46+00:00\",\"description\":\"El cambio requiere inversi\u00f3n, fuerza y tiempo. Si busca a alguien que cuide y haga crecer su empresa, ONEtoONE te dar\u00e1 soluciones.\",\"breadcrumb\":{\"@id\":\"https:\\\/\\\/www.onetoonecf.com\\\/es\\\/te-va-a-pasar\\\/#breadcrumb\"},\"inLanguage\":\"es\",\"potentialAction\":[{\"@type\":\"ReadAction\",\"target\":[\"https:\\\/\\\/www.onetoonecf.com\\\/es\\\/te-va-a-pasar\\\/\"]}]},{\"@type\":\"BreadcrumbList\",\"@id\":\"https:\\\/\\\/www.onetoonecf.com\\\/es\\\/te-va-a-pasar\\\/#breadcrumb\",\"itemListElement\":[{\"@type\":\"ListItem\",\"position\":1,\"name\":\"Home\",\"item\":\"https:\\\/\\\/www.onetoonecf.com\\\/es\\\/new-home-2025\\\/\"},{\"@type\":\"ListItem\",\"position\":2,\"name\":\"\u00bfTE VA A PASAR?\"}]},{\"@type\":\"WebSite\",\"@id\":\"https:\\\/\\\/www.onetoonecf.com\\\/es\\\/#website\",\"url\":\"https:\\\/\\\/www.onetoonecf.com\\\/es\\\/\",\"name\":\"ONEtoONE Corporate Finance\",\"description\":\"\",\"potentialAction\":[{\"@type\":\"SearchAction\",\"target\":{\"@type\":\"EntryPoint\",\"urlTemplate\":\"https:\\\/\\\/www.onetoonecf.com\\\/es\\\/?s={search_term_string}\"},\"query-input\":{\"@type\":\"PropertyValueSpecification\",\"valueRequired\":true,\"valueName\":\"search_term_string\"}}],\"inLanguage\":\"es\"}]}<\/script>\n<!-- \/ Yoast SEO plugin. -->","yoast_head_json":{"title":"\u00bfTE VA A PASAR? - ONEtoONE Corporate Finance","description":"El cambio requiere inversi\u00f3n, fuerza y tiempo. Si busca a alguien que cuide y haga crecer su empresa, ONEtoONE te dar\u00e1 soluciones.","robots":{"index":"index","follow":"follow","max-snippet":"max-snippet:-1","max-image-preview":"max-image-preview:large","max-video-preview":"max-video-preview:-1"},"canonical":"https:\/\/www.onetoonecf.com\/es\/te-va-a-pasar\/","og_locale":"es_ES","og_type":"article","og_title":"\u00bfTE VA A PASAR? - ONEtoONE Corporate Finance","og_description":"El cambio requiere inversi\u00f3n, fuerza y tiempo. Si busca a alguien que cuide y haga crecer su empresa, ONEtoONE te dar\u00e1 soluciones.","og_url":"https:\/\/www.onetoonecf.com\/es\/te-va-a-pasar\/","og_site_name":"ONEtoONE Corporate Finance","article_modified_time":"2021-07-15T09:33:46+00:00","twitter_card":"summary_large_image","twitter_misc":{"Tiempo de lectura":"3 minutos"},"schema":{"@context":"https:\/\/schema.org","@graph":[{"@type":"WebPage","@id":"https:\/\/www.onetoonecf.com\/es\/te-va-a-pasar\/","url":"https:\/\/www.onetoonecf.com\/es\/te-va-a-pasar\/","name":"\u00bfTE VA A PASAR? - ONEtoONE Corporate Finance","isPartOf":{"@id":"https:\/\/www.onetoonecf.com\/es\/#website"},"datePublished":"2019-09-09T15:18:53+00:00","dateModified":"2021-07-15T09:33:46+00:00","description":"El cambio requiere inversi\u00f3n, fuerza y tiempo. Si busca a alguien que cuide y haga crecer su empresa, ONEtoONE te dar\u00e1 soluciones.","breadcrumb":{"@id":"https:\/\/www.onetoonecf.com\/es\/te-va-a-pasar\/#breadcrumb"},"inLanguage":"es","potentialAction":[{"@type":"ReadAction","target":["https:\/\/www.onetoonecf.com\/es\/te-va-a-pasar\/"]}]},{"@type":"BreadcrumbList","@id":"https:\/\/www.onetoonecf.com\/es\/te-va-a-pasar\/#breadcrumb","itemListElement":[{"@type":"ListItem","position":1,"name":"Home","item":"https:\/\/www.onetoonecf.com\/es\/new-home-2025\/"},{"@type":"ListItem","position":2,"name":"\u00bfTE VA A PASAR?"}]},{"@type":"WebSite","@id":"https:\/\/www.onetoonecf.com\/es\/#website","url":"https:\/\/www.onetoonecf.com\/es\/","name":"ONEtoONE Corporate Finance","description":"","potentialAction":[{"@type":"SearchAction","target":{"@type":"EntryPoint","urlTemplate":"https:\/\/www.onetoonecf.com\/es\/?s={search_term_string}"},"query-input":{"@type":"PropertyValueSpecification","valueRequired":true,"valueName":"search_term_string"}}],"inLanguage":"es"}]}},"_links":{"self":[{"href":"https:\/\/www.onetoonecf.com\/es\/wp-json\/wp\/v2\/pages\/49661","targetHints":{"allow":["GET"]}}],"collection":[{"href":"https:\/\/www.onetoonecf.com\/es\/wp-json\/wp\/v2\/pages"}],"about":[{"href":"https:\/\/www.onetoonecf.com\/es\/wp-json\/wp\/v2\/types\/page"}],"author":[{"embeddable":true,"href":"https:\/\/www.onetoonecf.com\/es\/wp-json\/wp\/v2\/users\/4"}],"replies":[{"embeddable":true,"href":"https:\/\/www.onetoonecf.com\/es\/wp-json\/wp\/v2\/comments?post=49661"}],"version-history":[{"count":64,"href":"https:\/\/www.onetoonecf.com\/es\/wp-json\/wp\/v2\/pages\/49661\/revisions"}],"predecessor-version":[{"id":81697,"href":"https:\/\/www.onetoonecf.com\/es\/wp-json\/wp\/v2\/pages\/49661\/revisions\/81697"}],"wp:attachment":[{"href":"https:\/\/www.onetoonecf.com\/es\/wp-json\/wp\/v2\/media?parent=49661"}],"curies":[{"name":"wp","href":"https:\/\/api.w.org\/{rel}","templated":true}]}}