{"id":538,"date":"2018-04-25T22:37:09","date_gmt":"2018-04-25T22:37:09","guid":{"rendered":"http:\/\/www.multisite.onetoonecf.com\/?page_id=538"},"modified":"2019-01-17T15:36:11","modified_gmt":"2019-01-17T15:36:11","slug":"compraventa-empresas-porque-onetoone","status":"publish","type":"page","link":"https:\/\/www.onetoonecf.com\/es\/compraventa-empresas-porque-onetoone\/","title":{"rendered":"Por qu\u00e9"},"content":{"rendered":"<p>[rev_slider alias=\u00bbmain-why\u00bb]<\/p>\n<p style=\"text-align: justify;\">El trabajo y la confianza de nuestros clientes nos ha posicionado como una firma de referencia en operaciones de compraventa de empresas a nivel internacional. Nuestro objetivo es encontrar el mejor comprador o inversor para su empresa: aquel que aporte m\u00e1s sinergias, tenga m\u00e1s capacidad financiera y que reconozca el mayor valor estrat\u00e9gico en su compa\u00f1\u00eda, \u00a1All\u00ed donde est\u00e9! Para ello hemos desarrollado una clara metodolog\u00eda de trabajo completamente focalizada en maximizar el precio de su empresa.<\/p>\n<\/p>\n<p style=\"text-align: justify;\">Dentro de una operaci\u00f3n de venta, un alto precio siempre es el resultado de un proceso muy bien ejecutado. Guiamos al cliente en las claves de preparaci\u00f3n de la empresa para la venta, valoramos y preparamos magn\u00edficos documentos de venta. Sin embargo, nuestra mayor diferencia radica en la capacidad de <strong>encontrar, gestionar, negociar y completar la transacci\u00f3n con aquel que m\u00e1s puede pagar<\/strong>, maximizando el valor de su empresa. Si intenta hacerlo usted s\u00f3lo o con cualquier asesor, tal vez encuentre un comprador, pero dif\u00edcilmente el mejor comprador, ni el mayor precio.<\/p>\n<\/p>\n<p style=\"text-align: justify;\">ONEtoONE ha creado un <strong>poderoso departamento de b\u00fasqueda internacional de compradores<\/strong> para ofrecer un valor diferencial a su cliente. Contamos con un equipo de especialistas totalmente dedicado a la realizaci\u00f3n de b\u00fasqueda de inversores y compradores a nivel mundial. Nuestro equipo trabaja con las mejores bases de datos internacionales de compa\u00f1\u00edas y con algoritmos de b\u00fasqueda. Todo ello nos permite encontrar y cualificar los mejores compradores por todo el mundo, aquellos que m\u00e1s valor puedan crear.<\/p>\n<\/p>\n<p style=\"text-align: justify;\">Contar con un equipo de profesionales especializados en compraventa de empresas, que trabajan juntos con un alcance internacional, es una de las claves para localizar las contrapartidas que perciban en su empresa mayor valor estrat\u00e9gico. ONEtoONE tiene un equipo formado por m\u00e1s de cien profesionales y ofrece un servicio global a trav\u00e9s de su amplia red de oficinas en Am\u00e9rica, Europa y Asia. Todas conectadas con un sistema tecnol\u00f3gico, que les ayuda a localizar las mejores contrapartidas, est\u00e9n donde est\u00e9n.<\/p>\n<\/p>\n<p style=\"text-align: justify;\">El equipo que asesora a nuestros clientes est\u00e1 siempre compuesto por banqueros de inversi\u00f3n, analistas financieros y expertos sectoriales, que trabajan junto a un equipo de b\u00fasqueda especializado en encontrar las mejores contrapartidas para cada proyecto. En ONEtoONE nos sentimos orgullosos de nuestro equipo humano, no solo porque suman millones de horas de experiencia sino tambi\u00e9n por sus s\u00f3lidos valores \u00e9ticos y humanos, pilar de nuestra organizaci\u00f3n.<\/p>\n<\/p>\n<p style=\"text-align: justify;\">ONEtoONE tiene un sistema tecnol\u00f3gico propio conectado a las principales bases de datos del mundo, con algoritmos de inteligencia artificial \u00fanicos que dan, a su vez, soporte a un poderoso y especializado departamento de b\u00fasqueda internacional de compradores. Esta combinaci\u00f3n nos permite ofrecer un valor verdaderamente diferencial como asesores en compraventa de empresas y un servicio excelente \u00a0en la b\u00fasqueda de compradores en el mundo.<\/p>\n<\/p>\n<p style=\"text-align: justify;\">El uso de nuestra aplicaci\u00f3n Clarity permite a nuestros clientes disponer de una herramienta de seguimiento de su mandato \u00fanica en el mundo de la compraventa de empresas. Nuestros clientes tienen el control del mandato las 24 horas del d\u00eda, 365 d\u00edas al a\u00f1o. Gracias a Clarity, nuestro cliente conoce en tiempo real el resultado de los contactos con inversores o empresas objetivo, puede descargar toda la documentaci\u00f3n asociada al mandato, as\u00ed como interactuar con el equipo encargado de la operaci\u00f3n.<\/p>\n<\/p>\n<p style=\"text-align: justify;\">La velocidad es importante en el proceso de compraventa de empresas. Que sus asesores act\u00faen con celeridad ayuda a un mayor control de la confidencialidad, fundamental en este tipo de proyectos. ONEtoONE se esfuerza por conseguir 3 interesados en 60 d\u00edas, una vez que dispone de toda la informaci\u00f3n necesaria para vender su compa\u00f1\u00eda con calidad, rigor y confidencialidad.<\/p>\n<\/p>\n<p style=\"text-align: justify;\">En ONEtoONE nos obsesiona la confidencialidad. Toda la informaci\u00f3n que nos remita ser\u00e1 incluida en un protocolo de seguridad que garantice la confidencialidad de la informaci\u00f3n y del contacto. No olvide indicarnos un email que solo Usted pueda leer y un tel\u00e9fono m\u00f3vil personal. Un asesor en compraventa de empresas se pondr\u00e1 en contacto con Usted en 24 horas laborales.<\/p>\n<p style=\"text-align: center;\"><strong>Resuelva sus dudas para que pueda tomar las mejores decisiones.<\/strong><\/p><\/p>\n","protected":false},"excerpt":{"rendered":"<p>[rev_slider alias=\u00bbmain-why\u00bb] El trabajo y la confianza de nuestros clientes nos ha posicionado como una firma de referencia en operaciones de compraventa de empresas a nivel internacional. Nuestro objetivo es encontrar el mejor comprador o inversor para su empresa: aquel que aporte m\u00e1s sinergias, tenga m\u00e1s capacidad financiera y que reconozca el mayor valor estrat\u00e9gico [&hellip;]<\/p>\n","protected":false},"author":4,"featured_media":0,"parent":0,"menu_order":0,"comment_status":"closed","ping_status":"closed","template":"page-sidebar.php","meta":{"_joinchat":[],"footnotes":""},"class_list":["post-538","page","type-page","status-publish","hentry"],"yoast_head":"<!-- This site is optimized with the Yoast SEO plugin v27.4 - https:\/\/yoast.com\/product\/yoast-seo-wordpress\/ -->\n<title>Compra venta de empresas - ONEtoONE Corporate Finance<\/title>\n<meta name=\"description\" content=\"Somos una firma internacional de M&amp;A. Referente en operaciones de compraventa de empresas \u00a1Entra y descubre nuestra metodolog\u00eda de trabajo!\" \/>\n<meta name=\"robots\" content=\"index, follow, max-snippet:-1, max-image-preview:large, max-video-preview:-1\" \/>\n<link rel=\"canonical\" href=\"https:\/\/www.onetoonecf.com\/es\/compraventa-empresas-porque-onetoone\/\" \/>\n<meta property=\"og:locale\" content=\"es_ES\" \/>\n<meta property=\"og:type\" content=\"article\" \/>\n<meta property=\"og:title\" content=\"Compra venta de empresas - ONEtoONE Corporate Finance\" \/>\n<meta property=\"og:description\" content=\"Somos una firma internacional de M&amp;A. Referente en operaciones de compraventa de empresas \u00a1Entra y descubre nuestra metodolog\u00eda de trabajo!\" \/>\n<meta property=\"og:url\" content=\"https:\/\/www.onetoonecf.com\/es\/compraventa-empresas-porque-onetoone\/\" \/>\n<meta property=\"og:site_name\" content=\"ONEtoONE Corporate Finance\" \/>\n<meta property=\"article:modified_time\" content=\"2019-01-17T15:36:11+00:00\" \/>\n<meta name=\"twitter:card\" content=\"summary_large_image\" \/>\n<meta name=\"twitter:label1\" content=\"Tiempo de lectura\" \/>\n\t<meta name=\"twitter:data1\" content=\"4 minutos\" \/>\n<script type=\"application\/ld+json\" class=\"yoast-schema-graph\">{\"@context\":\"https:\\\/\\\/schema.org\",\"@graph\":[{\"@type\":\"WebPage\",\"@id\":\"https:\\\/\\\/www.onetoonecf.com\\\/es\\\/compraventa-empresas-porque-onetoone\\\/\",\"url\":\"https:\\\/\\\/www.onetoonecf.com\\\/es\\\/compraventa-empresas-porque-onetoone\\\/\",\"name\":\"Compra venta de empresas - ONEtoONE Corporate Finance\",\"isPartOf\":{\"@id\":\"https:\\\/\\\/www.onetoonecf.com\\\/es\\\/#website\"},\"datePublished\":\"2018-04-25T22:37:09+00:00\",\"dateModified\":\"2019-01-17T15:36:11+00:00\",\"description\":\"Somos una firma internacional de M&A. Referente en operaciones de compraventa de empresas \u00a1Entra y descubre nuestra metodolog\u00eda de trabajo!\",\"breadcrumb\":{\"@id\":\"https:\\\/\\\/www.onetoonecf.com\\\/es\\\/compraventa-empresas-porque-onetoone\\\/#breadcrumb\"},\"inLanguage\":\"es\",\"potentialAction\":[{\"@type\":\"ReadAction\",\"target\":[\"https:\\\/\\\/www.onetoonecf.com\\\/es\\\/compraventa-empresas-porque-onetoone\\\/\"]}]},{\"@type\":\"BreadcrumbList\",\"@id\":\"https:\\\/\\\/www.onetoonecf.com\\\/es\\\/compraventa-empresas-porque-onetoone\\\/#breadcrumb\",\"itemListElement\":[{\"@type\":\"ListItem\",\"position\":1,\"name\":\"Home\",\"item\":\"https:\\\/\\\/www.onetoonecf.com\\\/es\\\/new-home-2025\\\/\"},{\"@type\":\"ListItem\",\"position\":2,\"name\":\"Por qu\u00e9\"}]},{\"@type\":\"WebSite\",\"@id\":\"https:\\\/\\\/www.onetoonecf.com\\\/es\\\/#website\",\"url\":\"https:\\\/\\\/www.onetoonecf.com\\\/es\\\/\",\"name\":\"ONEtoONE Corporate Finance\",\"description\":\"\",\"potentialAction\":[{\"@type\":\"SearchAction\",\"target\":{\"@type\":\"EntryPoint\",\"urlTemplate\":\"https:\\\/\\\/www.onetoonecf.com\\\/es\\\/?s={search_term_string}\"},\"query-input\":{\"@type\":\"PropertyValueSpecification\",\"valueRequired\":true,\"valueName\":\"search_term_string\"}}],\"inLanguage\":\"es\"}]}<\/script>\n<!-- \/ Yoast SEO plugin. -->","yoast_head_json":{"title":"Compra venta de empresas - ONEtoONE Corporate Finance","description":"Somos una firma internacional de M&A. Referente en operaciones de compraventa de empresas \u00a1Entra y descubre nuestra metodolog\u00eda de trabajo!","robots":{"index":"index","follow":"follow","max-snippet":"max-snippet:-1","max-image-preview":"max-image-preview:large","max-video-preview":"max-video-preview:-1"},"canonical":"https:\/\/www.onetoonecf.com\/es\/compraventa-empresas-porque-onetoone\/","og_locale":"es_ES","og_type":"article","og_title":"Compra venta de empresas - ONEtoONE Corporate Finance","og_description":"Somos una firma internacional de M&A. Referente en operaciones de compraventa de empresas \u00a1Entra y descubre nuestra metodolog\u00eda de trabajo!","og_url":"https:\/\/www.onetoonecf.com\/es\/compraventa-empresas-porque-onetoone\/","og_site_name":"ONEtoONE Corporate Finance","article_modified_time":"2019-01-17T15:36:11+00:00","twitter_card":"summary_large_image","twitter_misc":{"Tiempo de lectura":"4 minutos"},"schema":{"@context":"https:\/\/schema.org","@graph":[{"@type":"WebPage","@id":"https:\/\/www.onetoonecf.com\/es\/compraventa-empresas-porque-onetoone\/","url":"https:\/\/www.onetoonecf.com\/es\/compraventa-empresas-porque-onetoone\/","name":"Compra venta de empresas - ONEtoONE Corporate Finance","isPartOf":{"@id":"https:\/\/www.onetoonecf.com\/es\/#website"},"datePublished":"2018-04-25T22:37:09+00:00","dateModified":"2019-01-17T15:36:11+00:00","description":"Somos una firma internacional de M&A. Referente en operaciones de compraventa de empresas \u00a1Entra y descubre nuestra metodolog\u00eda de trabajo!","breadcrumb":{"@id":"https:\/\/www.onetoonecf.com\/es\/compraventa-empresas-porque-onetoone\/#breadcrumb"},"inLanguage":"es","potentialAction":[{"@type":"ReadAction","target":["https:\/\/www.onetoonecf.com\/es\/compraventa-empresas-porque-onetoone\/"]}]},{"@type":"BreadcrumbList","@id":"https:\/\/www.onetoonecf.com\/es\/compraventa-empresas-porque-onetoone\/#breadcrumb","itemListElement":[{"@type":"ListItem","position":1,"name":"Home","item":"https:\/\/www.onetoonecf.com\/es\/new-home-2025\/"},{"@type":"ListItem","position":2,"name":"Por qu\u00e9"}]},{"@type":"WebSite","@id":"https:\/\/www.onetoonecf.com\/es\/#website","url":"https:\/\/www.onetoonecf.com\/es\/","name":"ONEtoONE Corporate Finance","description":"","potentialAction":[{"@type":"SearchAction","target":{"@type":"EntryPoint","urlTemplate":"https:\/\/www.onetoonecf.com\/es\/?s={search_term_string}"},"query-input":{"@type":"PropertyValueSpecification","valueRequired":true,"valueName":"search_term_string"}}],"inLanguage":"es"}]}},"_links":{"self":[{"href":"https:\/\/www.onetoonecf.com\/es\/wp-json\/wp\/v2\/pages\/538","targetHints":{"allow":["GET"]}}],"collection":[{"href":"https:\/\/www.onetoonecf.com\/es\/wp-json\/wp\/v2\/pages"}],"about":[{"href":"https:\/\/www.onetoonecf.com\/es\/wp-json\/wp\/v2\/types\/page"}],"author":[{"embeddable":true,"href":"https:\/\/www.onetoonecf.com\/es\/wp-json\/wp\/v2\/users\/4"}],"replies":[{"embeddable":true,"href":"https:\/\/www.onetoonecf.com\/es\/wp-json\/wp\/v2\/comments?post=538"}],"version-history":[{"count":258,"href":"https:\/\/www.onetoonecf.com\/es\/wp-json\/wp\/v2\/pages\/538\/revisions"}],"predecessor-version":[{"id":46157,"href":"https:\/\/www.onetoonecf.com\/es\/wp-json\/wp\/v2\/pages\/538\/revisions\/46157"}],"wp:attachment":[{"href":"https:\/\/www.onetoonecf.com\/es\/wp-json\/wp\/v2\/media?parent=538"}],"curies":[{"name":"wp","href":"https:\/\/api.w.org\/{rel}","templated":true}]}}