{"id":67739,"date":"2021-01-22T10:01:14","date_gmt":"2021-01-22T09:01:14","guid":{"rendered":"https:\/\/ww3.onetoonecf.com\/?page_id=67739"},"modified":"2021-07-05T12:43:37","modified_gmt":"2021-07-05T10:43:37","slug":"contacto-nuevo","status":"publish","type":"page","link":"https:\/\/www.onetoonecf.com\/es\/contacto-nuevo\/","title":{"rendered":"Contacto- Nuevo"},"content":{"rendered":"<p>[rev_slider alias=\u00bbcontact124&#8243;]<\/p>\n<p style=\"text-align: center\"><span style=\"vertical-align: inherit\"><span style=\"vertical-align: inherit\"><span style=\"vertical-align: inherit\"><span style=\"vertical-align: inherit\">\u00bfCu\u00e1nto vale mi empresa? <\/span><\/span><\/span><span style=\"vertical-align: inherit\"><span style=\"vertical-align: inherit\"><span style=\"vertical-align: inherit\">\u00bfD\u00f3nde puedo encontrar inversores para mi negocio? <\/span><\/span><\/span><span style=\"vertical-align: inherit\"><span style=\"vertical-align: inherit\"><span style=\"vertical-align: inherit\">\u00bfCu\u00e1ndo es el mejor momento para vender? <\/span><\/span><\/span><span style=\"vertical-align: inherit\"><span style=\"vertical-align: inherit\"><span style=\"vertical-align: inherit\">\u00bfC\u00f3mo puedo reestructurar mi deuda? <\/span><\/span><\/span><span style=\"vertical-align: inherit\"><span style=\"vertical-align: inherit\"><span style=\"vertical-align: inherit\">\u00bfEs buena idea comprar otra empresa? <\/span><\/span><\/span><span style=\"vertical-align: inherit\"><span style=\"vertical-align: inherit\"><span style=\"vertical-align: inherit\">Estamos a un clic de resolver tus dudas. <\/span><\/span><\/span><span style=\"vertical-align: inherit\"><span style=\"vertical-align: inherit\"><span style=\"vertical-align: inherit\">Env\u00edanos tu consulta o cu\u00e9ntanos tu caso. <\/span><\/span><\/span><span style=\"vertical-align: inherit\"><span style=\"vertical-align: inherit\"><span style=\"vertical-align: inherit\">En 24 horas recibir\u00e1s, de manera totalmente confidencial y sin ning\u00fan compromiso, la respuesta de nuestro asesor <\/span><\/span><\/span><\/span><span style=\"vertical-align: inherit\"><span style=\"vertical-align: inherit\"><span style=\"vertical-align: inherit\"><span style=\"vertical-align: inherit\">especialista en tu sector.<\/span><\/span><\/span><\/span><\/p>\n<p style=\"text-align: center\"><span style=\"vertical-align: inherit\"><span style=\"vertical-align: inherit\"><span style=\"vertical-align: inherit\"><span style=\"vertical-align: inherit\">Ll\u00e1manos, escr\u00edbenos o encuentra tu oficina ONEtoONE m\u00e1s cercana. <\/span><\/span><\/span><span style=\"vertical-align: inherit\"><span style=\"vertical-align: inherit\"><span style=\"vertical-align: inherit\">Para cualquier operaci\u00f3n corporativa, cuenta con nosotros. <\/span><\/span><\/span><span style=\"vertical-align: inherit\"><span style=\"vertical-align: inherit\"><span style=\"vertical-align: inherit\">Nuestro compromiso eres t\u00fa.<\/span><\/span><\/span><\/span><\/p>\n<p style=\"text-align: left;padding-left: 160px\"><span style=\"color: #000000;font-size: 16px\"><span style=\"vertical-align: inherit\"><span style=\"vertical-align: inherit\"><img decoding=\"async\" class=\"wp-image-79583 alignnone\" src=\"https:\/\/www.onetoonecf.com\/wp-content\/uploads\/sites\/16\/2021\/06\/Iconos-pagina-contacto-07.jpg\" alt=\"\" width=\"34\" height=\"34\" \/>\u00a0 \u00a0Zurbar\u00e1n, 7, 1\u00aa Planta, 28010 Madrid. <strong>Oficina HQ<\/strong><\/span><\/span><\/span><\/p>\n<p style=\"text-align: left;padding-left: 160px\"><span style=\"vertical-align: inherit\"><span style=\"font-size: 20px;color: #336698\"><span style=\"color: #000000;font-size: 16px\"><img decoding=\"async\" class=\"alignnone wp-image-79562\" src=\"https:\/\/www.onetoonecf.com\/wp-content\/uploads\/sites\/16\/2021\/06\/Iconos-pagina-contacto-05.jpg\" alt=\"\" width=\"34\" height=\"34\" \/>\u00a0 \u00a0+34 911 83 48 58<\/span><\/span><\/span><\/p>\n<p style=\"text-align: left;padding-left: 160px\"><span style=\"font-size: 20px\"><span style=\"font-size: 16px;color: #000000\"><img decoding=\"async\" class=\"alignnone wp-image-79604\" src=\"https:\/\/www.onetoonecf.com\/wp-content\/uploads\/sites\/16\/2021\/06\/Iconos-pagina-contacto-12.jpg\" alt=\"\" width=\"34\" height=\"34\" \/>\u00a0 \u00a0info@onetoonecf.com\u00a0<\/span><\/span><\/p>\n<p style=\"text-align: right\"><span style=\"vertical-align: inherit;color: #000000\"><\/span><\/p>\n<p style=\"text-align: center\"><strong>ONEtoONE Corporate Finance <\/strong>cuenta con oficinas alrededor del mundo. Localiza la m\u00e1s cercana a ti para contactar con los mejores asesores en finanzas corporativas.<\/p>\n","protected":false},"excerpt":{"rendered":"<p>[rev_slider alias=\u00bbcontact124&#8243;] \u00bfCu\u00e1nto vale mi empresa? \u00bfD\u00f3nde puedo encontrar inversores para mi negocio? \u00bfCu\u00e1ndo es el mejor momento para vender? \u00bfC\u00f3mo puedo reestructurar mi deuda? \u00bfEs buena idea comprar otra empresa? Estamos a un clic de resolver tus dudas. Env\u00edanos tu consulta o cu\u00e9ntanos tu caso. En 24 horas recibir\u00e1s, de manera totalmente confidencial y [&hellip;]<\/p>\n","protected":false},"author":4,"featured_media":0,"parent":0,"menu_order":0,"comment_status":"closed","ping_status":"closed","template":"page-sidebar.php","meta":{"_joinchat":[],"footnotes":""},"class_list":["post-67739","page","type-page","status-publish","hentry"],"yoast_head":"<!-- This site is optimized with the Yoast SEO plugin v27.4 - https:\/\/yoast.com\/product\/yoast-seo-wordpress\/ -->\n<title>Contacto - ONEtoONE Corporate Finance<\/title>\n<meta name=\"description\" content=\"Ll\u00e1manos, escr\u00edbenos o encuentra tu oficina ONEtoONE. Env\u00edanos tu consulta o cu\u00e9ntanos tu caso. Contacta con nosotros.\" \/>\n<meta name=\"robots\" content=\"index, follow, max-snippet:-1, max-image-preview:large, max-video-preview:-1\" \/>\n<link rel=\"canonical\" href=\"https:\/\/www.onetoonecf.com\/es\/contacto-nuevo\/\" \/>\n<meta property=\"og:locale\" content=\"es_ES\" \/>\n<meta property=\"og:type\" content=\"article\" \/>\n<meta property=\"og:title\" content=\"Contacto - ONEtoONE Corporate Finance\" \/>\n<meta property=\"og:description\" content=\"Ll\u00e1manos, escr\u00edbenos o encuentra tu oficina ONEtoONE. Env\u00edanos tu consulta o cu\u00e9ntanos tu caso. Contacta con nosotros.\" \/>\n<meta property=\"og:url\" content=\"https:\/\/www.onetoonecf.com\/es\/contacto-nuevo\/\" \/>\n<meta property=\"og:site_name\" content=\"ONEtoONE Corporate Finance\" \/>\n<meta property=\"article:modified_time\" content=\"2021-07-05T10:43:37+00:00\" \/>\n<meta property=\"og:image\" content=\"https:\/\/ww3.onetoonecf.com\/wp-content\/uploads\/sites\/16\/2021\/06\/Iconos-pagina-contacto-07.jpg\" \/>\n<meta name=\"twitter:card\" content=\"summary_large_image\" \/>\n<meta name=\"twitter:label1\" content=\"Tiempo de lectura\" \/>\n\t<meta name=\"twitter:data1\" content=\"2 minutos\" \/>\n<script type=\"application\/ld+json\" class=\"yoast-schema-graph\">{\"@context\":\"https:\\\/\\\/schema.org\",\"@graph\":[{\"@type\":\"WebPage\",\"@id\":\"https:\\\/\\\/www.onetoonecf.com\\\/es\\\/contacto-nuevo\\\/\",\"url\":\"https:\\\/\\\/www.onetoonecf.com\\\/es\\\/contacto-nuevo\\\/\",\"name\":\"Contacto - ONEtoONE Corporate Finance\",\"isPartOf\":{\"@id\":\"https:\\\/\\\/www.onetoonecf.com\\\/es\\\/#website\"},\"primaryImageOfPage\":{\"@id\":\"https:\\\/\\\/www.onetoonecf.com\\\/es\\\/contacto-nuevo\\\/#primaryimage\"},\"image\":{\"@id\":\"https:\\\/\\\/www.onetoonecf.com\\\/es\\\/contacto-nuevo\\\/#primaryimage\"},\"thumbnailUrl\":\"https:\\\/\\\/www.onetoonecf.com\\\/wp-content\\\/uploads\\\/sites\\\/16\\\/2021\\\/06\\\/Iconos-pagina-contacto-07.jpg\",\"datePublished\":\"2021-01-22T09:01:14+00:00\",\"dateModified\":\"2021-07-05T10:43:37+00:00\",\"description\":\"Ll\u00e1manos, escr\u00edbenos o encuentra tu oficina ONEtoONE. Env\u00edanos tu consulta o cu\u00e9ntanos tu caso. Contacta con nosotros.\",\"breadcrumb\":{\"@id\":\"https:\\\/\\\/www.onetoonecf.com\\\/es\\\/contacto-nuevo\\\/#breadcrumb\"},\"inLanguage\":\"es\",\"potentialAction\":[{\"@type\":\"ReadAction\",\"target\":[\"https:\\\/\\\/www.onetoonecf.com\\\/es\\\/contacto-nuevo\\\/\"]}]},{\"@type\":\"ImageObject\",\"inLanguage\":\"es\",\"@id\":\"https:\\\/\\\/www.onetoonecf.com\\\/es\\\/contacto-nuevo\\\/#primaryimage\",\"url\":\"https:\\\/\\\/www.onetoonecf.com\\\/wp-content\\\/uploads\\\/sites\\\/16\\\/2021\\\/06\\\/Iconos-pagina-contacto-07.jpg\",\"contentUrl\":\"https:\\\/\\\/www.onetoonecf.com\\\/wp-content\\\/uploads\\\/sites\\\/16\\\/2021\\\/06\\\/Iconos-pagina-contacto-07.jpg\"},{\"@type\":\"BreadcrumbList\",\"@id\":\"https:\\\/\\\/www.onetoonecf.com\\\/es\\\/contacto-nuevo\\\/#breadcrumb\",\"itemListElement\":[{\"@type\":\"ListItem\",\"position\":1,\"name\":\"Home\",\"item\":\"https:\\\/\\\/www.onetoonecf.com\\\/es\\\/new-home-2025\\\/\"},{\"@type\":\"ListItem\",\"position\":2,\"name\":\"Contacto- Nuevo\"}]},{\"@type\":\"WebSite\",\"@id\":\"https:\\\/\\\/www.onetoonecf.com\\\/es\\\/#website\",\"url\":\"https:\\\/\\\/www.onetoonecf.com\\\/es\\\/\",\"name\":\"ONEtoONE Corporate Finance\",\"description\":\"\",\"potentialAction\":[{\"@type\":\"SearchAction\",\"target\":{\"@type\":\"EntryPoint\",\"urlTemplate\":\"https:\\\/\\\/www.onetoonecf.com\\\/es\\\/?s={search_term_string}\"},\"query-input\":{\"@type\":\"PropertyValueSpecification\",\"valueRequired\":true,\"valueName\":\"search_term_string\"}}],\"inLanguage\":\"es\"}]}<\/script>\n<!-- \/ Yoast SEO plugin. -->","yoast_head_json":{"title":"Contacto - ONEtoONE Corporate Finance","description":"Ll\u00e1manos, escr\u00edbenos o encuentra tu oficina ONEtoONE. Env\u00edanos tu consulta o cu\u00e9ntanos tu caso. Contacta con nosotros.","robots":{"index":"index","follow":"follow","max-snippet":"max-snippet:-1","max-image-preview":"max-image-preview:large","max-video-preview":"max-video-preview:-1"},"canonical":"https:\/\/www.onetoonecf.com\/es\/contacto-nuevo\/","og_locale":"es_ES","og_type":"article","og_title":"Contacto - ONEtoONE Corporate Finance","og_description":"Ll\u00e1manos, escr\u00edbenos o encuentra tu oficina ONEtoONE. Env\u00edanos tu consulta o cu\u00e9ntanos tu caso. Contacta con nosotros.","og_url":"https:\/\/www.onetoonecf.com\/es\/contacto-nuevo\/","og_site_name":"ONEtoONE Corporate Finance","article_modified_time":"2021-07-05T10:43:37+00:00","og_image":[{"url":"https:\/\/ww3.onetoonecf.com\/wp-content\/uploads\/sites\/16\/2021\/06\/Iconos-pagina-contacto-07.jpg","type":"","width":"","height":""}],"twitter_card":"summary_large_image","twitter_misc":{"Tiempo de lectura":"2 minutos"},"schema":{"@context":"https:\/\/schema.org","@graph":[{"@type":"WebPage","@id":"https:\/\/www.onetoonecf.com\/es\/contacto-nuevo\/","url":"https:\/\/www.onetoonecf.com\/es\/contacto-nuevo\/","name":"Contacto - ONEtoONE Corporate Finance","isPartOf":{"@id":"https:\/\/www.onetoonecf.com\/es\/#website"},"primaryImageOfPage":{"@id":"https:\/\/www.onetoonecf.com\/es\/contacto-nuevo\/#primaryimage"},"image":{"@id":"https:\/\/www.onetoonecf.com\/es\/contacto-nuevo\/#primaryimage"},"thumbnailUrl":"https:\/\/www.onetoonecf.com\/wp-content\/uploads\/sites\/16\/2021\/06\/Iconos-pagina-contacto-07.jpg","datePublished":"2021-01-22T09:01:14+00:00","dateModified":"2021-07-05T10:43:37+00:00","description":"Ll\u00e1manos, escr\u00edbenos o encuentra tu oficina ONEtoONE. Env\u00edanos tu consulta o cu\u00e9ntanos tu caso. Contacta con nosotros.","breadcrumb":{"@id":"https:\/\/www.onetoonecf.com\/es\/contacto-nuevo\/#breadcrumb"},"inLanguage":"es","potentialAction":[{"@type":"ReadAction","target":["https:\/\/www.onetoonecf.com\/es\/contacto-nuevo\/"]}]},{"@type":"ImageObject","inLanguage":"es","@id":"https:\/\/www.onetoonecf.com\/es\/contacto-nuevo\/#primaryimage","url":"https:\/\/www.onetoonecf.com\/wp-content\/uploads\/sites\/16\/2021\/06\/Iconos-pagina-contacto-07.jpg","contentUrl":"https:\/\/www.onetoonecf.com\/wp-content\/uploads\/sites\/16\/2021\/06\/Iconos-pagina-contacto-07.jpg"},{"@type":"BreadcrumbList","@id":"https:\/\/www.onetoonecf.com\/es\/contacto-nuevo\/#breadcrumb","itemListElement":[{"@type":"ListItem","position":1,"name":"Home","item":"https:\/\/www.onetoonecf.com\/es\/new-home-2025\/"},{"@type":"ListItem","position":2,"name":"Contacto- Nuevo"}]},{"@type":"WebSite","@id":"https:\/\/www.onetoonecf.com\/es\/#website","url":"https:\/\/www.onetoonecf.com\/es\/","name":"ONEtoONE Corporate Finance","description":"","potentialAction":[{"@type":"SearchAction","target":{"@type":"EntryPoint","urlTemplate":"https:\/\/www.onetoonecf.com\/es\/?s={search_term_string}"},"query-input":{"@type":"PropertyValueSpecification","valueRequired":true,"valueName":"search_term_string"}}],"inLanguage":"es"}]}},"_links":{"self":[{"href":"https:\/\/www.onetoonecf.com\/es\/wp-json\/wp\/v2\/pages\/67739","targetHints":{"allow":["GET"]}}],"collection":[{"href":"https:\/\/www.onetoonecf.com\/es\/wp-json\/wp\/v2\/pages"}],"about":[{"href":"https:\/\/www.onetoonecf.com\/es\/wp-json\/wp\/v2\/types\/page"}],"author":[{"embeddable":true,"href":"https:\/\/www.onetoonecf.com\/es\/wp-json\/wp\/v2\/users\/4"}],"replies":[{"embeddable":true,"href":"https:\/\/www.onetoonecf.com\/es\/wp-json\/wp\/v2\/comments?post=67739"}],"version-history":[{"count":203,"href":"https:\/\/www.onetoonecf.com\/es\/wp-json\/wp\/v2\/pages\/67739\/revisions"}],"predecessor-version":[{"id":79613,"href":"https:\/\/www.onetoonecf.com\/es\/wp-json\/wp\/v2\/pages\/67739\/revisions\/79613"}],"wp:attachment":[{"href":"https:\/\/www.onetoonecf.com\/es\/wp-json\/wp\/v2\/media?parent=67739"}],"curies":[{"name":"wp","href":"https:\/\/api.w.org\/{rel}","templated":true}]}}