{"id":72416,"date":"2021-03-12T10:47:24","date_gmt":"2021-03-12T09:47:24","guid":{"rendered":"https:\/\/ww3.onetoonecf.com\/?page_id=72416"},"modified":"2021-07-05T12:33:16","modified_gmt":"2021-07-05T10:33:16","slug":"nuestro-aplauso-es-para-ti","status":"publish","type":"page","link":"https:\/\/www.onetoonecf.com\/es\/nuestro-aplauso-es-para-ti\/","title":{"rendered":"Nuestro aplauso es para ti"},"content":{"rendered":"<p>[rev_slider_vc alias=\u00bbslider-heroeaplauso\u00bb]<\/p>\n<div style=\"text-align: center\">La labor de los empresarios ha sido fundamental durante la crisis de la COVID-19. A pesar de la reducci\u00f3n de ingresos, la presi\u00f3n fiscal y las dificultades, han seguido luchando para mantener el empleo, han contribuido con donaciones de material y sus propios recursos cuando m\u00e1s lo necesitaba las sociedad. Por eso, desde ONEtoONE, les dedicamos nuestro aplauso.<\/div>\n<div style=\"text-align: center\">Aplaudimos por ti y te agradecemos que hayas seguido luchando.<\/div>\n<p>La actual crisis ha demostrado el valor del empresario como creador de empleo y eje fundamental de la sociedad en sus peores momentos:<\/p>\n<p>Hemos visto empresarios luchar, sufrir, sentirse abandonados por sus empleados, traicionados por proveedores o clientes, vivir la incomprensi\u00f3n en sus propias familias y la hostilidad de muchos. Haciendo click en la imagen de la derecha podr\u00e1s encontrar algunas de las batallas que libran estos h\u00e9roes ocultos en nuestra sociedad.<\/p>\n<p><span style=\"vertical-align: inherit\"><span style=\"vertical-align: inherit\">El empresario es visto por la sociedad, en el mejor de los casos, como una persona afortunada, que ha tenido suerte. <\/span><span style=\"vertical-align: inherit\">Pocos aprecian el riesgo econ\u00f3mico que asume, la soledad que vive, su presi\u00f3n continua, las decisiones dif\u00edciles, los d\u00edas sin dormir, los impuestos que paga, los golpes emocionales y c\u00f3mo en cualquier momento puede perderlo todo.<\/span><\/span><\/p>\n<p style=\"text-align: center\">\r\n\t\t<form id=\"9e5c295e-d52c-4469-8a8b-9a6de9351e05\" class=\"signupAndDownloadForm\">\r\n\t\t\t<input type=\"hidden\" name=\"MauticSegment\" value=\"38\" \/>\r\n\t\t\t<input type=\"hidden\" name=\"fileURL\" value=\"\/wp-content\/uploads\/sites\/16\/2021\/03\/ONEtoONE-Mi-aplauso-es-para-ti.pdf\" \/>\r\n\t\t\t<div class=\"sep\"><\/div>\r\n\t\t\t<div class=\"inputsNewsletter\">\r\n\t\t\t\t<input type=\"text\" data-type=\"name\" placeholder=\"Nombre\" name=\"SubscriptionFormName\" Required=\"required\" \/><br\/><br\/>\r\n\t\t\t\t<input type=\"email\" data-type=\"email\" placeholder=\"Correo electr\u00f3nico\" name=\"SubscriptionFormEmail\" Required=\"required\" \/><br\/><br\/>\r\n\t\t\t\t<div class=\"checkboxy\">\r\n\t\t\t\t\t<label class=\"terms\"><input name=\"cecky\" value=\"1\" type=\"checkbox\" required=\"required\" \/><a href=\"\/merger-and-acquisitions-privacy-policy\/\" target=\"_blank\">He le\u00eddo y acepto el cumplimiento del RGPD<\/a><\/label>\r\n\t\t\t\t<\/div>\r\n\t\t\t\t<div style=\"text-align: center;\">\r\n\t\t\t\t\t<input class=\"vc_general vc_btn3 vc_btn3-size-lg vc_btn3-shape-rounded vc_btn3-style-3d vc_btn3-color-sky\" type=\"submit\" name=\"Submit\" value=\"SUSCRIBIRSE Y DESCARGAR\">\r\n\t\t\t\t<\/div>\r\n\t\t\t<\/div>\r\n\t\t<\/form>\r\n<script>jQuery(\"#9e5c295e-d52c-4469-8a8b-9a6de9351e05\").on(\"submit\", function(event){signupAndDownloadForm(event);});<\/script><\/p>\n<div style=\"text-align: center\">Si piensas que ha llegado el momento de descansar de la lucha, o simplemente quieres rentabilizar todo el esfuerzo durante este dif\u00edcil a\u00f1o, puede que la venta de tu empresa sea la respuesta. Con ella ganar\u00e1s tranquilidad, calidad de vida, salud, tiempo para ti y para tu familia.<\/div>\n<p style=\"text-align: center\"><span style=\"color: #336699\">Gana para tu familia<\/span><\/p>\n<p style=\"text-align: center\">Desp\u00eddete de las preocupaciones que experimentas y gana tranquilidad, comprensi\u00f3n, apoyo y tiempo para estar en familia.<\/p>\n<p style=\"text-align: center\"><span style=\"color: #336699\">Gana para ti<\/span><\/p>\n<p style=\"text-align: center\">Las preocupaciones hacen mella en tu salud y tranquilidad. Es hora de recoger el fruto de tanto sacrificio a la vez que aseguras la continuidad de todo ese esfuerzo.<\/p>\n<p style=\"text-align: center\"><span style=\"color: #336699\">Gana para tu empresa<\/span><\/p>\n<p style=\"text-align: center\">Vendiendo a un grupo extranjero o a un fondo de capital riesgo, la empresa ganar\u00e1 en inyecci\u00f3n econ\u00f3mica, crecimiento, impulso y presencia internacional.<\/p>\n<p style=\"text-align: center\"><span style=\"color: #336699\">Gana para ganar<\/span><\/p>\n<p style=\"text-align: center\">Encontramos en el mundo aquellos compradores que m\u00e1s pueden valorar tu empresa, para que obtengas el m\u00e1ximo beneficio del esfuerzo de toda tu vida.<\/p>\n<p style=\"text-align: center\"><span style=\"font-weight: 400\"><span style=\"vertical-align: inherit\"><span style=\"vertical-align: inherit\">En <\/span><\/span><\/span><a href=\"https:\/\/www.onetoonecf.com\/es\/asesores-fusiones-y-adquisiciones\/\"><span style=\"font-weight: 400\"><span style=\"vertical-align: inherit\"><span style=\"vertical-align: inherit\">ONEtoONE<\/span><\/span><\/span><\/a><span style=\"font-weight: 400\"><span style=\"vertical-align: inherit\"><span style=\"vertical-align: inherit\"> hablamos como t\u00fa, somos como t\u00fa, sentimos como t\u00fa y comprendemos por todo lo que has pasado durante este a\u00f1o. En nosotros encontrar\u00e1s un compa\u00f1ero que, con una inmensa experiencia en la compraventa de empresas y un gran equipo internacional a sus espaldas, se pondr\u00e1 en tus zapatos y trabajar\u00e1 para ti. Encontraremos no solo un comprador, sino aquel para quien m\u00e1s valor crea tu empresa. No para la operaci\u00f3n ni por el \u00e9xito, sino para ti, para que puedas sacar el mayor partido de\u00a0una vida de compromiso, creaci\u00f3n de empleo y riqueza. D\u00e9janos demostr\u00e1rtelo.<\/span><\/span><\/span><\/p>\n","protected":false},"excerpt":{"rendered":"<p>[rev_slider_vc alias=\u00bbslider-heroeaplauso\u00bb] La labor de los empresarios ha sido fundamental durante la crisis de la COVID-19. A pesar de la reducci\u00f3n de ingresos, la presi\u00f3n fiscal y las dificultades, han seguido luchando para mantener el empleo, han contribuido con donaciones de material y sus propios recursos cuando m\u00e1s lo necesitaba las sociedad. Por eso, desde [&hellip;]<\/p>\n","protected":false},"author":4,"featured_media":0,"parent":0,"menu_order":0,"comment_status":"closed","ping_status":"closed","template":"page-sidebar.php","meta":{"_joinchat":[],"footnotes":""},"class_list":["post-72416","page","type-page","status-publish","hentry"],"yoast_head":"<!-- This site is optimized with the Yoast SEO plugin v27.5 - https:\/\/yoast.com\/product\/yoast-seo-wordpress\/ -->\n<title>Nuestro aplauso es para ti - ONEtoONE Corporate Finance<\/title>\n<meta name=\"description\" content=\"Desp\u00eddete de las preocupaciones. La crisis ha demostrado el valor del empresario como creador de empleo y eje fundamental de la sociedad.\" \/>\n<meta name=\"robots\" content=\"index, follow, max-snippet:-1, max-image-preview:large, max-video-preview:-1\" \/>\n<link rel=\"canonical\" href=\"https:\/\/www.onetoonecf.com\/es\/nuestro-aplauso-es-para-ti\/\" \/>\n<meta property=\"og:locale\" content=\"es_ES\" \/>\n<meta property=\"og:type\" content=\"article\" \/>\n<meta property=\"og:title\" content=\"Nuestro aplauso es para ti - ONEtoONE Corporate Finance\" \/>\n<meta property=\"og:description\" content=\"Desp\u00eddete de las preocupaciones. La crisis ha demostrado el valor del empresario como creador de empleo y eje fundamental de la sociedad.\" \/>\n<meta property=\"og:url\" content=\"https:\/\/www.onetoonecf.com\/es\/nuestro-aplauso-es-para-ti\/\" \/>\n<meta property=\"og:site_name\" content=\"ONEtoONE Corporate Finance\" \/>\n<meta property=\"article:modified_time\" content=\"2021-07-05T10:33:16+00:00\" \/>\n<meta name=\"twitter:card\" content=\"summary_large_image\" \/>\n<meta name=\"twitter:label1\" content=\"Tiempo de lectura\" \/>\n\t<meta name=\"twitter:data1\" content=\"3 minutos\" \/>\n<script type=\"application\/ld+json\" class=\"yoast-schema-graph\">{\"@context\":\"https:\\\/\\\/schema.org\",\"@graph\":[{\"@type\":\"WebPage\",\"@id\":\"https:\\\/\\\/www.onetoonecf.com\\\/es\\\/nuestro-aplauso-es-para-ti\\\/\",\"url\":\"https:\\\/\\\/www.onetoonecf.com\\\/es\\\/nuestro-aplauso-es-para-ti\\\/\",\"name\":\"Nuestro aplauso es para ti - ONEtoONE Corporate Finance\",\"isPartOf\":{\"@id\":\"https:\\\/\\\/www.onetoonecf.com\\\/es\\\/#website\"},\"datePublished\":\"2021-03-12T09:47:24+00:00\",\"dateModified\":\"2021-07-05T10:33:16+00:00\",\"description\":\"Desp\u00eddete de las preocupaciones. La crisis ha demostrado el valor del empresario como creador de empleo y eje fundamental de la sociedad.\",\"breadcrumb\":{\"@id\":\"https:\\\/\\\/www.onetoonecf.com\\\/es\\\/nuestro-aplauso-es-para-ti\\\/#breadcrumb\"},\"inLanguage\":\"es\",\"potentialAction\":[{\"@type\":\"ReadAction\",\"target\":[\"https:\\\/\\\/www.onetoonecf.com\\\/es\\\/nuestro-aplauso-es-para-ti\\\/\"]}]},{\"@type\":\"BreadcrumbList\",\"@id\":\"https:\\\/\\\/www.onetoonecf.com\\\/es\\\/nuestro-aplauso-es-para-ti\\\/#breadcrumb\",\"itemListElement\":[{\"@type\":\"ListItem\",\"position\":1,\"name\":\"Home\",\"item\":\"https:\\\/\\\/www.onetoonecf.com\\\/es\\\/new-home-2025\\\/\"},{\"@type\":\"ListItem\",\"position\":2,\"name\":\"Nuestro aplauso es para ti\"}]},{\"@type\":\"WebSite\",\"@id\":\"https:\\\/\\\/www.onetoonecf.com\\\/es\\\/#website\",\"url\":\"https:\\\/\\\/www.onetoonecf.com\\\/es\\\/\",\"name\":\"ONEtoONE Corporate Finance\",\"description\":\"\",\"potentialAction\":[{\"@type\":\"SearchAction\",\"target\":{\"@type\":\"EntryPoint\",\"urlTemplate\":\"https:\\\/\\\/www.onetoonecf.com\\\/es\\\/?s={search_term_string}\"},\"query-input\":{\"@type\":\"PropertyValueSpecification\",\"valueRequired\":true,\"valueName\":\"search_term_string\"}}],\"inLanguage\":\"es\"}]}<\/script>\n<!-- \/ Yoast SEO plugin. -->","yoast_head_json":{"title":"Nuestro aplauso es para ti - ONEtoONE Corporate Finance","description":"Desp\u00eddete de las preocupaciones. La crisis ha demostrado el valor del empresario como creador de empleo y eje fundamental de la sociedad.","robots":{"index":"index","follow":"follow","max-snippet":"max-snippet:-1","max-image-preview":"max-image-preview:large","max-video-preview":"max-video-preview:-1"},"canonical":"https:\/\/www.onetoonecf.com\/es\/nuestro-aplauso-es-para-ti\/","og_locale":"es_ES","og_type":"article","og_title":"Nuestro aplauso es para ti - ONEtoONE Corporate Finance","og_description":"Desp\u00eddete de las preocupaciones. La crisis ha demostrado el valor del empresario como creador de empleo y eje fundamental de la sociedad.","og_url":"https:\/\/www.onetoonecf.com\/es\/nuestro-aplauso-es-para-ti\/","og_site_name":"ONEtoONE Corporate Finance","article_modified_time":"2021-07-05T10:33:16+00:00","twitter_card":"summary_large_image","twitter_misc":{"Tiempo de lectura":"3 minutos"},"schema":{"@context":"https:\/\/schema.org","@graph":[{"@type":"WebPage","@id":"https:\/\/www.onetoonecf.com\/es\/nuestro-aplauso-es-para-ti\/","url":"https:\/\/www.onetoonecf.com\/es\/nuestro-aplauso-es-para-ti\/","name":"Nuestro aplauso es para ti - ONEtoONE Corporate Finance","isPartOf":{"@id":"https:\/\/www.onetoonecf.com\/es\/#website"},"datePublished":"2021-03-12T09:47:24+00:00","dateModified":"2021-07-05T10:33:16+00:00","description":"Desp\u00eddete de las preocupaciones. La crisis ha demostrado el valor del empresario como creador de empleo y eje fundamental de la sociedad.","breadcrumb":{"@id":"https:\/\/www.onetoonecf.com\/es\/nuestro-aplauso-es-para-ti\/#breadcrumb"},"inLanguage":"es","potentialAction":[{"@type":"ReadAction","target":["https:\/\/www.onetoonecf.com\/es\/nuestro-aplauso-es-para-ti\/"]}]},{"@type":"BreadcrumbList","@id":"https:\/\/www.onetoonecf.com\/es\/nuestro-aplauso-es-para-ti\/#breadcrumb","itemListElement":[{"@type":"ListItem","position":1,"name":"Home","item":"https:\/\/www.onetoonecf.com\/es\/new-home-2025\/"},{"@type":"ListItem","position":2,"name":"Nuestro aplauso es para ti"}]},{"@type":"WebSite","@id":"https:\/\/www.onetoonecf.com\/es\/#website","url":"https:\/\/www.onetoonecf.com\/es\/","name":"ONEtoONE Corporate Finance","description":"","potentialAction":[{"@type":"SearchAction","target":{"@type":"EntryPoint","urlTemplate":"https:\/\/www.onetoonecf.com\/es\/?s={search_term_string}"},"query-input":{"@type":"PropertyValueSpecification","valueRequired":true,"valueName":"search_term_string"}}],"inLanguage":"es"}]}},"_links":{"self":[{"href":"https:\/\/www.onetoonecf.com\/es\/wp-json\/wp\/v2\/pages\/72416","targetHints":{"allow":["GET"]}}],"collection":[{"href":"https:\/\/www.onetoonecf.com\/es\/wp-json\/wp\/v2\/pages"}],"about":[{"href":"https:\/\/www.onetoonecf.com\/es\/wp-json\/wp\/v2\/types\/page"}],"author":[{"embeddable":true,"href":"https:\/\/www.onetoonecf.com\/es\/wp-json\/wp\/v2\/users\/4"}],"replies":[{"embeddable":true,"href":"https:\/\/www.onetoonecf.com\/es\/wp-json\/wp\/v2\/comments?post=72416"}],"version-history":[{"count":45,"href":"https:\/\/www.onetoonecf.com\/es\/wp-json\/wp\/v2\/pages\/72416\/revisions"}],"predecessor-version":[{"id":80647,"href":"https:\/\/www.onetoonecf.com\/es\/wp-json\/wp\/v2\/pages\/72416\/revisions\/80647"}],"wp:attachment":[{"href":"https:\/\/www.onetoonecf.com\/es\/wp-json\/wp\/v2\/media?parent=72416"}],"curies":[{"name":"wp","href":"https:\/\/api.w.org\/{rel}","templated":true}]}}