{"id":75804,"date":"2021-04-22T09:55:14","date_gmt":"2021-04-22T07:55:14","guid":{"rendered":"https:\/\/ww3.onetoonecf.com\/?page_id=75804"},"modified":"2026-03-04T15:31:50","modified_gmt":"2026-03-04T14:31:50","slug":"quien-es-mi-comprador","status":"publish","type":"page","link":"https:\/\/www.onetoonecf.com\/es\/quien-es-mi-comprador\/","title":{"rendered":"\u00bfQui\u00e9n es mi comprador?"},"content":{"rendered":"<style>.elementor-75804 .elementor-element.elementor-element-6b33470{--display:flex;--min-height:450px;--flex-direction:row;--container-widget-width:initial;--container-widget-height:100%;--container-widget-flex-grow:1;--container-widget-align-self:stretch;--flex-wrap-mobile:wrap;--gap:10px 10px;--row-gap:10px;--column-gap:10px;border-style:solid;--border-style:solid;border-width:10px 10px 10px 10px;--border-top-width:10px;--border-right-width:10px;--border-bottom-width:10px;--border-left-width:10px;border-color:var( --e-global-color-accent );--border-color:var( --e-global-color-accent );--border-radius:25px 25px 25px 25px;--margin-top:0px;--margin-bottom:50px;--margin-left:0px;--margin-right:0px;--padding-top:0%;--padding-bottom:0%;--padding-left:0%;--padding-right:0%;}.elementor-75804 .elementor-element.elementor-element-6b33470.e-con{--flex-grow:0;--flex-shrink:0;}.elementor-75804 .elementor-element.elementor-element-414578e{--display:flex;--justify-content:space-evenly;--overlay-opacity:0.5;--border-radius:25px 25px 25px 25px;--padding-top:0px;--padding-bottom:0px;--padding-left:0px;--padding-right:0px;}.elementor-75804 .elementor-element.elementor-element-414578e:not(.elementor-motion-effects-element-type-background), .elementor-75804 .elementor-element.elementor-element-414578e > .elementor-motion-effects-container > .elementor-motion-effects-layer{background-image:url(\"https:\/\/www.onetoonecf.com\/wp-content\/uploads\/sites\/16\/2026\/03\/landing-comprador.png\");background-position:center center;}.elementor-75804 .elementor-element.elementor-element-414578e::before, .elementor-75804 .elementor-element.elementor-element-414578e > .elementor-background-video-container::before, .elementor-75804 .elementor-element.elementor-element-414578e > .e-con-inner > .elementor-background-video-container::before, .elementor-75804 .elementor-element.elementor-element-414578e > .elementor-background-slideshow::before, .elementor-75804 .elementor-element.elementor-element-414578e > .e-con-inner > .elementor-background-slideshow::before, .elementor-75804 .elementor-element.elementor-element-414578e > .elementor-motion-effects-container > .elementor-motion-effects-layer::before{--background-overlay:'';background-color:#457896;}.elementor-75804 .elementor-element.elementor-element-b2ed553{--display:flex;--gap:15px 15px;--row-gap:15px;--column-gap:15px;--margin-top:100px;--margin-bottom:100px;--margin-left:0px;--margin-right:0px;--padding-top:0px;--padding-bottom:0px;--padding-left:60px;--padding-right:60px;}.elementor-75804 .elementor-element.elementor-element-3628708{text-align:center;}.elementor-75804 .elementor-element.elementor-element-3628708 .elementor-heading-title{font-family:\"Fraunces\", Sans-serif;font-size:62px;font-weight:300;text-decoration:none;line-height:1em;letter-spacing:-1px;color:var( --e-global-color-accent );}.elementor-75804 .elementor-element.elementor-element-f3bbba6{--display:flex;--flex-direction:row;--container-widget-width:initial;--container-widget-height:100%;--container-widget-flex-grow:1;--container-widget-align-self:stretch;--flex-wrap-mobile:wrap;--gap:0px 0px;--row-gap:0px;--column-gap:0px;}.elementor-75804 .elementor-element.elementor-element-6f62732{--display:flex;--flex-direction:column;--container-widget-width:100%;--container-widget-height:initial;--container-widget-flex-grow:0;--container-widget-align-self:initial;--flex-wrap-mobile:wrap;}.elementor-75804 .elementor-element.elementor-element-6f62732.e-con{--flex-grow:0;--flex-shrink:0;}.elementor-75804 .elementor-element.elementor-element-b566f95{text-align:start;}.elementor-75804 .elementor-element.elementor-element-b566f95 .elementor-heading-title{font-family:\"Fraunces\", Sans-serif;font-size:50px;font-weight:300;text-transform:none;text-decoration:none;line-height:1em;letter-spacing:-1px;color:#0E5A7E;}.elementor-75804 .elementor-element.elementor-element-2c13803{--display:flex;--flex-direction:row;--container-widget-width:initial;--container-widget-height:100%;--container-widget-flex-grow:1;--container-widget-align-self:stretch;--flex-wrap-mobile:wrap;--gap:0px 0px;--row-gap:0px;--column-gap:0px;}.elementor-75804 .elementor-element.elementor-element-d16be0a{--display:flex;--flex-direction:column;--container-widget-width:100%;--container-widget-height:initial;--container-widget-flex-grow:0;--container-widget-align-self:initial;--flex-wrap-mobile:wrap;}.elementor-75804 .elementor-element.elementor-element-d16be0a.e-con{--flex-grow:0;--flex-shrink:0;}.elementor-75804 .elementor-element.elementor-element-a5ebb80{font-family:\"Inter\", Sans-serif;font-size:14px;}.elementor-75804 .elementor-element.elementor-element-7a16579{--display:flex;}.elementor-75804 .elementor-element.elementor-element-1bc7610{--display:grid;--e-con-grid-template-columns:8fr 4fr;--e-con-grid-template-rows:repeat(1, 1fr);--grid-auto-flow:row;}.elementor-75804 .elementor-element.elementor-element-253e50f{--display:flex;}.elementor-75804 .elementor-element.elementor-element-583f865{text-align:start;}.elementor-75804 .elementor-element.elementor-element-583f865 .elementor-heading-title{font-family:\"Fraunces\", Sans-serif;font-size:50px;font-weight:300;text-transform:none;text-decoration:none;line-height:1em;letter-spacing:-1px;color:#0E5A7E;}.elementor-75804 .elementor-element.elementor-element-5d3d36f{--display:flex;}.elementor-75804 .elementor-element.elementor-element-36a1625{text-align:center;margin:0px 0px calc(var(--kit-widget-spacing, 0px) + 0px) 0px;padding:0px 0px 0px 0px;width:100%;max-width:100%;}.elementor-75804 .elementor-element.elementor-element-36a1625 img{width:100%;}@media(max-width:1024px){.elementor-75804 .elementor-element.elementor-element-6b33470{--min-height:443px;--flex-direction:column-reverse;--container-widget-width:100%;--container-widget-height:initial;--container-widget-flex-grow:0;--container-widget-align-self:initial;--flex-wrap-mobile:wrap;--margin-top:0px;--margin-bottom:0px;--margin-left:0px;--margin-right:0px;}.elementor-75804 .elementor-element.elementor-element-414578e{--margin-top:0px;--margin-bottom:0px;--margin-left:0px;--margin-right:0px;}.elementor-75804 .elementor-element.elementor-element-3628708 .elementor-heading-title{font-size:55px;line-height:1em;letter-spacing:-1px;}.elementor-75804 .elementor-element.elementor-element-b566f95 .elementor-heading-title{font-size:55px;line-height:1em;letter-spacing:-1px;}.elementor-75804 .elementor-element.elementor-element-1bc7610{--grid-auto-flow:row;}.elementor-75804 .elementor-element.elementor-element-583f865 .elementor-heading-title{font-size:55px;line-height:1em;letter-spacing:-1px;}}@media(max-width:767px){.elementor-75804 .elementor-element.elementor-element-6b33470{--min-height:393px;--margin-top:0px;--margin-bottom:0px;--margin-left:0px;--margin-right:0px;--padding-top:0%;--padding-bottom:0%;--padding-left:0%;--padding-right:0%;}.elementor-75804 .elementor-element.elementor-element-414578e{--min-height:60vh;--margin-top:0px;--margin-bottom:0px;--margin-left:0px;--margin-right:0px;--padding-top:0px;--padding-bottom:0px;--padding-left:0px;--padding-right:0px;}.elementor-75804 .elementor-element.elementor-element-414578e:not(.elementor-motion-effects-element-type-background), .elementor-75804 .elementor-element.elementor-element-414578e > .elementor-motion-effects-container > .elementor-motion-effects-layer{background-position:center center;background-repeat:no-repeat;background-size:cover;}.elementor-75804 .elementor-element.elementor-element-b2ed553{--padding-top:0px;--padding-bottom:0px;--padding-left:20px;--padding-right:20px;}.elementor-75804 .elementor-element.elementor-element-3628708 .elementor-heading-title{font-size:40px;line-height:1em;letter-spacing:-1px;}.elementor-75804 .elementor-element.elementor-element-b566f95 .elementor-heading-title{font-size:40px;line-height:1em;letter-spacing:-1px;}.elementor-75804 .elementor-element.elementor-element-1bc7610{--e-con-grid-template-columns:1;--grid-auto-flow:row;}.elementor-75804 .elementor-element.elementor-element-583f865 .elementor-heading-title{font-size:40px;line-height:1em;letter-spacing:-1px;}}@media(min-width:768px){.elementor-75804 .elementor-element.elementor-element-6b33470{--content-width:1700px;}.elementor-75804 .elementor-element.elementor-element-6f62732{--width:100%;}.elementor-75804 .elementor-element.elementor-element-d16be0a{--width:100%;}}@media(max-width:1024px) and (min-width:768px){.elementor-75804 .elementor-element.elementor-element-6f62732{--width:346.6px;}.elementor-75804 .elementor-element.elementor-element-d16be0a{--width:346.6px;}}<\/style>\t\t<div data-elementor-type=\"wp-page\" data-elementor-id=\"75804\" class=\"elementor elementor-75804\" data-elementor-post-type=\"page\">\n\t\t\t\t<div class=\"elementor-element elementor-element-6b33470 e-flex e-con-boxed e-con e-parent\" data-id=\"6b33470\" data-element_type=\"container\" data-e-type=\"container\">\n\t\t\t\t\t<div class=\"e-con-inner\">\n\t\t<div class=\"elementor-element elementor-element-414578e e-con-full e-flex e-con e-child\" data-id=\"414578e\" data-element_type=\"container\" data-e-type=\"container\" data-settings=\"{&quot;background_background&quot;:&quot;classic&quot;}\">\n\t\t<div class=\"elementor-element elementor-element-b2ed553 e-con-full e-flex e-con e-child\" data-id=\"b2ed553\" data-element_type=\"container\" data-e-type=\"container\">\n\t\t\t\t<div class=\"elementor-element elementor-element-3628708 elementor-widget elementor-widget-heading\" data-id=\"3628708\" data-element_type=\"widget\" data-e-type=\"widget\" data-widget_type=\"heading.default\">\n\t\t\t\t\t<span class=\"elementor-heading-title elementor-size-default\">Descubre qui\u00e9n es el mejor\n<p>comprador para tu empresa<\/span>\t\t\t\t<\/div>\n\t\t\t\t<\/div>\n\t\t\t\t<\/div>\n\t\t\t\t\t<\/div>\n\t\t\t\t<\/div>\n\t\t<div class=\"elementor-element elementor-element-f3bbba6 e-flex e-con-boxed e-con e-parent\" data-id=\"f3bbba6\" data-element_type=\"container\" data-e-type=\"container\">\n\t\t\t\t\t<div class=\"e-con-inner\">\n\t\t<div class=\"elementor-element elementor-element-6f62732 e-con-full e-flex e-con e-child\" data-id=\"6f62732\" data-element_type=\"container\" data-e-type=\"container\">\n\t\t\t\t<div class=\"elementor-element elementor-element-b566f95 elementor-widget elementor-widget-heading\" data-id=\"b566f95\" data-element_type=\"widget\" data-e-type=\"widget\" data-widget_type=\"heading.default\">\n\t\t\t\t\t<h2 class=\"elementor-heading-title elementor-size-default\">\u00bfQui\u00e9n es mi comprador?<\/h2>\t\t\t\t<\/div>\n\t\t\t\t<\/div>\n\t\t\t\t\t<\/div>\n\t\t\t\t<\/div>\n\t\t<div class=\"elementor-element elementor-element-2c13803 e-flex e-con-boxed e-con e-parent\" data-id=\"2c13803\" data-element_type=\"container\" data-e-type=\"container\">\n\t\t\t\t\t<div class=\"e-con-inner\">\n\t\t<div class=\"elementor-element elementor-element-d16be0a e-con-full e-flex e-con e-child\" data-id=\"d16be0a\" data-element_type=\"container\" data-e-type=\"container\">\n\t\t\t\t<div class=\"elementor-element elementor-element-a5ebb80 elementor-widget elementor-widget-text-editor\" data-id=\"a5ebb80\" data-element_type=\"widget\" data-e-type=\"widget\" data-widget_type=\"text-editor.default\">\n\t\t\t\t\t\t\t\t\t<p>\u00bfQui\u00e9n es mi comprador? Toda compa\u00f1\u00eda tiene un momento \u00f3ptimo para ser vendida. Es vital esforzarse en saber cu\u00e1l es ese momento para no cometer errores y optimizar el resultado de la operaci\u00f3n.<\/p><p>Una vez tomada la decisi\u00f3n de vender, todo empresario deber\u00eda preparar la empresa para lograr la mejor venta posible. Para ello, si el empresario se rodea de buenos asesores, \u00e9stos preparar\u00e1n la compa\u00f1\u00eda para mejorar su valor, para hacerla m\u00e1s atractiva, para atraer m\u00e1s compradores y aumentar la probabilidad de \u00e9xito, para eliminar los obst\u00e1culos que dificultar\u00edan la venta y para minimizar el impacto fiscal y las consecuencias patrimoniales de la venta.<\/p><p>Uno de los objetivos principales de la preparaci\u00f3n ser\u00e1 identificar los aspectos clave de mejora para actuar sobre ellos y reducir los posibles riesgos que percibir\u00eda un potencial comprador. Cuanto m\u00e1s atractiva hagas la empresa para el comprador, m\u00e1s podr\u00e1s pedir y m\u00e1s recibir\u00e1s por ella.<\/p>\t\t\t\t\t\t\t\t<\/div>\n\t\t\t\t<\/div>\n\t\t\t\t\t<\/div>\n\t\t\t\t<\/div>\n\t\t<div class=\"elementor-element elementor-element-7a16579 e-flex e-con-boxed e-con e-parent\" data-id=\"7a16579\" data-element_type=\"container\" data-e-type=\"container\">\n\t\t\t\t\t<div class=\"e-con-inner\">\n\t\t<div class=\"elementor-element elementor-element-1bc7610 e-grid e-con-full e-con e-child\" data-id=\"1bc7610\" data-element_type=\"container\" data-e-type=\"container\">\n\t\t<div class=\"elementor-element elementor-element-253e50f e-con-full e-flex e-con e-child\" data-id=\"253e50f\" data-element_type=\"container\" data-e-type=\"container\">\n\t\t\t\t<div class=\"elementor-element elementor-element-583f865 elementor-widget elementor-widget-heading\" data-id=\"583f865\" data-element_type=\"widget\" data-e-type=\"widget\" data-widget_type=\"heading.default\">\n\t\t\t\t\t<h2 class=\"elementor-heading-title elementor-size-default\">\u00bfQuieres saber m\u00e1s? \u00a1Descarga nuestro ebook!<\/h2>\t\t\t\t<\/div>\n\t\t<div class=\"elementor-element elementor-element-5d3d36f e-con-full e-flex e-con e-child\" data-id=\"5d3d36f\" data-element_type=\"container\" data-e-type=\"container\">\n\t\t\t\t<div class=\"elementor-element elementor-element-29439e5 elementor-widget elementor-widget-shortcode\" data-id=\"29439e5\" data-element_type=\"widget\" data-e-type=\"widget\" data-widget_type=\"shortcode.default\">\n\t\t\t\t\t\t\t<div class=\"elementor-shortcode\">\r\n\t\t<form id=\"8d73ad13-e096-48ae-8d86-060d4b8f1b5e\" class=\"signupAndDownloadForm\">\r\n\t\t\t<input type=\"hidden\" name=\"MauticSegment\" value=\"371\" \/>\r\n\t\t\t<input type=\"hidden\" name=\"fileURL\" value=\"\/wp-content\/uploads\/sites\/10\/2021\/04\/Quien-es-mi-comprador-V4.pdf\" \/>\r\n\t\t\t<div class=\"sep\"><\/div>\r\n\t\t\t<div class=\"inputsNewsletter\">\r\n\t\t\t\t<input type=\"text\" data-type=\"name\" placeholder=\"Nombre\" name=\"SubscriptionFormName\" Required=\"required\" \/><br\/><br\/>\r\n\t\t\t\t<input type=\"email\" data-type=\"email\" placeholder=\"Correo electr\u00f3nico\" name=\"SubscriptionFormEmail\" Required=\"required\" \/><br\/><br\/>\r\n\t\t\t\t<div class=\"checkboxy\">\r\n\t\t\t\t\t<label class=\"terms\"><input name=\"cecky\" value=\"1\" type=\"checkbox\" required=\"required\" \/>&nbsp;<a href=\"\/merger-and-acquisitions-privacy-policy\/\" target=\"_blank\">He le\u00eddo y aceptado la pol\u00edtica de privacidad y cookies de ONEtoONE<\/a><\/label>\r\n\t\t\t\t<\/div>\r\n\t\t\t\t<div style=\"text-align: right;\">\r\n\t\t\t\t\t<input type=\"submit\" name=\"Submit\" value=\"SUSCRIBIRSE Y DESCARGAR\">\r\n\t\t\t\t<\/div>\r\n\t\t\t<\/div>\r\n\t\t<\/form>\r\n<script>jQuery(\"#8d73ad13-e096-48ae-8d86-060d4b8f1b5e\").on(\"submit\", function(event){signupAndDownloadForm(event);});<\/script><\/div>\n\t\t\t\t\t\t<\/div>\n\t\t\t\t<\/div>\n\t\t\t\t<\/div>\n\t\t\t\t<div class=\"elementor-element elementor-element-36a1625 elementor-widget__width-inherit elementor-widget elementor-widget-image\" data-id=\"36a1625\" data-element_type=\"widget\" data-e-type=\"widget\" data-widget_type=\"image.default\">\n\t\t\t\t\t\t\t\t\t\t\t\t\t\t\t<img decoding=\"async\" src=\"https:\/\/www.onetoonecf.com\/wp-content\/uploads\/sites\/10\/2021\/04\/Mock-up-Comprador-Web-584x400.jpg\" title=\"\" alt=\"\" loading=\"lazy\" \/>\t\t\t\t\t\t\t\t\t\t\t\t\t\t\t<\/div>\n\t\t\t\t<\/div>\n\t\t\t\t\t<\/div>\n\t\t\t\t<\/div>\n\t\t\t\t<\/div>\n\t\t","protected":false},"excerpt":{"rendered":"<p>Descubre qui\u00e9n es el mejor comprador para tu empresa \u00bfQui\u00e9n es mi comprador? \u00bfQui\u00e9n es mi comprador? Toda compa\u00f1\u00eda tiene un momento \u00f3ptimo para ser vendida. Es vital esforzarse en saber cu\u00e1l es ese momento para no cometer errores y optimizar el resultado de la operaci\u00f3n. Una vez tomada la decisi\u00f3n de vender, todo empresario [&hellip;]<\/p>\n","protected":false},"author":4,"featured_media":0,"parent":0,"menu_order":0,"comment_status":"closed","ping_status":"closed","template":"","meta":{"_joinchat":[],"footnotes":""},"class_list":["post-75804","page","type-page","status-publish","hentry"],"yoast_head":"<!-- This site is optimized with the Yoast SEO plugin v27.4 - https:\/\/yoast.com\/product\/yoast-seo-wordpress\/ -->\n<title>\u00bfQui\u00e9n es mi comprador? - ONEtoONE Corporate Finance<\/title>\n<meta name=\"description\" content=\"Prepara tu empresa para lograr la mejor venta posible. Toda compa\u00f1\u00eda tiene un momento \u00f3ptimo para ser vendida. Descubre el mejor comprador.\" \/>\n<meta name=\"robots\" content=\"index, follow, max-snippet:-1, max-image-preview:large, max-video-preview:-1\" \/>\n<link rel=\"canonical\" href=\"https:\/\/www.onetoonecf.com\/es\/quien-es-mi-comprador\/\" \/>\n<meta property=\"og:locale\" content=\"es_ES\" \/>\n<meta property=\"og:type\" content=\"article\" \/>\n<meta property=\"og:title\" content=\"\u00bfQui\u00e9n es mi comprador? - ONEtoONE Corporate Finance\" \/>\n<meta property=\"og:description\" content=\"Prepara tu empresa para lograr la mejor venta posible. Toda compa\u00f1\u00eda tiene un momento \u00f3ptimo para ser vendida. Descubre el mejor comprador.\" \/>\n<meta property=\"og:url\" content=\"https:\/\/www.onetoonecf.com\/es\/quien-es-mi-comprador\/\" \/>\n<meta property=\"og:site_name\" content=\"ONEtoONE Corporate Finance\" \/>\n<meta property=\"article:modified_time\" content=\"2026-03-04T14:31:50+00:00\" \/>\n<meta property=\"og:image\" content=\"https:\/\/www.onetoonecf.com\/wp-content\/uploads\/sites\/10\/2021\/04\/Mock-up-Comprador-Web-584x400.jpg\" \/>\n<meta name=\"twitter:card\" content=\"summary_large_image\" \/>\n<meta name=\"twitter:label1\" content=\"Tiempo de lectura\" \/>\n\t<meta name=\"twitter:data1\" content=\"2 minutos\" \/>\n<script type=\"application\/ld+json\" class=\"yoast-schema-graph\">{\"@context\":\"https:\\\/\\\/schema.org\",\"@graph\":[{\"@type\":\"WebPage\",\"@id\":\"https:\\\/\\\/www.onetoonecf.com\\\/es\\\/quien-es-mi-comprador\\\/\",\"url\":\"https:\\\/\\\/www.onetoonecf.com\\\/es\\\/quien-es-mi-comprador\\\/\",\"name\":\"\u00bfQui\u00e9n es mi comprador? - ONEtoONE Corporate Finance\",\"isPartOf\":{\"@id\":\"https:\\\/\\\/www.onetoonecf.com\\\/es\\\/#website\"},\"primaryImageOfPage\":{\"@id\":\"https:\\\/\\\/www.onetoonecf.com\\\/es\\\/quien-es-mi-comprador\\\/#primaryimage\"},\"image\":{\"@id\":\"https:\\\/\\\/www.onetoonecf.com\\\/es\\\/quien-es-mi-comprador\\\/#primaryimage\"},\"thumbnailUrl\":\"https:\\\/\\\/www.onetoonecf.com\\\/wp-content\\\/uploads\\\/sites\\\/10\\\/2021\\\/04\\\/Mock-up-Comprador-Web-584x400.jpg\",\"datePublished\":\"2021-04-22T07:55:14+00:00\",\"dateModified\":\"2026-03-04T14:31:50+00:00\",\"description\":\"Prepara tu empresa para lograr la mejor venta posible. Toda compa\u00f1\u00eda tiene un momento \u00f3ptimo para ser vendida. Descubre el mejor comprador.\",\"breadcrumb\":{\"@id\":\"https:\\\/\\\/www.onetoonecf.com\\\/es\\\/quien-es-mi-comprador\\\/#breadcrumb\"},\"inLanguage\":\"es\",\"potentialAction\":[{\"@type\":\"ReadAction\",\"target\":[\"https:\\\/\\\/www.onetoonecf.com\\\/es\\\/quien-es-mi-comprador\\\/\"]}]},{\"@type\":\"ImageObject\",\"inLanguage\":\"es\",\"@id\":\"https:\\\/\\\/www.onetoonecf.com\\\/es\\\/quien-es-mi-comprador\\\/#primaryimage\",\"url\":\"https:\\\/\\\/www.onetoonecf.com\\\/wp-content\\\/uploads\\\/sites\\\/10\\\/2021\\\/04\\\/Mock-up-Comprador-Web-584x400.jpg\",\"contentUrl\":\"https:\\\/\\\/www.onetoonecf.com\\\/wp-content\\\/uploads\\\/sites\\\/10\\\/2021\\\/04\\\/Mock-up-Comprador-Web-584x400.jpg\"},{\"@type\":\"BreadcrumbList\",\"@id\":\"https:\\\/\\\/www.onetoonecf.com\\\/es\\\/quien-es-mi-comprador\\\/#breadcrumb\",\"itemListElement\":[{\"@type\":\"ListItem\",\"position\":1,\"name\":\"Home\",\"item\":\"https:\\\/\\\/www.onetoonecf.com\\\/es\\\/new-home-2025\\\/\"},{\"@type\":\"ListItem\",\"position\":2,\"name\":\"\u00bfQui\u00e9n es mi comprador?\"}]},{\"@type\":\"WebSite\",\"@id\":\"https:\\\/\\\/www.onetoonecf.com\\\/es\\\/#website\",\"url\":\"https:\\\/\\\/www.onetoonecf.com\\\/es\\\/\",\"name\":\"ONEtoONE Corporate Finance\",\"description\":\"\",\"potentialAction\":[{\"@type\":\"SearchAction\",\"target\":{\"@type\":\"EntryPoint\",\"urlTemplate\":\"https:\\\/\\\/www.onetoonecf.com\\\/es\\\/?s={search_term_string}\"},\"query-input\":{\"@type\":\"PropertyValueSpecification\",\"valueRequired\":true,\"valueName\":\"search_term_string\"}}],\"inLanguage\":\"es\"}]}<\/script>\n<!-- \/ Yoast SEO plugin. -->","yoast_head_json":{"title":"\u00bfQui\u00e9n es mi comprador? - ONEtoONE Corporate Finance","description":"Prepara tu empresa para lograr la mejor venta posible. Toda compa\u00f1\u00eda tiene un momento \u00f3ptimo para ser vendida. Descubre el mejor comprador.","robots":{"index":"index","follow":"follow","max-snippet":"max-snippet:-1","max-image-preview":"max-image-preview:large","max-video-preview":"max-video-preview:-1"},"canonical":"https:\/\/www.onetoonecf.com\/es\/quien-es-mi-comprador\/","og_locale":"es_ES","og_type":"article","og_title":"\u00bfQui\u00e9n es mi comprador? - ONEtoONE Corporate Finance","og_description":"Prepara tu empresa para lograr la mejor venta posible. Toda compa\u00f1\u00eda tiene un momento \u00f3ptimo para ser vendida. Descubre el mejor comprador.","og_url":"https:\/\/www.onetoonecf.com\/es\/quien-es-mi-comprador\/","og_site_name":"ONEtoONE Corporate Finance","article_modified_time":"2026-03-04T14:31:50+00:00","og_image":[{"url":"https:\/\/www.onetoonecf.com\/wp-content\/uploads\/sites\/10\/2021\/04\/Mock-up-Comprador-Web-584x400.jpg","type":"","width":"","height":""}],"twitter_card":"summary_large_image","twitter_misc":{"Tiempo de lectura":"2 minutos"},"schema":{"@context":"https:\/\/schema.org","@graph":[{"@type":"WebPage","@id":"https:\/\/www.onetoonecf.com\/es\/quien-es-mi-comprador\/","url":"https:\/\/www.onetoonecf.com\/es\/quien-es-mi-comprador\/","name":"\u00bfQui\u00e9n es mi comprador? - ONEtoONE Corporate Finance","isPartOf":{"@id":"https:\/\/www.onetoonecf.com\/es\/#website"},"primaryImageOfPage":{"@id":"https:\/\/www.onetoonecf.com\/es\/quien-es-mi-comprador\/#primaryimage"},"image":{"@id":"https:\/\/www.onetoonecf.com\/es\/quien-es-mi-comprador\/#primaryimage"},"thumbnailUrl":"https:\/\/www.onetoonecf.com\/wp-content\/uploads\/sites\/10\/2021\/04\/Mock-up-Comprador-Web-584x400.jpg","datePublished":"2021-04-22T07:55:14+00:00","dateModified":"2026-03-04T14:31:50+00:00","description":"Prepara tu empresa para lograr la mejor venta posible. Toda compa\u00f1\u00eda tiene un momento \u00f3ptimo para ser vendida. Descubre el mejor comprador.","breadcrumb":{"@id":"https:\/\/www.onetoonecf.com\/es\/quien-es-mi-comprador\/#breadcrumb"},"inLanguage":"es","potentialAction":[{"@type":"ReadAction","target":["https:\/\/www.onetoonecf.com\/es\/quien-es-mi-comprador\/"]}]},{"@type":"ImageObject","inLanguage":"es","@id":"https:\/\/www.onetoonecf.com\/es\/quien-es-mi-comprador\/#primaryimage","url":"https:\/\/www.onetoonecf.com\/wp-content\/uploads\/sites\/10\/2021\/04\/Mock-up-Comprador-Web-584x400.jpg","contentUrl":"https:\/\/www.onetoonecf.com\/wp-content\/uploads\/sites\/10\/2021\/04\/Mock-up-Comprador-Web-584x400.jpg"},{"@type":"BreadcrumbList","@id":"https:\/\/www.onetoonecf.com\/es\/quien-es-mi-comprador\/#breadcrumb","itemListElement":[{"@type":"ListItem","position":1,"name":"Home","item":"https:\/\/www.onetoonecf.com\/es\/new-home-2025\/"},{"@type":"ListItem","position":2,"name":"\u00bfQui\u00e9n es mi comprador?"}]},{"@type":"WebSite","@id":"https:\/\/www.onetoonecf.com\/es\/#website","url":"https:\/\/www.onetoonecf.com\/es\/","name":"ONEtoONE Corporate Finance","description":"","potentialAction":[{"@type":"SearchAction","target":{"@type":"EntryPoint","urlTemplate":"https:\/\/www.onetoonecf.com\/es\/?s={search_term_string}"},"query-input":{"@type":"PropertyValueSpecification","valueRequired":true,"valueName":"search_term_string"}}],"inLanguage":"es"}]}},"_links":{"self":[{"href":"https:\/\/www.onetoonecf.com\/es\/wp-json\/wp\/v2\/pages\/75804","targetHints":{"allow":["GET"]}}],"collection":[{"href":"https:\/\/www.onetoonecf.com\/es\/wp-json\/wp\/v2\/pages"}],"about":[{"href":"https:\/\/www.onetoonecf.com\/es\/wp-json\/wp\/v2\/types\/page"}],"author":[{"embeddable":true,"href":"https:\/\/www.onetoonecf.com\/es\/wp-json\/wp\/v2\/users\/4"}],"replies":[{"embeddable":true,"href":"https:\/\/www.onetoonecf.com\/es\/wp-json\/wp\/v2\/comments?post=75804"}],"version-history":[{"count":22,"href":"https:\/\/www.onetoonecf.com\/es\/wp-json\/wp\/v2\/pages\/75804\/revisions"}],"predecessor-version":[{"id":134240,"href":"https:\/\/www.onetoonecf.com\/es\/wp-json\/wp\/v2\/pages\/75804\/revisions\/134240"}],"wp:attachment":[{"href":"https:\/\/www.onetoonecf.com\/es\/wp-json\/wp\/v2\/media?parent=75804"}],"curies":[{"name":"wp","href":"https:\/\/api.w.org\/{rel}","templated":true}]}}