{"id":79304,"date":"2021-06-04T12:58:56","date_gmt":"2021-06-04T10:58:56","guid":{"rendered":"https:\/\/ww3.onetoonecf.com\/?page_id=79304"},"modified":"2026-03-04T15:24:56","modified_gmt":"2026-03-04T14:24:56","slug":"la-negociacion-de-la-venta","status":"publish","type":"page","link":"https:\/\/www.onetoonecf.com\/es\/la-negociacion-de-la-venta\/","title":{"rendered":"La negociaci\u00f3n de la venta"},"content":{"rendered":"<style>.elementor-79304 .elementor-element.elementor-element-4555419{--display:flex;--min-height:450px;--flex-direction:row;--container-widget-width:initial;--container-widget-height:100%;--container-widget-flex-grow:1;--container-widget-align-self:stretch;--flex-wrap-mobile:wrap;--gap:10px 10px;--row-gap:10px;--column-gap:10px;border-style:solid;--border-style:solid;border-width:10px 10px 10px 10px;--border-top-width:10px;--border-right-width:10px;--border-bottom-width:10px;--border-left-width:10px;border-color:var( --e-global-color-accent );--border-color:var( --e-global-color-accent );--border-radius:25px 25px 25px 25px;--margin-top:0px;--margin-bottom:50px;--margin-left:0px;--margin-right:0px;--padding-top:0%;--padding-bottom:0%;--padding-left:0%;--padding-right:0%;}.elementor-79304 .elementor-element.elementor-element-4555419.e-con{--flex-grow:0;--flex-shrink:0;}.elementor-79304 .elementor-element.elementor-element-129e118{--display:flex;--justify-content:space-evenly;--overlay-opacity:0.7;--border-radius:25px 25px 25px 25px;--padding-top:0px;--padding-bottom:0px;--padding-left:0px;--padding-right:0px;}.elementor-79304 .elementor-element.elementor-element-129e118:not(.elementor-motion-effects-element-type-background), .elementor-79304 .elementor-element.elementor-element-129e118 > .elementor-motion-effects-container > .elementor-motion-effects-layer{background-image:url(\"https:\/\/www.onetoonecf.com\/wp-content\/uploads\/sites\/16\/2026\/03\/page-negociacion.png\");background-position:center center;}.elementor-79304 .elementor-element.elementor-element-129e118::before, .elementor-79304 .elementor-element.elementor-element-129e118 > .elementor-background-video-container::before, .elementor-79304 .elementor-element.elementor-element-129e118 > .e-con-inner > .elementor-background-video-container::before, .elementor-79304 .elementor-element.elementor-element-129e118 > .elementor-background-slideshow::before, .elementor-79304 .elementor-element.elementor-element-129e118 > .e-con-inner > .elementor-background-slideshow::before, .elementor-79304 .elementor-element.elementor-element-129e118 > .elementor-motion-effects-container > .elementor-motion-effects-layer::before{--background-overlay:'';background-color:#457896;}.elementor-79304 .elementor-element.elementor-element-ae624dc{--display:flex;--gap:15px 15px;--row-gap:15px;--column-gap:15px;--margin-top:100px;--margin-bottom:100px;--margin-left:0px;--margin-right:0px;--padding-top:0px;--padding-bottom:0px;--padding-left:60px;--padding-right:60px;}.elementor-79304 .elementor-element.elementor-element-2b2c469{text-align:center;}.elementor-79304 .elementor-element.elementor-element-2b2c469 .elementor-heading-title{font-family:\"Fraunces\", Sans-serif;font-size:62px;font-weight:300;text-decoration:none;line-height:1em;letter-spacing:-1px;color:var( --e-global-color-accent );}.elementor-79304 .elementor-element.elementor-element-69da9e4{--display:flex;--flex-direction:row;--container-widget-width:initial;--container-widget-height:100%;--container-widget-flex-grow:1;--container-widget-align-self:stretch;--flex-wrap-mobile:wrap;--gap:0px 0px;--row-gap:0px;--column-gap:0px;}.elementor-79304 .elementor-element.elementor-element-63cee4b{--display:flex;--flex-direction:column;--container-widget-width:100%;--container-widget-height:initial;--container-widget-flex-grow:0;--container-widget-align-self:initial;--flex-wrap-mobile:wrap;}.elementor-79304 .elementor-element.elementor-element-63cee4b.e-con{--flex-grow:0;--flex-shrink:0;}.elementor-79304 .elementor-element.elementor-element-a032f32{text-align:start;}.elementor-79304 .elementor-element.elementor-element-a032f32 .elementor-heading-title{font-family:\"Fraunces\", Sans-serif;font-size:50px;font-weight:300;text-transform:none;text-decoration:none;line-height:1em;letter-spacing:-1px;color:#0E5A7E;}.elementor-79304 .elementor-element.elementor-element-1f477be{--display:flex;--flex-direction:row;--container-widget-width:initial;--container-widget-height:100%;--container-widget-flex-grow:1;--container-widget-align-self:stretch;--flex-wrap-mobile:wrap;--gap:0px 0px;--row-gap:0px;--column-gap:0px;}.elementor-79304 .elementor-element.elementor-element-8674e4d{--display:flex;--flex-direction:column;--container-widget-width:100%;--container-widget-height:initial;--container-widget-flex-grow:0;--container-widget-align-self:initial;--flex-wrap-mobile:wrap;}.elementor-79304 .elementor-element.elementor-element-8674e4d.e-con{--flex-grow:0;--flex-shrink:0;}.elementor-79304 .elementor-element.elementor-element-a51ac17{text-align:start;font-family:\"Inter\", Sans-serif;font-size:14px;}.elementor-79304 .elementor-element.elementor-element-39885e4{--display:flex;}.elementor-79304 .elementor-element.elementor-element-7478e3a{--display:grid;--e-con-grid-template-columns:8fr 4fr;--e-con-grid-template-rows:repeat(1, 1fr);--grid-auto-flow:row;}.elementor-79304 .elementor-element.elementor-element-d7dc00b{--display:flex;}.elementor-79304 .elementor-element.elementor-element-b1e180a{text-align:start;}.elementor-79304 .elementor-element.elementor-element-b1e180a .elementor-heading-title{font-family:\"Fraunces\", Sans-serif;font-size:50px;font-weight:300;text-transform:none;text-decoration:none;line-height:1em;letter-spacing:-1px;color:#0E5A7E;}.elementor-79304 .elementor-element.elementor-element-46affed{--display:flex;}.elementor-79304 .elementor-element.elementor-element-b217e65{text-align:center;margin:0px 0px calc(var(--kit-widget-spacing, 0px) + 0px) 0px;padding:0px 0px 0px 0px;width:100%;max-width:100%;}.elementor-79304 .elementor-element.elementor-element-b217e65 img{width:100%;}@media(min-width:768px){.elementor-79304 .elementor-element.elementor-element-4555419{--content-width:1700px;}.elementor-79304 .elementor-element.elementor-element-63cee4b{--width:100%;}.elementor-79304 .elementor-element.elementor-element-8674e4d{--width:100%;}}@media(max-width:1024px){.elementor-79304 .elementor-element.elementor-element-4555419{--min-height:260px;--flex-direction:column-reverse;--container-widget-width:100%;--container-widget-height:initial;--container-widget-flex-grow:0;--container-widget-align-self:initial;--flex-wrap-mobile:wrap;--margin-top:0px;--margin-bottom:0px;--margin-left:0px;--margin-right:0px;}.elementor-79304 .elementor-element.elementor-element-129e118{--margin-top:0px;--margin-bottom:0px;--margin-left:0px;--margin-right:0px;}.elementor-79304 .elementor-element.elementor-element-2b2c469 .elementor-heading-title{font-size:55px;line-height:1em;letter-spacing:-1px;}.elementor-79304 .elementor-element.elementor-element-a032f32 .elementor-heading-title{font-size:34px;line-height:1em;letter-spacing:-1px;}.elementor-79304 .elementor-element.elementor-element-7478e3a{--grid-auto-flow:row;}.elementor-79304 .elementor-element.elementor-element-b1e180a .elementor-heading-title{font-size:55px;line-height:1em;letter-spacing:-1px;}}@media(max-width:767px){.elementor-79304 .elementor-element.elementor-element-4555419{--min-height:393px;--margin-top:0px;--margin-bottom:0px;--margin-left:0px;--margin-right:0px;--padding-top:0%;--padding-bottom:0%;--padding-left:0%;--padding-right:0%;}.elementor-79304 .elementor-element.elementor-element-129e118{--min-height:60vh;--margin-top:0px;--margin-bottom:0px;--margin-left:0px;--margin-right:0px;--padding-top:0px;--padding-bottom:0px;--padding-left:0px;--padding-right:0px;}.elementor-79304 .elementor-element.elementor-element-129e118:not(.elementor-motion-effects-element-type-background), .elementor-79304 .elementor-element.elementor-element-129e118 > .elementor-motion-effects-container > .elementor-motion-effects-layer{background-position:center center;background-repeat:no-repeat;background-size:cover;}.elementor-79304 .elementor-element.elementor-element-ae624dc{--padding-top:0px;--padding-bottom:0px;--padding-left:20px;--padding-right:20px;}.elementor-79304 .elementor-element.elementor-element-2b2c469 .elementor-heading-title{font-size:40px;line-height:1em;letter-spacing:-1px;}.elementor-79304 .elementor-element.elementor-element-a032f32 .elementor-heading-title{font-size:40px;line-height:1em;letter-spacing:-1px;}.elementor-79304 .elementor-element.elementor-element-7478e3a{--e-con-grid-template-columns:1;--grid-auto-flow:row;}.elementor-79304 .elementor-element.elementor-element-b1e180a .elementor-heading-title{font-size:40px;line-height:1em;letter-spacing:-1px;}}<\/style>\t\t<div data-elementor-type=\"wp-page\" data-elementor-id=\"79304\" class=\"elementor elementor-79304\" data-elementor-post-type=\"page\">\n\t\t\t\t<div class=\"elementor-element elementor-element-4555419 e-flex e-con-boxed e-con e-parent\" data-id=\"4555419\" data-element_type=\"container\" data-e-type=\"container\">\n\t\t\t\t\t<div class=\"e-con-inner\">\n\t\t<div class=\"elementor-element elementor-element-129e118 e-con-full e-flex e-con e-child\" data-id=\"129e118\" data-element_type=\"container\" data-e-type=\"container\" data-settings=\"{&quot;background_background&quot;:&quot;classic&quot;}\">\n\t\t<div class=\"elementor-element elementor-element-ae624dc e-con-full e-flex e-con e-child\" data-id=\"ae624dc\" data-element_type=\"container\" data-e-type=\"container\">\n\t\t\t\t<div class=\"elementor-element elementor-element-2b2c469 elementor-widget elementor-widget-heading\" data-id=\"2b2c469\" data-element_type=\"widget\" data-e-type=\"widget\" data-widget_type=\"heading.default\">\n\t\t\t\t\t<span class=\"elementor-heading-title elementor-size-default\">Descubre c\u00f3mo abordar la\n<p>negociaci\u00f3n de la venta de tu empresa<\/span>\t\t\t\t<\/div>\n\t\t\t\t<\/div>\n\t\t\t\t<\/div>\n\t\t\t\t\t<\/div>\n\t\t\t\t<\/div>\n\t\t<div class=\"elementor-element elementor-element-69da9e4 e-flex e-con-boxed e-con e-parent\" data-id=\"69da9e4\" data-element_type=\"container\" data-e-type=\"container\">\n\t\t\t\t\t<div class=\"e-con-inner\">\n\t\t<div class=\"elementor-element elementor-element-63cee4b e-con-full e-flex e-con e-child\" data-id=\"63cee4b\" data-element_type=\"container\" data-e-type=\"container\" data-settings=\"{&quot;background_background&quot;:&quot;classic&quot;}\">\n\t\t\t\t<div class=\"elementor-element elementor-element-a032f32 elementor-widget elementor-widget-heading\" data-id=\"a032f32\" data-element_type=\"widget\" data-e-type=\"widget\" data-widget_type=\"heading.default\">\n\t\t\t\t\t<h2 class=\"elementor-heading-title elementor-size-default\">La negociaci\u00f3n de la venta<\/h2>\t\t\t\t<\/div>\n\t\t\t\t<\/div>\n\t\t\t\t\t<\/div>\n\t\t\t\t<\/div>\n\t\t<div class=\"elementor-element elementor-element-1f477be e-flex e-con-boxed e-con e-parent\" data-id=\"1f477be\" data-element_type=\"container\" data-e-type=\"container\">\n\t\t\t\t\t<div class=\"e-con-inner\">\n\t\t<div class=\"elementor-element elementor-element-8674e4d e-con-full e-flex e-con e-child\" data-id=\"8674e4d\" data-element_type=\"container\" data-e-type=\"container\">\n\t\t\t\t<div class=\"elementor-element elementor-element-a51ac17 elementor-widget elementor-widget-text-editor\" data-id=\"a51ac17\" data-element_type=\"widget\" data-e-type=\"widget\" data-widget_type=\"text-editor.default\">\n\t\t\t\t\t\t\t\t\t<p>La negociaci\u00f3n de la venta de tu empresa. Como propietario de una compa\u00f1\u00eda, es posible que alguna vez te hayas planteado la venta de tu empresa, pero te asusta adentrarte solo en un proceso que desconoces. Dentro del proceso de compraventa de una empresa existen acciones clave que te ayudar\u00e1n a conseguir lo que quieres.<\/p><p>Una de las acciones que se llevar\u00e1n a cabo ser\u00e1 la\u00a0<strong>negociaci\u00f3n<\/strong>. Esta fase tiene lugar una vez han sido presentadas las ofertas por parte de los compradores interesados, por lo que se deben analizar a la vez que se crean las condiciones de la negociaci\u00f3n.<\/p>\t\t\t\t\t\t\t\t<\/div>\n\t\t\t\t<\/div>\n\t\t\t\t\t<\/div>\n\t\t\t\t<\/div>\n\t\t<div class=\"elementor-element elementor-element-39885e4 e-flex e-con-boxed e-con e-parent\" data-id=\"39885e4\" data-element_type=\"container\" data-e-type=\"container\">\n\t\t\t\t\t<div class=\"e-con-inner\">\n\t\t<div class=\"elementor-element elementor-element-7478e3a e-grid e-con-full e-con e-child\" data-id=\"7478e3a\" data-element_type=\"container\" data-e-type=\"container\">\n\t\t<div class=\"elementor-element elementor-element-d7dc00b e-con-full e-flex e-con e-child\" data-id=\"d7dc00b\" data-element_type=\"container\" data-e-type=\"container\">\n\t\t\t\t<div class=\"elementor-element elementor-element-b1e180a elementor-widget elementor-widget-heading\" data-id=\"b1e180a\" data-element_type=\"widget\" data-e-type=\"widget\" data-widget_type=\"heading.default\">\n\t\t\t\t\t<h2 class=\"elementor-heading-title elementor-size-default\">\u00bfQuieres saber m\u00e1s? \u00a1Descarga nuestro ebook!<\/h2>\t\t\t\t<\/div>\n\t\t<div class=\"elementor-element elementor-element-46affed e-con-full e-flex e-con e-child\" data-id=\"46affed\" data-element_type=\"container\" data-e-type=\"container\">\n\t\t\t\t<div class=\"elementor-element elementor-element-278e36f elementor-widget elementor-widget-shortcode\" data-id=\"278e36f\" data-element_type=\"widget\" data-e-type=\"widget\" data-widget_type=\"shortcode.default\">\n\t\t\t\t\t\t\t<div class=\"elementor-shortcode\">\r\n\t\t<form id=\"d40fe5ed-2c66-4b0f-b2ae-68c6cd048e52\" class=\"signupAndDownloadForm\">\r\n\t\t\t<input type=\"hidden\" name=\"MauticSegment\" value=\"371\" \/>\r\n\t\t\t<input type=\"hidden\" name=\"fileURL\" value=\"\/wp-content\/uploads\/sites\/10\/2021\/06\/ONEtoONE-La-negociacion-de-la-venta.pdf\" \/>\r\n\t\t\t<div class=\"sep\"><\/div>\r\n\t\t\t<div class=\"inputsNewsletter\">\r\n\t\t\t\t<input type=\"text\" data-type=\"name\" placeholder=\"Nombre\" name=\"SubscriptionFormName\" Required=\"required\" \/><br\/><br\/>\r\n\t\t\t\t<input type=\"email\" data-type=\"email\" placeholder=\"Correo electr\u00f3nico\" name=\"SubscriptionFormEmail\" Required=\"required\" \/><br\/><br\/>\r\n\t\t\t\t<div class=\"checkboxy\">\r\n\t\t\t\t\t<label class=\"terms\"><input name=\"cecky\" value=\"1\" type=\"checkbox\" required=\"required\" \/>&nbsp;<a href=\"\/merger-and-acquisitions-privacy-policy\/\" target=\"_blank\">He le\u00eddo y aceptado la pol\u00edtica de privacidad y cookies de ONEtoONE<\/a><\/label>\r\n\t\t\t\t<\/div>\r\n\t\t\t\t<div style=\"text-align: right;\">\r\n\t\t\t\t\t<input type=\"submit\" name=\"Submit\" value=\"SUSCRIBIRSE Y DESCARGAR\">\r\n\t\t\t\t<\/div>\r\n\t\t\t<\/div>\r\n\t\t<\/form>\r\n<script>jQuery(\"#d40fe5ed-2c66-4b0f-b2ae-68c6cd048e52\").on(\"submit\", function(event){signupAndDownloadForm(event);});<\/script><\/div>\n\t\t\t\t\t\t<\/div>\n\t\t\t\t<\/div>\n\t\t\t\t<\/div>\n\t\t\t\t<div class=\"elementor-element elementor-element-b217e65 elementor-widget__width-inherit elementor-widget elementor-widget-image\" data-id=\"b217e65\" data-element_type=\"widget\" data-e-type=\"widget\" data-widget_type=\"image.default\">\n\t\t\t\t\t\t\t\t\t\t\t\t\t\t\t<img decoding=\"async\" src=\"https:\/\/www.onetoonecf.com\/wp-content\/uploads\/sites\/10\/2021\/06\/Mock-up-Negociacion-para-la-venta-1-1536x910.jpg\" title=\"\" alt=\"\" loading=\"lazy\" \/>\t\t\t\t\t\t\t\t\t\t\t\t\t\t\t<\/div>\n\t\t\t\t<\/div>\n\t\t\t\t\t<\/div>\n\t\t\t\t<\/div>\n\t\t\t\t<\/div>\n\t\t","protected":false},"excerpt":{"rendered":"<p>Descubre c\u00f3mo abordar la negociaci\u00f3n de la venta de tu empresa La negociaci\u00f3n de la venta La negociaci\u00f3n de la venta de tu empresa. Como propietario de una compa\u00f1\u00eda, es posible que alguna vez te hayas planteado la venta de tu empresa, pero te asusta adentrarte solo en un proceso que desconoces. Dentro del proceso [&hellip;]<\/p>\n","protected":false},"author":4,"featured_media":0,"parent":0,"menu_order":0,"comment_status":"closed","ping_status":"closed","template":"","meta":{"_joinchat":[],"footnotes":""},"class_list":["post-79304","page","type-page","status-publish","hentry"],"yoast_head":"<!-- This site is optimized with the Yoast SEO plugin v27.4 - https:\/\/yoast.com\/product\/yoast-seo-wordpress\/ -->\n<title>La negociaci\u00f3n de la venta - ONEtoONE Corporate Finance<\/title>\n<meta name=\"description\" content=\"Si buscas maximizar el precio final de tu empresa debes conocer las siguientes claves que te ayudar\u00e1n en el proceso de negociaci\u00f3n.\" \/>\n<meta name=\"robots\" content=\"index, follow, max-snippet:-1, max-image-preview:large, max-video-preview:-1\" \/>\n<link rel=\"canonical\" href=\"https:\/\/www.onetoonecf.com\/es\/la-negociacion-de-la-venta\/\" \/>\n<meta property=\"og:locale\" content=\"es_ES\" \/>\n<meta property=\"og:type\" content=\"article\" \/>\n<meta property=\"og:title\" content=\"La negociaci\u00f3n de la venta - ONEtoONE Corporate Finance\" \/>\n<meta property=\"og:description\" content=\"Si buscas maximizar el precio final de tu empresa debes conocer las siguientes claves que te ayudar\u00e1n en el proceso de negociaci\u00f3n.\" \/>\n<meta property=\"og:url\" content=\"https:\/\/www.onetoonecf.com\/es\/la-negociacion-de-la-venta\/\" \/>\n<meta property=\"og:site_name\" content=\"ONEtoONE Corporate Finance\" \/>\n<meta property=\"article:modified_time\" content=\"2026-03-04T14:24:56+00:00\" \/>\n<meta property=\"og:image\" content=\"https:\/\/www.onetoonecf.com\/wp-content\/uploads\/sites\/10\/2021\/06\/Mock-up-Negociacion-para-la-venta-1-1536x910.jpg\" \/>\n<meta name=\"twitter:card\" content=\"summary_large_image\" \/>\n<meta name=\"twitter:label1\" content=\"Tiempo de lectura\" \/>\n\t<meta name=\"twitter:data1\" content=\"2 minutos\" \/>\n<script type=\"application\/ld+json\" class=\"yoast-schema-graph\">{\"@context\":\"https:\\\/\\\/schema.org\",\"@graph\":[{\"@type\":\"WebPage\",\"@id\":\"https:\\\/\\\/www.onetoonecf.com\\\/es\\\/la-negociacion-de-la-venta\\\/\",\"url\":\"https:\\\/\\\/www.onetoonecf.com\\\/es\\\/la-negociacion-de-la-venta\\\/\",\"name\":\"La negociaci\u00f3n de la venta - ONEtoONE Corporate Finance\",\"isPartOf\":{\"@id\":\"https:\\\/\\\/www.onetoonecf.com\\\/es\\\/#website\"},\"primaryImageOfPage\":{\"@id\":\"https:\\\/\\\/www.onetoonecf.com\\\/es\\\/la-negociacion-de-la-venta\\\/#primaryimage\"},\"image\":{\"@id\":\"https:\\\/\\\/www.onetoonecf.com\\\/es\\\/la-negociacion-de-la-venta\\\/#primaryimage\"},\"thumbnailUrl\":\"https:\\\/\\\/www.onetoonecf.com\\\/wp-content\\\/uploads\\\/sites\\\/10\\\/2021\\\/06\\\/Mock-up-Negociacion-para-la-venta-1-1536x910.jpg\",\"datePublished\":\"2021-06-04T10:58:56+00:00\",\"dateModified\":\"2026-03-04T14:24:56+00:00\",\"description\":\"Si buscas maximizar el precio final de tu empresa debes conocer las siguientes claves que te ayudar\u00e1n en el proceso de negociaci\u00f3n.\",\"breadcrumb\":{\"@id\":\"https:\\\/\\\/www.onetoonecf.com\\\/es\\\/la-negociacion-de-la-venta\\\/#breadcrumb\"},\"inLanguage\":\"es\",\"potentialAction\":[{\"@type\":\"ReadAction\",\"target\":[\"https:\\\/\\\/www.onetoonecf.com\\\/es\\\/la-negociacion-de-la-venta\\\/\"]}]},{\"@type\":\"ImageObject\",\"inLanguage\":\"es\",\"@id\":\"https:\\\/\\\/www.onetoonecf.com\\\/es\\\/la-negociacion-de-la-venta\\\/#primaryimage\",\"url\":\"https:\\\/\\\/www.onetoonecf.com\\\/wp-content\\\/uploads\\\/sites\\\/10\\\/2021\\\/06\\\/Mock-up-Negociacion-para-la-venta-1-1536x910.jpg\",\"contentUrl\":\"https:\\\/\\\/www.onetoonecf.com\\\/wp-content\\\/uploads\\\/sites\\\/10\\\/2021\\\/06\\\/Mock-up-Negociacion-para-la-venta-1-1536x910.jpg\"},{\"@type\":\"BreadcrumbList\",\"@id\":\"https:\\\/\\\/www.onetoonecf.com\\\/es\\\/la-negociacion-de-la-venta\\\/#breadcrumb\",\"itemListElement\":[{\"@type\":\"ListItem\",\"position\":1,\"name\":\"Home\",\"item\":\"https:\\\/\\\/www.onetoonecf.com\\\/es\\\/new-home-2025\\\/\"},{\"@type\":\"ListItem\",\"position\":2,\"name\":\"La negociaci\u00f3n de la venta\"}]},{\"@type\":\"WebSite\",\"@id\":\"https:\\\/\\\/www.onetoonecf.com\\\/es\\\/#website\",\"url\":\"https:\\\/\\\/www.onetoonecf.com\\\/es\\\/\",\"name\":\"ONEtoONE Corporate Finance\",\"description\":\"\",\"potentialAction\":[{\"@type\":\"SearchAction\",\"target\":{\"@type\":\"EntryPoint\",\"urlTemplate\":\"https:\\\/\\\/www.onetoonecf.com\\\/es\\\/?s={search_term_string}\"},\"query-input\":{\"@type\":\"PropertyValueSpecification\",\"valueRequired\":true,\"valueName\":\"search_term_string\"}}],\"inLanguage\":\"es\"}]}<\/script>\n<!-- \/ Yoast SEO plugin. -->","yoast_head_json":{"title":"La negociaci\u00f3n de la venta - ONEtoONE Corporate Finance","description":"Si buscas maximizar el precio final de tu empresa debes conocer las siguientes claves que te ayudar\u00e1n en el proceso de negociaci\u00f3n.","robots":{"index":"index","follow":"follow","max-snippet":"max-snippet:-1","max-image-preview":"max-image-preview:large","max-video-preview":"max-video-preview:-1"},"canonical":"https:\/\/www.onetoonecf.com\/es\/la-negociacion-de-la-venta\/","og_locale":"es_ES","og_type":"article","og_title":"La negociaci\u00f3n de la venta - ONEtoONE Corporate Finance","og_description":"Si buscas maximizar el precio final de tu empresa debes conocer las siguientes claves que te ayudar\u00e1n en el proceso de negociaci\u00f3n.","og_url":"https:\/\/www.onetoonecf.com\/es\/la-negociacion-de-la-venta\/","og_site_name":"ONEtoONE Corporate Finance","article_modified_time":"2026-03-04T14:24:56+00:00","og_image":[{"url":"https:\/\/www.onetoonecf.com\/wp-content\/uploads\/sites\/10\/2021\/06\/Mock-up-Negociacion-para-la-venta-1-1536x910.jpg","type":"","width":"","height":""}],"twitter_card":"summary_large_image","twitter_misc":{"Tiempo de lectura":"2 minutos"},"schema":{"@context":"https:\/\/schema.org","@graph":[{"@type":"WebPage","@id":"https:\/\/www.onetoonecf.com\/es\/la-negociacion-de-la-venta\/","url":"https:\/\/www.onetoonecf.com\/es\/la-negociacion-de-la-venta\/","name":"La negociaci\u00f3n de la venta - ONEtoONE Corporate Finance","isPartOf":{"@id":"https:\/\/www.onetoonecf.com\/es\/#website"},"primaryImageOfPage":{"@id":"https:\/\/www.onetoonecf.com\/es\/la-negociacion-de-la-venta\/#primaryimage"},"image":{"@id":"https:\/\/www.onetoonecf.com\/es\/la-negociacion-de-la-venta\/#primaryimage"},"thumbnailUrl":"https:\/\/www.onetoonecf.com\/wp-content\/uploads\/sites\/10\/2021\/06\/Mock-up-Negociacion-para-la-venta-1-1536x910.jpg","datePublished":"2021-06-04T10:58:56+00:00","dateModified":"2026-03-04T14:24:56+00:00","description":"Si buscas maximizar el precio final de tu empresa debes conocer las siguientes claves que te ayudar\u00e1n en el proceso de negociaci\u00f3n.","breadcrumb":{"@id":"https:\/\/www.onetoonecf.com\/es\/la-negociacion-de-la-venta\/#breadcrumb"},"inLanguage":"es","potentialAction":[{"@type":"ReadAction","target":["https:\/\/www.onetoonecf.com\/es\/la-negociacion-de-la-venta\/"]}]},{"@type":"ImageObject","inLanguage":"es","@id":"https:\/\/www.onetoonecf.com\/es\/la-negociacion-de-la-venta\/#primaryimage","url":"https:\/\/www.onetoonecf.com\/wp-content\/uploads\/sites\/10\/2021\/06\/Mock-up-Negociacion-para-la-venta-1-1536x910.jpg","contentUrl":"https:\/\/www.onetoonecf.com\/wp-content\/uploads\/sites\/10\/2021\/06\/Mock-up-Negociacion-para-la-venta-1-1536x910.jpg"},{"@type":"BreadcrumbList","@id":"https:\/\/www.onetoonecf.com\/es\/la-negociacion-de-la-venta\/#breadcrumb","itemListElement":[{"@type":"ListItem","position":1,"name":"Home","item":"https:\/\/www.onetoonecf.com\/es\/new-home-2025\/"},{"@type":"ListItem","position":2,"name":"La negociaci\u00f3n de la venta"}]},{"@type":"WebSite","@id":"https:\/\/www.onetoonecf.com\/es\/#website","url":"https:\/\/www.onetoonecf.com\/es\/","name":"ONEtoONE Corporate Finance","description":"","potentialAction":[{"@type":"SearchAction","target":{"@type":"EntryPoint","urlTemplate":"https:\/\/www.onetoonecf.com\/es\/?s={search_term_string}"},"query-input":{"@type":"PropertyValueSpecification","valueRequired":true,"valueName":"search_term_string"}}],"inLanguage":"es"}]}},"_links":{"self":[{"href":"https:\/\/www.onetoonecf.com\/es\/wp-json\/wp\/v2\/pages\/79304","targetHints":{"allow":["GET"]}}],"collection":[{"href":"https:\/\/www.onetoonecf.com\/es\/wp-json\/wp\/v2\/pages"}],"about":[{"href":"https:\/\/www.onetoonecf.com\/es\/wp-json\/wp\/v2\/types\/page"}],"author":[{"embeddable":true,"href":"https:\/\/www.onetoonecf.com\/es\/wp-json\/wp\/v2\/users\/4"}],"replies":[{"embeddable":true,"href":"https:\/\/www.onetoonecf.com\/es\/wp-json\/wp\/v2\/comments?post=79304"}],"version-history":[{"count":30,"href":"https:\/\/www.onetoonecf.com\/es\/wp-json\/wp\/v2\/pages\/79304\/revisions"}],"predecessor-version":[{"id":134235,"href":"https:\/\/www.onetoonecf.com\/es\/wp-json\/wp\/v2\/pages\/79304\/revisions\/134235"}],"wp:attachment":[{"href":"https:\/\/www.onetoonecf.com\/es\/wp-json\/wp\/v2\/media?parent=79304"}],"curies":[{"name":"wp","href":"https:\/\/api.w.org\/{rel}","templated":true}]}}